{"id":996,"date":"2022-10-26T08:23:39","date_gmt":"2022-10-26T08:23:39","guid":{"rendered":"https:\/\/www.partnerland.sk\/?post_type=product&#038;p=996"},"modified":"2022-10-26T08:23:39","modified_gmt":"2022-10-26T08:23:39","slug":"reishi-coffee","status":"publish","type":"product","link":"https:\/\/www.partnerland.sk\/?product=reishi-coffee","title":{"rendered":"REISHI COFFEE"},"content":{"rendered":"<p>Tento produkt m\u00f4\u017ee okrem pr\u00edjemn\u00e9ho p\u00f4\u017eitku z\u00a0vo\u0148avej k\u00e1vy poskytn\u00fa\u0165 aj zdravotn\u00fd\u00a0<strong>BENEFIT<\/strong>. Za t\u00fdmto \u00fa\u010delom bol aj zostaven\u00fd. Ve\u013ea \u013eud\u00ed si nevie de\u0148 bez dobrej vo\u0148avej k\u00e1vy ani predstavi\u0165. Ve\u013ea \u013eud\u00ed ho pre zdravotn\u00e9 \u0165a\u017ekosti muselo aj vynecha\u0165.<\/p>\n<p>K\u00e1va s\u00a0<strong>REISHI<\/strong>\u00a0sa stala ve\u013emi popul\u00e1rnou, pre jej zdravotn\u00fd pr\u00ednos. Pridan\u00edm\u00a0<strong>REISHI<\/strong>\u00a0do k\u00e1vy vznikol produkt \u201e<strong>REISHI COFFEE<\/strong>\u201c , ktor\u00ed si m\u00f4\u017eu dopria\u0165 op\u00e4\u0165 aj \u013eudia, ktor\u00ed mali po vypit\u00ed k\u00e1vy r\u00f4zne nepr\u00edjemn\u00e9 pocity (napr. bolesti v\u00a0\u017eal\u00fadku, p\u00e1lenie z\u00e1hy ap..). Naviac pit\u00edm\u00a0<strong>REISHI COFFEE<\/strong>\u00a0dod\u00e1vate do tela aj mnoho zdraviu prospe\u0161n\u00fdch l\u00e1tok. Samotn\u00e1 k\u00e1va obsahuj\u00faca kofe\u00edn\u00a0 t\u00fdm, \u017ee prekrv\u00ed tr\u00e1viacu s\u00fastavu,\u00a0 napom\u00e1ha k\u00a0zv\u00fd\u0161eniu absorpcie\u00a0<strong>REISHI\u00a0<\/strong>do \u013eudsk\u00e9ho tela a\u00a0t\u00fdm aj zn\u00e1sobenie jej \u00fa\u010dinku.<\/p>\n<p>Pit\u00edm\u00a0<strong>REISHI COFFEE<\/strong>\u00a0k\u00e1vy sa m\u00f4\u017ee pom\u00f4c\u0165 pri predch\u00e1dzan\u00ed\u00a0 niektor\u00fdch ochoren\u00ed, ako je napr. r\u00f4zne \u00a0v\u00edrusov\u00e9 infekcie,\u00a0 Parkinsona, cukrovky, astmy, vysok\u00e9ho cholesterolu, r\u00f4zne p\u013e\u00facne ochorenia,\u00a0 vysok\u00e9ho krvn\u00e9ho tlaku, ochorenia obli\u010diek, rakoviny,\u00a0 ochorenia pe\u010dene atd.<\/p>\n<p>Pr\u00ednosy pre \u013eudsk\u00e9 zdravie:<\/p>\n<ul>\n<li>Posilnenie imunitn\u00e9ho syst\u00e9mu<\/li>\n<li>Napom\u00e1ha v\u00a0boji proti rakovine<\/li>\n<li>Zlep\u0161uje tr\u00e1venie<\/li>\n<li>Odkys\u013euje<\/li>\n<li>Pou\u017e\u00edva sa na syndr\u00f3m chronickej \u00fanavy (CFS)<\/li>\n<li>Napom\u00e1ha pri poruch\u00e1ch sp\u00e1nku a\u00a0nespavosti<\/li>\n<li>Napom\u00e1ha pri lie\u010dbe \u017eal\u00fado\u010dn\u00fdch vredov<\/li>\n<li>Napom\u00e1ha pri lie\u010dbe r\u00f4znych p\u013e\u00facnych ochoren\u00ed<\/li>\n<li>Napom\u00e1ha pri lie\u010dbe ochoren\u00ed obli\u010diek a\u00a0pe\u010dene.<\/li>\n<\/ul>\n<p>Zlo\u017eenie 1 porcie 3,1 g: instantn\u00e1 k\u00e1va 2 g, REISHI \u2013 extrakt\u00a0 (30%polysacharid, 4%Triterp\u00e9ny) \u2013 0,1 g,INUL\u00cdN (rozpustn\u00e1 vl\u00e1knina z\u00a0\u010dakanky-1 g<\/p>\n<p>V\u00fd\u017eivov\u00e9 hodnoty na 100g:<\/p>\n<ul>\n<li>Energetick\u00e1 hodnota 1206 KJ\/290kcal<\/li>\n<li>Sacharidy 40,58g z\u00a0toho cukry 6,36g<\/li>\n<li>Tuk 0,32g z\u00a0toho nas\u00fdten\u00e9 mastn\u00e9 kyseliny 0,14g<\/li>\n<li>So\u013e 0,007g<\/li>\n<li>Bielkoviny 14,49g<\/li>\n<li>Vl\u00e1knina 38,58g<\/li>\n<\/ul>\n","protected":false},"excerpt":{"rendered":"<p>Tento produkt m\u00f4\u017ee okrem pr\u00edjemn\u00e9ho p\u00f4\u017eitku z\u00a0vo\u0148avej k\u00e1vy poskytn\u00fa\u0165 aj zdravotn\u00fd\u00a0<strong>BENEFIT<\/strong>. Za t\u00fdmto \u00fa\u010delom bol aj zostaven\u00fd. Pit\u00edm\u00a0<strong>REISHI COFFEE<\/strong>\u00a0k\u00e1vy sa m\u00f4\u017ee pom\u00f4c\u0165 pri predch\u00e1dzan\u00ed\u00a0 niektor\u00fdch ochoren\u00ed.<\/p>\n","protected":false},"featured_media":997,"comment_status":"open","ping_status":"closed","template":"","meta":[],"product_cat":[29],"product_tag":[],"class_list":{"0":"post-996","1":"product","2":"type-product","3":"status-publish","4":"has-post-thumbnail","6":"product_cat-vysoky-krvny-tlak","8":"first","9":"instock","10":"taxable","11":"shipping-taxable","12":"purchasable","13":"product-type-simple"},"_links":{"self":[{"href":"https:\/\/www.partnerland.sk\/index.php?rest_route=\/wp\/v2\/product\/996","targetHints":{"allow":["GET"]}}],"collection":[{"href":"https:\/\/www.partnerland.sk\/index.php?rest_route=\/wp\/v2\/product"}],"about":[{"href":"https:\/\/www.partnerland.sk\/index.php?rest_route=\/wp\/v2\/types\/product"}],"replies":[{"embeddable":true,"href":"https:\/\/www.partnerland.sk\/index.php?rest_route=%2Fwp%2Fv2%2Fcomments&post=996"}],"wp:featuredmedia":[{"embeddable":true,"href":"https:\/\/www.partnerland.sk\/index.php?rest_route=\/wp\/v2\/media\/997"}],"wp:attachment":[{"href":"https:\/\/www.partnerland.sk\/index.php?rest_route=%2Fwp%2Fv2%2Fmedia&parent=996"}],"wp:term":[{"taxonomy":"product_cat","embeddable":true,"href":"https:\/\/www.partnerland.sk\/index.php?rest_route=%2Fwp%2Fv2%2Fproduct_cat&post=996"},{"taxonomy":"product_tag","embeddable":true,"href":"https:\/\/www.partnerland.sk\/index.php?rest_route=%2Fwp%2Fv2%2Fproduct_tag&post=996"}],"curies":[{"name":"wp","href":"https:\/\/api.w.org\/{rel}","templated":true}]}}