{"id":994,"date":"2022-10-26T08:18:20","date_gmt":"2022-10-26T08:18:20","guid":{"rendered":"https:\/\/www.partnerland.sk\/?post_type=product&#038;p=994"},"modified":"2022-11-24T09:32:57","modified_gmt":"2022-11-24T09:32:57","slug":"protein-classic-plus-bio-vanilkovy","status":"publish","type":"product","link":"https:\/\/www.partnerland.sk\/?product=protein-classic-plus-bio-vanilkovy","title":{"rendered":"Prote\u00edn Classic Plus Bio vanilkov\u00fd"},"content":{"rendered":"<p>Balenie: 750g<\/p>\n<p><strong>Prote\u00edn Plus<\/strong>\u00a0v bio kvalite je postaven\u00fd na origin\u00e1lnom ry\u017eovom prote\u00ednu Sunwarrior, a navy\u0161e obsahuje aminokyseliny z hr\u00e1\u0161ku, \u0161alvie semienok, quinoa a amarantu.\u00a0T\u00e1to kombin\u00e1cia potrav\u00edn si st\u00e1le zaklad\u00e1 na jemn\u00e9 povahe hnedej celozrnnej ry\u017ee, ale navy\u0161e s riadnu d\u00e1vkou sily, ktor\u00e1 urobila Warrior Blend tak popul\u00e1rne.\u00a0Hypoalerg\u00e9nne zlo\u017eenie bez lepku a s\u00f3je zaru\u010duje vysok\u00fa vstrebate\u013enos\u0165 tohto prote\u00ednu.<\/p>\n<p>Raw, rastlinn\u00fd a v\u00fdkonn\u00fd \u2013 Classic Plus v\u00e1m d\u00e1va t\u00fa tro\u0161ku navy\u0161e, ktor\u00fa chcete a potrebujete.\u00a0Zamilujete si jeho chu\u0165, ale to, ako sa po \u0148om budete c\u00edti\u0165, je naozaj d\u00f4vod, pre\u010do sme ho nazvali Plus.<\/p>\n<p><strong>Sunwarrior Classic Plus<\/strong>\u00a0je \u010disto pr\u00edrodn\u00fd pr\u00edpravok obsahuj\u00faci pln\u00e9 spektrum b\u00edkovin, vr\u00e1tane v\u0161etk\u00fdch esenci\u00e1lnych aminokysel\u00edn.<\/p>\n<p>Aminokyseliny s\u00fa mal\u00e9 stavebn\u00e9 kamene v\u0161etk\u00fdch bielkov\u00edn, preto s\u00fa pre \u013eudsk\u00e9 telo nevyhnutne d\u00f4le\u017eit\u00e9 z mnoh\u00fdch d\u00f4vodov:<\/p>\n<ul>\n<li>pre zdravie svalov a cel\u00e9ho pohybov\u00e9ho \u00fastrojenstva,<\/li>\n<li>pre siln\u00fd imunitn\u00fd syst\u00e9m,<\/li>\n<li>pre hormon\u00e1lnu rovnov\u00e1hu,<\/li>\n<li>pre kr\u00e1sne vlasy, poko\u017eku a nechty,<\/li>\n<li>pre funkciu v\u0161etk\u00fdch enz\u00fdmov ad.<\/li>\n<\/ul>\n<p>Prote\u00edny nie s\u00fa d\u00f4le\u017eit\u00e9 len\u00a0<strong>pre \u0161portovcov,<\/strong>\u00a0ktor\u00ed sa sna\u017eia nabra\u0165 svalov\u00fa hmotu.\u00a0Prote\u00ednov\u00fd pr\u00edpravok je neocenite\u013en\u00fdm pomocn\u00edkom tie\u017e:<\/p>\n<ul>\n<li><strong>pri chudnut\u00ed<\/strong>\u00a0\u2013 dostatok kvalitn\u00fdch bielkov\u00edn je z\u00e1kladn\u00fdm predpokladom pre zdrav\u00e9 chudnutie bez tzv. jo-jo efektu,<\/li>\n<li><strong>pre vegeterian a veg\u00e1nov<\/strong>\u00a0pre doplnenie kvalitn\u00fdch bielkov\u00edn,<\/li>\n<li><strong>v obdob\u00ed stresov\u00fdch situ\u00e1ci\u00ed,<\/strong>\u00a0\u010dasto tie\u017e po dlh\u0161ej n\u00e1ro\u010dnej chorobe alebo pri rekonvalescensci po \u00faraze alebo oper\u00e1cii,<\/li>\n<li>pre \u017eeny\u00a0<strong>pre zotavenie sa po n\u00e1ro\u010dnom obdob\u00ed<\/strong>\u00a0(vr\u00e1tane tehotenstva a doj\u010denia)<\/li>\n<li>pri stavoch\u00a0<strong>dlhodobej \u00fanavy,<\/strong>\u00a0rozladenosti,\u00a0<strong>\u010dast\u00fdch chu\u0165ou na sladk\u00e9<\/strong>\u00a0at\u010f.<\/li>\n<\/ul>\n<p>Najlep\u0161ie zo v\u0161etk\u00e9ho je, \u017ee chut\u00ed b\u00e1je\u010dne.<\/p>\n<p><strong>Raw ry\u017eov\u00fd prote\u00edn:<\/strong><\/p>\n<p>Hned\u00e1 ry\u017ea poskytuje mnoho bielkov\u00edn a vl\u00e1kniny, pritom je \u0161etrn\u00e1 k tr\u00e1viacemu syst\u00e9mu a l\u00e1skav\u00e1 k t\u00fdm, \u010do trpia alergiami.\u00a0T\u00e1to celozrnn\u00e1 potravina je \u0161etrne tepelne spracovan\u00e9, nakl\u00ed\u010den\u00e9 a pripraven\u00e1 dosta\u0165 va\u0161e tr\u00e9ningy na nov\u00fa \u00farove\u0148.\u00a0Obsahuje v\u0161etky aminokyseliny, ktor\u00e9 rast\u00face svaly potrebuj\u00fa.<\/p>\n<ul>\n<li>Kompletn\u00e9 a vyv\u00e1\u017een\u00fd prote\u00edn pre svaly, stavbu, opravy a \u00fadr\u017ebu<\/li>\n<li>Bohat\u00fd na lyz\u00edn, ktor\u00fd \u010dasto ch\u00fdba v bielkovin\u00e1ch rastlinn\u00e9ho p\u00f4vodu<\/li>\n<li>Potraviny bohat\u00e9 na bielkoviny vytv\u00e1ra termick\u00fd efekt, pri ktorom sa sp\u00e1li viac kal\u00f3ri\u00ed<\/li>\n<\/ul>\n<p><strong>Raw hr\u00e1\u0161kov\u00fd prote\u00edn:<\/strong><\/p>\n<p>N\u00edzkokalorick\u00e1, nutri\u010dne bohat\u00e1 vegetari\u00e1nska potravina s vysok\u00fdm obsahom vl\u00e1kniny.\u00a0Hr\u00e1\u0161ok je tie\u017e pozoruhodn\u00fdm zdrojom rastlinn\u00fdch bielkov\u00edn a aminokysel\u00edn.\u00a0Bielkoviny z hr\u00e1\u0161ku sp\u013a\u0148aj\u00fa v\u0161etky z\u00e1kladn\u00e9 po\u017eiadavky FAO aminokysel\u00edn.\u00a0Medzi aminokyseliny nach\u00e1dzaj\u00face sa v hr\u00e1\u0161ku patr\u00ed lyz\u00edn, argin\u00edn, glutam\u00edn, leuc\u00edn, izoleuc\u00edn a val\u00edn (aminokyselina s rozvetven\u00fdm re\u0165azcom \u2013 BCAA)<\/p>\n<ul>\n<li>Pom\u00e1ha udr\u017eiava\u0165 svalov\u00fa hmotu<\/li>\n<li>Porovnate\u013en\u00fd s vaje\u010dn\u00fdmi a mlie\u010dnymi prote\u00ednmi<\/li>\n<li>BCAA s\u00fa v hr\u00e1\u0161kovo prote\u00ednu vy\u0161\u0161ia, ako v ktoromko\u013evek inom rastlinnom prote\u00ednu<\/li>\n<li>Napom\u00e1ha pri obnove dus\u00edkovej bilancie po intenz\u00edvnom fyziologickom strese<\/li>\n<li>Po\u010das intenz\u00edvneho cvi\u010denia zvy\u0161uje svalov\u00fa hmotu a z\u00e1rove\u0148 zni\u017euje telesn\u00fd tuk<\/li>\n<li>U\u013eah\u010duje vstreb\u00e1vanie v\u00e1pnika (podpora zdrav\u00e9ho v\u00fdvoja kost\u00ed)<\/li>\n<li>N\u00edzky obsah prote\u00ednov s\u00edry (prote\u00edny s\u00edry ur\u00fdch\u013euj\u00fa proces starnutia)<\/li>\n<li>Ur\u00fdch\u013euje metabolizmus a navodzuje pocit s\u00fdtosti, ktor\u00fd dlho vydr\u017e\u00ed<\/li>\n<\/ul>\n<p><strong>Quinoa:<\/strong><\/p>\n<p>Bola vysoko cenen\u00e1 u\u017e v civiliz\u00e1cii Inkov, a to z dobr\u00e9ho d\u00f4vodu.\u00a0Quinoa je bohat\u00e1 na prote\u00edny, vl\u00e1kninu, v\u00e1pnik, vitam\u00edny skupiny B a mnoho \u010fal\u0161\u00edch \u017eiv\u00edn.\u00a0Tieto semen\u00e1, podobn\u00e1 obilie, pom\u00e1haj\u00fa vyv\u00e1\u017ei\u0165 profil aminokysel\u00edn bez ob\u00e1v z lepku.<\/p>\n<ul>\n<li>Obsahuje prospe\u0161n\u00e9 sapon\u00edny, ktor\u00e9 stimuluj\u00fa imunitn\u00fd funkcie a p\u00f4sobia ako antioxidanty<\/li>\n<li>Je bohat\u00e1 na hor\u010d\u00edk, mang\u00e1n, \u017eelezo, me\u010f a \u010fal\u0161ie stopov\u00e9 miner\u00e1ly<\/li>\n<li>Prebiotick\u00e1 potravina, ktor\u00e1 pom\u00e1ha udr\u017eiava\u0165 prospe\u0161n\u00fa mikrofl\u00f3ru<\/li>\n<\/ul>\n<p><strong>Chia:<\/strong><\/p>\n<p>Chia s\u00fa mal\u00e1, zato ve\u013emi v\u00fd\u017eivn\u00e1 a energiou nabit\u00e1 semienka, ktor\u00e1 pou\u017e\u00edvali Azt\u00e9kovia, aby u\u017eivili svoje \u013eud\u00ed, arm\u00e1dy, lovca a be\u017eca.\u00a0Znovu sme objavili ich silu a na\u0161\u0165astie nemus\u00edme vyn\u00e1js\u0165 stroj \u010dasu ani sa prediera\u0165 prastarou d\u017eung\u013eou, aby sme mohli vyu\u017ei\u0165 v\u0161etky v\u00fdhody, ktor\u00e9 n\u00e1m t\u00e1to mal\u00e1 semienka pon\u00fakaj\u00fa.<\/p>\n<ul>\n<li>Bohat\u00e9 na bielkoviny, vitam\u00edny, miner\u00e1ly a omega mastn\u00e9 kyseliny<\/li>\n<li>Obsahuj\u00fa rozpustn\u00fa i nerozpustn\u00fa vl\u00e1kninu \u2013 prebiotick\u00e9 \u00fa\u010dinky<\/li>\n<li>Absorbuj\u00fa vodu pre lep\u0161iu hydrat\u00e1ciu<\/li>\n<li>Bohat\u00e9 na antioxidanty<\/li>\n<\/ul>\n<p><strong>Amarant:<\/strong><\/p>\n<p>Amarant je \u010fal\u0161ie hlavn\u00e9 plodinou starovek\u00e9ho sveta.\u00a0Bol pou\u017e\u00edvan\u00fd Azt\u00e9kmi ako zrno, a dokonca aj pri n\u00e1bo\u017eensk\u00fdch obradoch.M\u00e1 podobn\u00fd nutri\u010dn\u00fd profil ako quinoa a rovnak\u00fd v\u00fdnos ako ry\u017ea.<\/p>\n<ul>\n<li>Bohat\u00fd na bielkoviny, fytosteroly a antioxidanty<\/li>\n<li>Obsahuje vysok\u00e9 mno\u017estvo lyz\u00ednu (aminokyselina \u010dasto ch\u00fdbaj\u00facu v rastlinnej strave)<\/li>\n<\/ul>\n<p><strong>Zlo\u017eenie:<\/strong>\u00a0patentovan\u00e1 prote\u00ednov\u00e1 zmes (BIO hr\u00e1\u0161ok, BIO hned\u00e1 ry\u017ea, BIO quinoa, BIO \u0161alvie semienka, BIO amarant), BIO vanilkov\u00e1 pr\u00edchu\u0165, morsk\u00e1 so\u013e, stabiliz\u00e1tor (BIO guarovej vl\u00e1kno), sladidlo (BIO steviol-glykozidy) 1%<\/p>\n<p>Ukladajte mimo dosahu det\u00ed.\u00a0Skladujte na chladnom, temnom a suchom mieste.\u00a0Neprekra\u010dujte denn\u00fa doporu\u010den\u00fa d\u00e1vku.\u00a0Nie je n\u00e1hradou pestrej stravy.\u00a0Nie je ur\u010den\u00e9 de\u0165om do 3 rokov, tehotn\u00fdm a doj\u010diacim \u017een\u00e1m.<\/p>\n","protected":false},"excerpt":{"rendered":"<p>Biekoviny s\u00fa pre telo d\u00f4le\u017eit\u00e9 pre zdravie svalov a cel\u00e9ho pohybov\u00e9ho \u00fastrojenstva, siln\u00fd imunitn\u00fd syst\u00e9m, hormon\u00e1lnu rovnov\u00e1hu, kr\u00e1sne vlasy, poko\u017eku, nechty,..<\/p>\n","protected":false},"featured_media":995,"comment_status":"open","ping_status":"closed","template":"","meta":[],"product_cat":[41],"product_tag":[],"class_list":{"0":"post-994","1":"product","2":"type-product","3":"status-publish","4":"has-post-thumbnail","6":"product_cat-svaly","8":"first","9":"instock","10":"taxable","11":"shipping-taxable","12":"purchasable","13":"product-type-simple"},"_links":{"self":[{"href":"https:\/\/www.partnerland.sk\/index.php?rest_route=\/wp\/v2\/product\/994","targetHints":{"allow":["GET"]}}],"collection":[{"href":"https:\/\/www.partnerland.sk\/index.php?rest_route=\/wp\/v2\/product"}],"about":[{"href":"https:\/\/www.partnerland.sk\/index.php?rest_route=\/wp\/v2\/types\/product"}],"replies":[{"embeddable":true,"href":"https:\/\/www.partnerland.sk\/index.php?rest_route=%2Fwp%2Fv2%2Fcomments&post=994"}],"wp:featuredmedia":[{"embeddable":true,"href":"https:\/\/www.partnerland.sk\/index.php?rest_route=\/wp\/v2\/media\/995"}],"wp:attachment":[{"href":"https:\/\/www.partnerland.sk\/index.php?rest_route=%2Fwp%2Fv2%2Fmedia&parent=994"}],"wp:term":[{"taxonomy":"product_cat","embeddable":true,"href":"https:\/\/www.partnerland.sk\/index.php?rest_route=%2Fwp%2Fv2%2Fproduct_cat&post=994"},{"taxonomy":"product_tag","embeddable":true,"href":"https:\/\/www.partnerland.sk\/index.php?rest_route=%2Fwp%2Fv2%2Fproduct_tag&post=994"}],"curies":[{"name":"wp","href":"https:\/\/api.w.org\/{rel}","templated":true}]}}