{"id":981,"date":"2022-10-21T13:01:55","date_gmt":"2022-10-21T13:01:55","guid":{"rendered":"https:\/\/www.partnerland.sk\/?post_type=product&#038;p=981"},"modified":"2022-10-21T13:01:55","modified_gmt":"2022-10-21T13:01:55","slug":"protein-blend-bio-vanilkovy","status":"publish","type":"product","link":"https:\/\/www.partnerland.sk\/?product=protein-blend-bio-vanilkovy","title":{"rendered":"Prote\u00edn Blend Bio vanilkov\u00fd"},"content":{"rendered":"<p>Balenie: 750g<\/p>\n<p><strong>Warrior Blend<\/strong>\u00a0je \u010disto pr\u00edrodn\u00fd pr\u00edpravok obsahuj\u00faci pln\u00e9 spektrum b\u00edkovin, vr\u00e1tane v\u0161etk\u00fdch esenci\u00e1lnych aminokysel\u00edn.<\/p>\n<p>Aminokyseliny s\u00fa mal\u00e9 stavebn\u00e9 kamene v\u0161etk\u00fdch bielkov\u00edn, preto s\u00fa pre \u013eudsk\u00e9 telo nevyhnutne d\u00f4le\u017eit\u00e9 z mnoh\u00fdch d\u00f4vodov:<\/p>\n<ul>\n<li>pre zdravie svalov a cel\u00e9ho pohybov\u00e9ho \u00fastrojenstva,<\/li>\n<li>pre siln\u00fd imunitn\u00fd syst\u00e9m,<\/li>\n<li>pre hormon\u00e1lnu rovnov\u00e1hu,<\/li>\n<li>pre kr\u00e1sne vlasy, poko\u017eku a nechty,<\/li>\n<li>pre funkciu v\u0161etk\u00fdch enz\u00fdmov ad.<\/li>\n<\/ul>\n<p>Prote\u00edny nie s\u00fa d\u00f4le\u017eit\u00e9 len\u00a0<strong>pre \u0161portovcov,<\/strong>\u00a0ktor\u00ed sa sna\u017eia nabra\u0165 svalov\u00fa hmotu.\u00a0Prote\u00ednov\u00fd pr\u00edpravok je neocenite\u013en\u00fdm pomocn\u00edkom tie\u017e:<\/p>\n<ul>\n<li><strong>pri chudnut\u00ed<\/strong>\u00a0\u2013 dostatok kvalitn\u00fdch bielkov\u00edn je z\u00e1kladn\u00fdm predpokladom pre zdrav\u00e9 chudnutie bez tzv. jo-jo efektu,<\/li>\n<li><strong>pre vegeterian a veg\u00e1nov<\/strong>\u00a0pre doplnenie kvalitn\u00fdch bielkov\u00edn,<\/li>\n<li><strong>v obdob\u00ed stresov\u00fdch situ\u00e1ci\u00ed,<\/strong>\u00a0\u010dasto tie\u017e po dlh\u0161ej n\u00e1ro\u010dnej chorobe alebo pri rekonvalescensci po \u00faraze alebo oper\u00e1cii,<\/li>\n<li>pre \u017eeny\u00a0<strong>pre zotavenie sa po n\u00e1ro\u010dnom obdob\u00ed<\/strong>\u00a0(vr\u00e1tane tehotenstva a doj\u010denia)<\/li>\n<li>pri stavoch\u00a0<strong>dlhodobej \u00fanavy,<\/strong>\u00a0rozladenosti,\u00a0<strong>\u010dast\u00fdch chu\u0165ou na sladk\u00e9<\/strong>\u00a0at\u010f.<\/li>\n<\/ul>\n<p>Najlep\u0161ie zo v\u0161etk\u00e9ho je, \u017ee chut\u00ed fenomen\u00e1lne.<\/p>\n<p><strong>Zlo\u017eenie:<\/strong>\u00a0prote\u00ednov\u00e1 zmes (bio hr\u00e1\u0161kov\u00fd prote\u00edn, bio konopn\u00fd prote\u00edn, bio kustovnica \u010d\u00ednska), vanilkov\u00e1 ar\u00f3ma bio, zahus\u0165ovadlo: (guarov\u00e1 guma bio), morsk\u00e1 so\u013e, pr\u00edrodn\u00e9 sladidlo (steviol-glykozid bio z rastliny st\u00e9vie), str\u00fahan\u00fd kokos bio.<\/p>\n<p><strong>Klasifik\u00e1cia:<\/strong>\u00a0bio, ekologick\u00fd, hypoalerg\u00e9nne, bez modifikovan\u00fdch pr\u00edsad<\/p>\n<p>U kl\u00e1dejte mimo dosahu det\u00ed. Skladujte na chladnom, temnom a suchom mieste. Neprekra\u010dujte denn\u00fa doporu\u010den\u00fa d\u00e1vku. Nie je n\u00e1hradou pestrej stravy. Nie je ur\u010den\u00e9 de\u0165om do 3 rokov, tehotn\u00fdm a doj\u010diacim \u017een\u00e1m.<\/p>\n","protected":false},"excerpt":{"rendered":"<p>Biekoviny s\u00fa pre telo d\u00f4le\u017eit\u00e9 pre zdravie svalov a cel\u00e9ho pohybov\u00e9ho \u00fastrojenstva, siln\u00fd imunitn\u00fd syst\u00e9m, hormon\u00e1lnu rovnov\u00e1hu, kr\u00e1sne vlasy, poko\u017eku, nechty,..<\/p>\n","protected":false},"featured_media":982,"comment_status":"open","ping_status":"closed","template":"","meta":[],"product_cat":[41],"product_tag":[],"class_list":{"0":"post-981","1":"product","2":"type-product","3":"status-publish","4":"has-post-thumbnail","6":"product_cat-svaly","8":"first","9":"instock","10":"taxable","11":"shipping-taxable","12":"purchasable","13":"product-type-simple"},"_links":{"self":[{"href":"https:\/\/www.partnerland.sk\/index.php?rest_route=\/wp\/v2\/product\/981","targetHints":{"allow":["GET"]}}],"collection":[{"href":"https:\/\/www.partnerland.sk\/index.php?rest_route=\/wp\/v2\/product"}],"about":[{"href":"https:\/\/www.partnerland.sk\/index.php?rest_route=\/wp\/v2\/types\/product"}],"replies":[{"embeddable":true,"href":"https:\/\/www.partnerland.sk\/index.php?rest_route=%2Fwp%2Fv2%2Fcomments&post=981"}],"wp:featuredmedia":[{"embeddable":true,"href":"https:\/\/www.partnerland.sk\/index.php?rest_route=\/wp\/v2\/media\/982"}],"wp:attachment":[{"href":"https:\/\/www.partnerland.sk\/index.php?rest_route=%2Fwp%2Fv2%2Fmedia&parent=981"}],"wp:term":[{"taxonomy":"product_cat","embeddable":true,"href":"https:\/\/www.partnerland.sk\/index.php?rest_route=%2Fwp%2Fv2%2Fproduct_cat&post=981"},{"taxonomy":"product_tag","embeddable":true,"href":"https:\/\/www.partnerland.sk\/index.php?rest_route=%2Fwp%2Fv2%2Fproduct_tag&post=981"}],"curies":[{"name":"wp","href":"https:\/\/api.w.org\/{rel}","templated":true}]}}