{"id":967,"date":"2022-10-21T12:45:36","date_gmt":"2022-10-21T12:45:36","guid":{"rendered":"https:\/\/www.partnerland.sk\/?post_type=product&#038;p=967"},"modified":"2022-11-24T10:13:10","modified_gmt":"2022-11-24T10:13:10","slug":"moringa","status":"publish","type":"product","link":"https:\/\/www.partnerland.sk\/?product=moringa","title":{"rendered":"Moringa"},"content":{"rendered":"<p>Balenie : 90 kaps\u00fal<\/p>\n<p>Moringa oleifera (Moringa olejod\u00e1rna)\u00a0sa naz\u00fdva aj strom \u017eivota. Toto pomenovanie m\u00e1 v\u010faka vysok\u00e9mu obsahu nutri\u010dn\u00fdch l\u00e1tok ktor\u00e9 obsahuje, ako s\u00fa\u00a0vitam\u00edny, miner\u00e1ly, antioxidanty, chlorofyl, kyselinu listov\u00fa \u010di aminokyseliny.\u00a0Moringa\u00a0je strom, ktor\u00fd p\u00f4vodne poch\u00e1dza z Himal\u00e1jskej oblasti. Je roz\u0161\u00edren\u00fd do Afriky, \u00c1zie a ju\u017enej Ameriky. Na africkom kontinente sa vyskytuje v r\u00f4znych lokalit\u00e1ch od rovn\u00edka na juh ako aj na sever a\u017e po p\u00e1smo Sahelu pod p\u00fa\u0161\u0165ou Sahara.<\/p>\n<p><strong>\u00a0<\/strong>Moringa obsahuje 46 pr\u00edrodn\u00fdch antioxidantov a viac ako 90 vitam\u00ednov a miner\u00e1lov. M\u00e1 17x viac v\u00e1pnika ako mlieko, 25x viac \u017eeleza ako \u0161pen\u00e1t, 15x viac drasl\u00edka ako ban\u00e1n, 10x viac omega 3, ako losos, 7x viac vitam\u00ednu C ako pomaran\u010d, 10x viac vitam\u00ednu A (beta-karot\u00e9n) ako mrkva, 10x viac bielkov\u00edn ako jogurt, 3x viac \u017eeleza ako mandle, 18 aminokysel\u00edn z toho 8 esenci\u00e1lnych. Obsahuje v\u0161etky vitam\u00edny a miner\u00e1ly, ktor\u00e9 s\u00fa pre \u013eudsk\u00e9 telo potrebn\u00e9.<\/p>\n<p>V\u010faka v\u0161etk\u00fdm vy\u0161\u0161ie uveden\u00fdm vlastnostiam je moringa olejod\u00e1rna ve\u013emi ob\u013e\u00faben\u00fd produkt z kateg\u00f3rie tzv. superpotrav\u00edn.<\/p>\n<p>Moringa m\u00e1 vysok\u00fa antioxida\u010dn\u00fa schopnos\u0165. Na\u0161li sa \u00a0d\u00f4kazy o\u00a0tom, \u017ee moringa obsahuje viac ako 40 prirodzen\u00fdch antioxidantov.\u00a0 Antioxidanty zohr\u00e1vaj\u00fa d\u00f4le\u017eit\u00fa \u00falohu pri inhib\u00edcii (utlmovan\u00ed) a\u00a0zachyt\u00e1van\u00ed vo\u013en\u00fdch radik\u00e1lov, \u010d\u00edm poskytuj\u00fa ochranu \u010dloveku pred infekciami a\u00a0degenerat\u00edvnymi ochoreniami.<\/p>\n<p>\u00da\u010dinok zachyt\u00e1vania vo\u013en\u00fdch radik\u00e1lov extraktu listov Moringa oleifera bol porovnate\u013en\u00fd s\u00a0\u00fa\u010dinkom referen\u010dn\u00fdch antioxidantov. \u00dadaje z\u00edskan\u00e9 v\u00a0predlo\u017eenej \u0161t\u00fadii nazna\u010duj\u00fa, \u017ee extrakty<strong>\u00a0Moringa oleifera maj\u00fa siln\u00fa antioxida\u010dn\u00fa aktivitu proti vo\u013en\u00fdm radik\u00e1lom, zabra\u0148uj\u00fa oxida\u010dn\u00e9mu po\u0161kodeniu hlavn\u00fdch biomolek\u00fal a\u00a0poskytuj\u00fa v\u00fdznamn\u00fa ochranu pred oxida\u010dn\u00fdm po\u0161koden\u00edm.\u00a0<\/strong>Pod\u013ea jedn\u00e9ho v\u00fdskumu realizovan\u00e9ho na\u00a0potkanoch m\u00e1 vplyv na\u00a0zv\u00fd\u0161enie hlad\u00edn glutati\u00f3nu (jeden z\u00a0najsilnej\u0161\u00edch antioxidanto). Mo\u017eno teda dospie\u0165 k\u00a0z\u00e1veru, \u017ee\u00a0<strong>Moringa m\u00e1 siln\u00e9 antioxida\u010dn\u00e9 vlastnosti, ktor\u00e9 m\u00f4\u017eu by\u0165 sprostredkovan\u00e9 priamym zachyt\u00e1van\u00edm vo\u013en\u00fdch radik\u00e1lov.<\/strong><\/p>\n<p><strong>\u00da\u010cINKY:<\/strong><\/p>\n<ol>\n<li>Zvy\u0161uje vitalitu<\/li>\n<li>Kontroluje hladinu cukru v krvi<\/li>\n<li>Zni\u017euje hladinu cholesterolu<\/li>\n<li>Upravuje krvn\u00fd tlak<\/li>\n<li>Detoxikuje<\/li>\n<li>Napom\u00e1ha lie\u010di\u0165 depresiu<\/li>\n<li>Pr\u00edrodn\u00e1 a organick\u00e1<\/li>\n<li>Dobr\u00e1 pre tehotn\u00e9 a doj\u010diace \u017eeny<\/li>\n<li>Napom\u00e1ha lie\u010di\u0165 men\u0161ie infekcie<\/li>\n<li>Posil\u0148uje imunitu<\/li>\n<li>Pre \u017eiariv\u00fa poko\u017eku a ple\u0165<\/li>\n<li>Spoma\u013euje proces starnutia<\/li>\n<li>Napom\u00e1ha lie\u010di\u0165 poranenia<\/li>\n<li>Stimuluje rast vlasov<\/li>\n<li>Poskytuje \u017eiviny vlasov\u00fdm folikulom<\/li>\n<\/ol>\n","protected":false},"excerpt":{"rendered":"<p>Na\u0161a Moringa obsahuje vysoko koncentrovan\u00fd extrakt 10 : 1 z listov moringy olejod\u00e1rnej. V\u010faka tomu s\u00fa biologicky akt\u00edvne l\u00e1tky nach\u00e1dzaj\u00face sa v doplnku v 10-kr\u00e1t vy\u0161\u0161ej koncentr\u00e1cii ne\u017e v samotn\u00fdch listoch moringy. Kapsule obsahuj\u00fa iba \u010dist\u00fd extrakt z moringy, neobsahuj\u00fa \u017eiadne spojiv\u00e1 ani pr\u00eddavn\u00e9 l\u00e1tky.<\/p>\n","protected":false},"featured_media":968,"comment_status":"open","ping_status":"closed","template":"","meta":[],"product_cat":[26,24,25],"product_tag":[],"class_list":{"0":"post-967","1":"product","2":"type-product","3":"status-publish","4":"has-post-thumbnail","6":"product_cat-chloesterol","7":"product_cat-unava","8":"product_cat-vycerpanie","10":"first","11":"instock","12":"taxable","13":"shipping-taxable","14":"purchasable","15":"product-type-simple"},"_links":{"self":[{"href":"https:\/\/www.partnerland.sk\/index.php?rest_route=\/wp\/v2\/product\/967","targetHints":{"allow":["GET"]}}],"collection":[{"href":"https:\/\/www.partnerland.sk\/index.php?rest_route=\/wp\/v2\/product"}],"about":[{"href":"https:\/\/www.partnerland.sk\/index.php?rest_route=\/wp\/v2\/types\/product"}],"replies":[{"embeddable":true,"href":"https:\/\/www.partnerland.sk\/index.php?rest_route=%2Fwp%2Fv2%2Fcomments&post=967"}],"wp:featuredmedia":[{"embeddable":true,"href":"https:\/\/www.partnerland.sk\/index.php?rest_route=\/wp\/v2\/media\/968"}],"wp:attachment":[{"href":"https:\/\/www.partnerland.sk\/index.php?rest_route=%2Fwp%2Fv2%2Fmedia&parent=967"}],"wp:term":[{"taxonomy":"product_cat","embeddable":true,"href":"https:\/\/www.partnerland.sk\/index.php?rest_route=%2Fwp%2Fv2%2Fproduct_cat&post=967"},{"taxonomy":"product_tag","embeddable":true,"href":"https:\/\/www.partnerland.sk\/index.php?rest_route=%2Fwp%2Fv2%2Fproduct_tag&post=967"}],"curies":[{"name":"wp","href":"https:\/\/api.w.org\/{rel}","templated":true}]}}