{"id":965,"date":"2022-10-21T12:44:03","date_gmt":"2022-10-21T12:44:03","guid":{"rendered":"https:\/\/www.partnerland.sk\/?post_type=product&#038;p=965"},"modified":"2022-10-21T12:44:03","modified_gmt":"2022-10-21T12:44:03","slug":"mlady-jacmen-zeleny-jacmen","status":"publish","type":"product","link":"https:\/\/www.partnerland.sk\/?product=mlady-jacmen-zeleny-jacmen","title":{"rendered":"Mlad\u00fd ja\u010dme\u0148 (zelen\u00fd ja\u010dme\u0148)"},"content":{"rendered":"<p>Balenie: 200g<\/p>\n<p>Nabite svoje telo energiou \u010derstv\u00fdch v\u00fdhonkov. T\u00e1to superv\u00fd\u017eivn\u00e1 rastlinka, zo\u017eat\u00fdch tesne pred rozpukom, v sebe nesie mno\u017estvo cenn\u00fdch vitam\u00ednov, antioxidantov, enz\u00fdmov a \u010fal\u0161\u00edch biologicky akt\u00edvnych l\u00e1tok. To najlep\u0161ie, \u010do mo\u017eno na\u010derpa\u0165 z \u00farodnej p\u00f4dy, slnie\u010dka, \u010distej vody a horsk\u00e9ho vzduchu.<\/p>\n<p>Vitalvibe mlad\u00fd ja\u010dme\u0148 je RAW usu\u0161en\u00e1 \u0161\u0165ava pln\u00e1 \u00fa\u010dinn\u00fdch l\u00e1tok. Pre telo je \u013eahko str\u00e1vite\u013en\u00fd a dobre vstrebate\u013en\u00fd. Nesie BIO certifik\u00e1t: ru\u010d\u00edme za jeho \u0161pi\u010dkov\u00fa kvalitu a absol\u00fatnu bezpe\u010dnos\u0165 \u2013 pravidelne ho testujeme na obsah rizikov\u00fdch l\u00e1tok.<\/p>\n<p>A kde spo\u010d\u00edva jeho sila? Tento zelen\u00fd elix\u00edr je v\u00fdborn\u00fd pre detoxik\u00e1ciu a celkov\u00e9 posilnenie organizmu. Dopln\u00ed \u017eiviny tam, kde ch\u00fdba v prirodzenej strave. Dok\u00e1\u017ee \u00fa\u010dinne \u010disti\u0165 a regenerova\u0165 na bunkovej \u00farovni. Zni\u017euje prekyslenie organizmu a chr\u00e1ni proti vo\u013en\u00fdm radik\u00e1lom, predstavuje tak \u00fa\u010dinn\u00fa prevenciu vo\u010di rade civiliza\u010dn\u00fdch chor\u00f4b. Je vzpruhou pre imunitn\u00fd syst\u00e9m a oporou proti pred\u010dasn\u00e9mu starnutiu.<\/p>\n<p>V \u010cOM JE MLAD\u00dd JA\u010cME\u0147 SKVEL\u00dd<br \/>\n\u00da\u010dinne detoxikuje tkaniva v\u010faka vysok\u00e9mu obsahu zelen\u00e9ho farbiva chlorofylu, ktor\u00fd na seba dok\u00e1\u017ee naviaza\u0165 molekuly in\u00fdch l\u00e1tok, napr\u00edklad \u0165a\u017ek\u00fdch kovov. T\u00fdm pom\u00e1ha telo \u201e\u010disti\u0165\u201c. Viac o v\u00fdhod\u00e1ch chlorofylu v zelen\u00fdch potravin\u00e1ch.<br \/>\nZni\u017euje prekyslenie organizmu (v\u010faka chlorofylu, vitam\u00ednu C, rastlinn\u00fdm enz\u00fdmom, vitam\u00ednom sk. B a antioxidantom). Toto vych\u00fdlenie vn\u00fatorn\u00e9ho prostredia z rovnov\u00e1\u017eneho stavu predstavuje z\u00e1sadn\u00fd rizikov\u00fd faktor pre vznik radu chronick\u00fdch ochoren\u00ed. Viac o prekyslenie organizmu.<br \/>\nPom\u00e1ha s vyladen\u00edm imunitn\u00e9ho syst\u00e9mu (v\u010faka vysok\u00e9mu obsahu vitam\u00ednu C). Dobre funguj\u00faca imunita dok\u00e1\u017ee odol\u00e1va\u0165 nebezpe\u010denstvom prich\u00e1dzaj\u00facim zvonka a zabra\u0148uje tie\u017e ne\u017eiaducim reakci\u00e1m aj patologtick\u00fdm procesom, ktor\u00fdmi ide telo samo proti sebe.<br \/>\nV\u010faka vysok\u00e9mu obsahu pr\u00edrodn\u00fdch antioxidantov (vitam\u00edny C + B6, akt\u00edvne enz\u00fdmy a chlorofyl) chr\u00e1ni telo proti oxida\u010dn\u00e9mu stresu, zabra\u0148uje pred\u010dasn\u00e9mu starnutiu organizmu a funguje ako ochranca pred mno\u017estvom civiliza\u010dn\u00fdch chor\u00f4b.<\/p>\n<p>Celkovo posil\u0148uje organizmus. Je bohat\u00fd na vitam\u00edny, miner\u00e1ly a \u010fal\u0161ie cenn\u00e9 mikro\u017eiviny. Dne\u0161n\u00fd sp\u00f4sob stravovania je ve\u013eakr\u00e1t chudobn\u00fd na \u010derstv\u00e9 ovocie a zeleninu a ch\u00fdba dostatok skuto\u010dne v\u00fd\u017eivn\u00fdch l\u00e1tok. Mlad\u00fd ja\u010dme\u0148 dop\u013a\u0148a to, \u010do by sme mali z\u00edska\u0165 z prirodzenej stravy, aby sme sa c\u00edtili celkovo fit.<\/p>\n<p>Spoma\u013euje starnutie ko\u017ee, zlep\u0161uje hojenie po\u0161koden\u00fdch tkan\u00edv a pri dlhodobom u\u017e\u00edvan\u00ed chr\u00e1ni telo pred UV \u017eiaren\u00edm (v\u010faka beta karot\u00e9nu v spolupr\u00e1ci s akt\u00edvnymi enz\u00fdmami).<\/p>\n<p>Prispieva k udr\u017eaniu psychickej vyrovnanosti (v\u010faka vitam\u00ednom skupiny B), napr\u00edklad v obdob\u00ed zv\u00fd\u0161en\u00e9ho pracovn\u00e9ho stresu, v \u0165a\u017ekom \u017eivotnom obdob\u00ed \u010di v \u010dase, kedy na n\u00e1s id\u00fa \u201e\u010dierne my\u0161lienky\u201c.<\/p>\n<p>Zlep\u0161uje kvalitu pleti (v\u010faka vitam\u00ednu C a vitam\u00ednom skupiny B).<\/p>\n<p>Chr\u00e1ni kardiovazkul\u00e1rn\u00ed syst\u00e9m (v\u010faka vitam\u00ednom B6 a C).<\/p>\n<p><strong>PR\u00cdBEH N\u00c1\u0160HO JA\u010cME\u0147A<\/strong><br \/>\nMlad\u00fd ja\u010dme\u0148, \u010di\u017ee Hordeum, poch\u00e1dza z nedotknutej pr\u00edrody v Utahu. Na\u0161i dod\u00e1vatelia ho tu pestuj\u00fa na ekologick\u00fdch farm\u00e1ch umiestnen\u00fdch v hornatej krajine, ktorej p\u00f4da kedysi b\u00fdvala morsk\u00fdm dnom. St\u00e1le je preto bohato nabit\u00e1 miner\u00e1lmi a stopov\u00fdmi prvkami, ktor\u00e9 si z nej rastliny do s\u00fdtosti ber\u00fa. Chladnej\u0161ie po\u010dasie im umo\u017e\u0148uje pomal\u0161\u00ed rast s vysok\u00fdm vstreb\u00e1van\u00edm a ukladan\u00edm \u017eiv\u00edn.<\/p>\n<p>V\u010faka starostliv\u00e9mu rozvrhu pr\u00e1c s\u00fa mlad\u00e9 v\u00fdhonky zberan\u00e9 presne v obdob\u00ed, ke\u010f obsahuj\u00fa maximum nutri\u010dn\u00fdch l\u00e1tok. Je to e\u0161te pred t\u00fdm, ne\u017e rozkvitn\u00fa. Akon\u00e1hle toti\u017e rastlina za\u010dne kvitn\u00fa\u0165, nutri\u010dn\u00e9 \u200b\u200bl\u00e1tky sa potom u\u017e za\u010dn\u00fa vyu\u017e\u00edva\u0165 pre tvorbu semien. \u010eal\u0161ou v\u00fdhodou \u00farody obilia v obdob\u00ed pred v\u00fdkvetom je absencia lepku, ktor\u00fd sa v rastlinke vytvor\u00ed nesk\u00f4r. \u0160\u0165ava z mlad\u00e9ho ja\u010dme\u0148a je tak 100% bezlepkov\u00e1.<\/p>\n<p>Zozbieran\u00e9 listy farm\u00e1ri oplachuj\u00fa a od\u0161\u0165avuj\u00fa. Nestr\u00e1vite\u013en\u00e1 vl\u00e1knina sa odde\u013euje pre\u010d. Vzniknut\u00e1 \u0161\u0165ava je potom schladenie a usu\u0161en\u00e1 vo v\u00e1kuu. V\u010faka tomu zost\u00e1va zachovan\u00fd obsah v\u0161etk\u00fdch enz\u00fdmov, vitam\u00ednov, miner\u00e1lov a \u010fal\u0161\u00edch pre organizmus prospe\u0161n\u00fdch l\u00e1tok. Po\u010das cel\u00e9ho procesu spracovania sa nepou\u017e\u00edvaj\u00fa \u017eiadne pomocn\u00e9 \u010dinidl\u00e1, adit\u00edva ani in\u00e9 chemick\u00e9 l\u00e1tky. Pr\u00e1\u0161ok je tak prirodzene zelen\u00fd a m\u00e1 rovnak\u00e9 vlastnosti ako \u010derstvo vylisovan\u00e1 \u0161\u0165ava.<\/p>\n<p>Blahod\u00e1rne L\u00c1TKY ukryt\u00e9 v ja\u010dmeni<br \/>\n1. Bohat\u00fd zdroj chlorofylu<\/p>\n<p>Ide o \u00fa\u010dinn\u00fa \u010distiace a detoxika\u010dn\u00e9 l\u00e1tku.<br \/>\nPom\u00e1ha odstr\u00e1ni\u0165 nepr\u00edjemn\u00e9 pachy.<br \/>\nPodporuje zdravie ko\u017ee a dobr\u00fd celkov\u00fd stav organizmu.<br \/>\nM\u00e1 priazniv\u00e9 \u00fa\u010dinky pri hojen\u00ed r\u00e1n.<br \/>\n2. Bohat\u00fd na vitam\u00edny<\/p>\n<p>Vitam\u00edn C m\u00e1 antioxida\u010dn\u00e9 \u00fa\u010dinky; zlep\u0161uje vstreb\u00e1vanie \u017eeleza, a t\u00fdm podporuje krvotvorbu; pom\u00e1ha k spr\u00e1vnej pr\u00e1ci nervov\u00e9ho syst\u00e9mu; napom\u00e1ha pri rekonvalescencii; podporuje imunitn\u00fd syst\u00e9m; je priazniv\u00fd pre zdrav\u00fa kond\u00edciu kost\u00ed, zubov, chrupaviek, \u010fasien a ko\u017ee; podporuje tvorbu kolag\u00e9nu a t\u00fdm prospieva zdraviu cievneho syst\u00e9mu.<br \/>\nSpektrum vitam\u00ednu B napom\u00e1ha k spr\u00e1vnej funkcii nervov\u00e9ho syst\u00e9mu; podporuje psychick\u00fa vyrovnanos\u0165 a pom\u00e1ha zvl\u00e1dnu\u0165 \u201ezl\u00fa n\u00e1ladu\u201c; vitam\u00edn B6 napom\u00e1ha zdrav\u00e9 regul\u00e1ciu hladiny homocyste\u00ednu, \u010d\u00edm chr\u00e1ni kardiovaskul\u00e1rny syst\u00e9m.<br \/>\n3. \u0160irok\u00e9 spektrum miner\u00e1lov<\/p>\n<p>4. Beta karot\u00e9n<\/p>\n<p>M\u00e1 antioxida\u010dn\u00e9 \u00fa\u010dinky, chr\u00e1ni telo pred vo\u013en\u00fdmi radik\u00e1lmi, ktor\u00e9 m\u00f4\u017eu po\u0161kodi\u0165 bunky.<br \/>\nPom\u00e1ha zachova\u0165 neporu\u0161enos\u0165 DNA, \u010d\u00edm zabra\u0148uje pred\u010dasn\u00e9mu starnutiu.<br \/>\nSpoma\u013euje starnutie ko\u017ee.<br \/>\nPrispieva k zachovaniu zdravej elasticity ko\u017ee a pigmentu pri opa\u013eovan\u00ed.<br \/>\nPom\u00e1ha telo chr\u00e1ni\u0165 pred radik\u00e1lmi z UV \u017eiarenia a pred sp\u00e1len\u00edm sa.<br \/>\n5. Esenci\u00e1lne aminokyseliny<\/p>\n<p>S\u00fa to z\u00e1kladn\u00e9 \u017eiviny, ktor\u00e9 si telo nedok\u00e1\u017ee vyrobi\u0165 samo.<br \/>\nHraj\u00fa d\u00f4le\u017eit\u00fa \u00falohu pri regener\u00e1cii organizmu.<br \/>\n6. Akt\u00edvne enz\u00fdmy<\/p>\n<p>Zabra\u0148uj\u00fa procesu starnutia.<br \/>\nOmladzuj\u00fa organizmus.<br \/>\nTelo si podobn\u00e9 enz\u00fdmy dok\u00e1\u017ee vytv\u00e1ra\u0165, ale s \u00fanavou organizmu a vekom sa t\u00e1to schopnos\u0165 oslabuje.<\/p>\n","protected":false},"excerpt":{"rendered":"<p>Odpove\u010f na zl\u00fa v\u00fd\u017eivu,pri artrit\u00edde,ko\u017en\u00fdch probl\u00e9moch,z\u00e1pche, zlom krvnom obehu,chorob\u00e1ch srdca,probl\u00e9moch s obli\u010dkami,..<\/p>\n","protected":false},"featured_media":966,"comment_status":"open","ping_status":"closed","template":"","meta":[],"product_cat":[39],"product_tag":[],"class_list":{"0":"post-965","1":"product","2":"type-product","3":"status-publish","4":"has-post-thumbnail","6":"product_cat-krvotvorba","8":"first","9":"instock","10":"taxable","11":"shipping-taxable","12":"purchasable","13":"product-type-simple"},"_links":{"self":[{"href":"https:\/\/www.partnerland.sk\/index.php?rest_route=\/wp\/v2\/product\/965","targetHints":{"allow":["GET"]}}],"collection":[{"href":"https:\/\/www.partnerland.sk\/index.php?rest_route=\/wp\/v2\/product"}],"about":[{"href":"https:\/\/www.partnerland.sk\/index.php?rest_route=\/wp\/v2\/types\/product"}],"replies":[{"embeddable":true,"href":"https:\/\/www.partnerland.sk\/index.php?rest_route=%2Fwp%2Fv2%2Fcomments&post=965"}],"wp:featuredmedia":[{"embeddable":true,"href":"https:\/\/www.partnerland.sk\/index.php?rest_route=\/wp\/v2\/media\/966"}],"wp:attachment":[{"href":"https:\/\/www.partnerland.sk\/index.php?rest_route=%2Fwp%2Fv2%2Fmedia&parent=965"}],"wp:term":[{"taxonomy":"product_cat","embeddable":true,"href":"https:\/\/www.partnerland.sk\/index.php?rest_route=%2Fwp%2Fv2%2Fproduct_cat&post=965"},{"taxonomy":"product_tag","embeddable":true,"href":"https:\/\/www.partnerland.sk\/index.php?rest_route=%2Fwp%2Fv2%2Fproduct_tag&post=965"}],"curies":[{"name":"wp","href":"https:\/\/api.w.org\/{rel}","templated":true}]}}