{"id":962,"date":"2022-10-21T12:38:39","date_gmt":"2022-10-21T12:38:39","guid":{"rendered":"https:\/\/www.partnerland.sk\/?post_type=product&#038;p=962"},"modified":"2022-10-21T12:38:39","modified_gmt":"2022-10-21T12:38:39","slug":"maitake-30-polysacharid","status":"publish","type":"product","link":"https:\/\/www.partnerland.sk\/?product=maitake-30-polysacharid","title":{"rendered":"Maitake (30% polysacharid)"},"content":{"rendered":"<p>Balenie: 90 kaps\u00fal \u2013\u00a0 extrakt<\/p>\n<p>Na\u0161e\u00a0<span class=\"gmail_default\">Maitake<\/span>\u00a0z h\u013eadiska podielu vz\u00e1cnych l\u00e1tok obsahuje 32% polysacharidov.<\/p>\n<p><strong>\u00da\u010dinky:<\/strong>\u00a0napom\u00e1ha pred\u00eds\u0165 chudokrvnosti, skorbutu a vitiligiu, taktie\u017e zabra\u0148uje k\u00f4rnateniu tepien, napom\u00e1ha chr\u00e1ni\u0165 pe\u010de\u0148, podporuje rast mozgu, anti-aging, napom\u00e1ha nastavi\u0165 imunitn\u00fd syst\u00e9m, napom\u00e1ha upravi\u0165 vysok\u00fd tlak.<\/p>\n<p>Na\u0161e MAITAKE z h\u013eadiska podielu vz\u00e1cnych l\u00e1tok obsahuje\u00a0<strong>32% polysacharidov.<\/strong><\/p>\n<p><strong>Maitake huba sa pou\u017e\u00edva na lie\u010dbu:<\/strong><\/p>\n<ul>\n<li>rakoviny\u00a0a z\u00e1rove\u0148 k zmierneniu ved\u013eaj\u0161\u00edch \u00fa\u010dinkov chemoterapie,<\/li>\n<li>pou\u017e\u00edva sa tie\u017e pre\u00a0lie\u010dbu HIV\u00a0\/ AIDS,<\/li>\n<li>chronick\u00fd \u00fanavov\u00fd\u00a0syndr\u00f3m (CFS),<\/li>\n<li>detoxik\u00e1cia organizmu,<\/li>\n<li>hepatit\u00edde,<\/li>\n<li>hemoroidy,<\/li>\n<li>osteopor\u00f3za,<\/li>\n<li>celulit\u00edda,<\/li>\n<li>prostata,<\/li>\n<li>choroby sleziny,<\/li>\n<li>sennej n\u00e1dche,<\/li>\n<li>cukrovka,<\/li>\n<li>vysok\u00fd krvn\u00fd tlak,<\/li>\n<li>vysok\u00e1 hladina cholesterolu\u00a0,\u00a0neplodnos\u0165\u00a0v d\u00f4sledku stavu ochorenia,<\/li>\n<li>vaje\u010dn\u00edka zvan\u00e9ho\u00a0syndr\u00f3m polycystick\u00fdch ov\u00e1ri\u00ed\u00a0 (PCOS).<\/li>\n<\/ul>\n<p><strong>Zlo\u017eenie:<\/strong>\u00a0 Grifola frondosa (Maitake) polysacharid v\u00a0pr\u00e1\u0161kovej forme.\u00a0 Je bohat\u00e1 na esenci\u00e1lne aminokyseliny s obsahom vitam\u00ednov a miner\u00e1lov. Na 100 g su\u0161iny Grifola frondosa (Maitake) obsahuje 22,75 g bielkov\u00edn, 23,58 g aminokysel\u00edn, vitam\u00edny C, E, B1, a B2.<\/p>\n<p><strong>Skladovanie:<\/strong>\u00a0V chlade, suchu a tme.<\/p>\n<p><strong>Upozornenie:<\/strong>\u00a0Ustanoven\u00e1 denn\u00e1 d\u00e1vka sa nesmie presiahnu\u0165 a\u00a0pr\u00edpravok sa nesmie pou\u017e\u00edva\u0165 ako n\u00e1hrada rozmanitej stravy. Nevhodn\u00e9 pre deti a\u00a0tehotn\u00e9 alebo doj\u010diace \u017eeny..<\/p>\n<p>Farba, chu\u0165 a koexistencia pr\u00e1\u0161ku sa m\u00f4\u017eu v ka\u017edej novej v\u00fdrobnej s\u00e9rii meni\u0165. T\u00e1to zmena nem\u00e1 vplyv na blahod\u00e1rne \u00fa\u010dinky na \u013eudsk\u00fd organizmus a v\u017edy je v pr\u00e1\u0161ku zachovan\u00fd rovnak\u00fd podiel vz\u00e1cnych l\u00e1tok.<\/p>\n<p>Pora\u010fte sa s lek\u00e1rom, ak:<\/p>\n<ul>\n<li>u\u017e\u00edvate\u00a0lieky na cukrovku:\u00a0Maitake m\u00f4\u017ee zv\u00fd\u0161i\u0165 ich \u00fa\u010dinky,<\/li>\n<li>u\u017e\u00edvate\u00a0warfar\u00edn:\u00a0Maitake m\u00f4\u017eu interagova\u0165 s warfar\u00ednom \u010do m\u00e1 za n\u00e1sledok zv\u00fd\u0161en\u00e9 medzin\u00e1rodn\u00e9ho normalizovan\u00e9ho pomeru (INR).<\/li>\n<\/ul>\n<p><strong>Neobsahuje chemick\u00e9 farbiv\u00e1 ani konzerva\u010dn\u00e9 l\u00e1tky.<\/strong><\/p>\n<p><strong>Schv\u00e1len\u00e9 rozhodnut\u00edm \u00daradu verejn\u00e9ho zdravotn\u00edctva SR<\/strong><\/p>\n<p>Maitake pom\u00e1ha bojova\u0165 proti rakovine.<\/p>\n","protected":false},"excerpt":{"rendered":"<p>Napom\u00e1ha pred\u00eds\u0165 chudokrvnosti, skorbutu a vitiligiu, taktie\u017e zabra\u0148uje k\u00f4rnateniu tepien, napom\u00e1ha chr\u00e1ni\u0165 pe\u010de\u0148, podporuje rast mozgu, anti-aging, napom\u00e1ha nastavi\u0165 imunitn\u00fd syst\u00e9m, napom\u00e1ha upravi\u0165 vysok\u00fd tlak.<\/p>\n","protected":false},"featured_media":963,"comment_status":"open","ping_status":"closed","template":"","meta":[],"product_cat":[30],"product_tag":[],"class_list":{"0":"post-962","1":"product","2":"type-product","3":"status-publish","4":"has-post-thumbnail","6":"product_cat-oblicky","8":"first","9":"instock","10":"taxable","11":"shipping-taxable","12":"purchasable","13":"product-type-simple"},"_links":{"self":[{"href":"https:\/\/www.partnerland.sk\/index.php?rest_route=\/wp\/v2\/product\/962","targetHints":{"allow":["GET"]}}],"collection":[{"href":"https:\/\/www.partnerland.sk\/index.php?rest_route=\/wp\/v2\/product"}],"about":[{"href":"https:\/\/www.partnerland.sk\/index.php?rest_route=\/wp\/v2\/types\/product"}],"replies":[{"embeddable":true,"href":"https:\/\/www.partnerland.sk\/index.php?rest_route=%2Fwp%2Fv2%2Fcomments&post=962"}],"wp:featuredmedia":[{"embeddable":true,"href":"https:\/\/www.partnerland.sk\/index.php?rest_route=\/wp\/v2\/media\/963"}],"wp:attachment":[{"href":"https:\/\/www.partnerland.sk\/index.php?rest_route=%2Fwp%2Fv2%2Fmedia&parent=962"}],"wp:term":[{"taxonomy":"product_cat","embeddable":true,"href":"https:\/\/www.partnerland.sk\/index.php?rest_route=%2Fwp%2Fv2%2Fproduct_cat&post=962"},{"taxonomy":"product_tag","embeddable":true,"href":"https:\/\/www.partnerland.sk\/index.php?rest_route=%2Fwp%2Fv2%2Fproduct_tag&post=962"}],"curies":[{"name":"wp","href":"https:\/\/api.w.org\/{rel}","templated":true}]}}