{"id":960,"date":"2022-10-21T12:36:34","date_gmt":"2022-10-21T12:36:34","guid":{"rendered":"https:\/\/www.partnerland.sk\/?post_type=product&#038;p=960"},"modified":"2022-10-21T12:36:34","modified_gmt":"2022-10-21T12:36:34","slug":"magnesium-bisglycinate","status":"publish","type":"product","link":"https:\/\/www.partnerland.sk\/?product=magnesium-bisglycinate","title":{"rendered":"MAGNESIUM BISGLYCINATE"},"content":{"rendered":"<p>Magnesium Bisglycinate je \u00fa\u010dinn\u00fd doplnok hor\u010d\u00edka. Na trhu je ve\u013ea\u00a0 typov hor\u010d\u00edka, ktor\u00e9\u00a0 pou\u017e\u00edva jednoduch\u00e9 formy hor\u010d\u00edka s n\u00edzkou\u00a0 absorpciou, s\u00fa \u0165a\u017ek\u00e9\u00a0 na za\u017e\u00edvac\u00ed syst\u00e9m a sp\u00f4sobuj\u00fa hna\u010dku.<\/p>\n<p>Na\u0161a spolo\u010dnos\u0165 pon\u00faka 100% \u010dist\u00fa formu magn\u00e9zia \u2013 bisglycin\u00e1t hore\u010dnat\u00fd.Magnesium Bisglycinate\u00a0 je zn\u00e1my t\u00fdm, \u017ee je najviac vstrebate\u013enou formou hor\u010d\u00edka a je naj\u013eah\u0161\u00ed na \u017eal\u00fadok.<\/p>\n<p>Na\u0161e Magn\u00e9zium \u00a0obsahuje\u00a0<strong>na 1000 mg ve\u013emi dobre vstrebate\u013en\u00e9ho magn\u00e9zia s vysok\u00fdm pomerom element\u00e1rneho hor\u010d\u00edka a\u017e 20%.\u00a0<\/strong><strong>\u00a0Neobsahuje \u017eiadne pr\u00eddavn\u00e9 l\u00e1tky (\u00e9\u010dka)<\/strong>, len\u00a0<strong>\u010dist\u00fd chel\u00e1t v rastlinnej kapsule.<\/strong><\/p>\n<ul>\n<li>Hor\u010d\u00edk prispieva k zn\u00ed\u017eeniu miery \u00fanavy a vy\u010derpania<\/li>\n<li>Hor\u010d\u00edk prispieva k\u00a0norm\u00e1lnemu energetick\u00e9mu metabolizmu<\/li>\n<li>Hor\u010d\u00edk prispieva k\u00a0norm\u00e1lnej \u010dinnosti svalov<\/li>\n<li>Hor\u010d\u00edk prispieva k\u00a0norm\u00e1lnej psychickej \u010dinnosti<\/li>\n<li>Hor\u010d\u00edk prispieva k\u00a0zachovaniu zdrav\u00fdch zubov<\/li>\n<li>Hor\u010d\u00edk prispieva k\u00a0elektrolytickej rovnov\u00e1he<\/li>\n<li>Hor\u010d\u00edk prispieva k\u00a0norm\u00e1lnej \u010dinnosti nervovej s\u00fastavy<\/li>\n<li>Hor\u010d\u00edk prispieva k\u00a0norm\u00e1lnej synt\u00e9ze bielkov\u00edn<\/li>\n<li>Hor\u010d\u00edk prispieva k\u00a0zachovaniu zdrav\u00fdch kost\u00ed<\/li>\n<li>Hor\u010d\u00edk sa podie\u013ea na procese delenia buniek<\/li>\n<\/ul>\n<p><strong>V\u0161eobecne\u00a0 pravidlo odpor\u00fa\u010danej dennej d\u00e1vky pre mu\u017ea 400 mg a pre \u017eenu 310 mg. U \u017eien je v obdob\u00ed tehotenstva potreba hor\u010d\u00edka zv\u00fd\u0161en\u00e1.\u00a0<\/strong><\/p>\n","protected":false},"excerpt":{"rendered":"<p>Na\u0161a spolo\u010dnos\u0165 pon\u00faka 100% \u010dist\u00fa formu magn\u00e9zia \u2013 bisglycin\u00e1t hore\u010dnat\u00fd. Magnesium Bisglycinate\u00a0 je zn\u00e1my t\u00fdm, \u017ee je najviac vstrebate\u013enou formou hor\u010d\u00edka a je naj\u013eah\u0161\u00ed na \u017eal\u00fadok.<\/p>\n<p>Obsahuje 20% element\u00e1rneho hor\u010d\u00edka.<\/p>\n<p>90 kaps\u00fal<\/p>\n","protected":false},"featured_media":961,"comment_status":"open","ping_status":"closed","template":"","meta":[],"product_cat":[38],"product_tag":[],"class_list":{"0":"post-960","1":"product","2":"type-product","3":"status-publish","4":"has-post-thumbnail","6":"product_cat-spanok","8":"first","9":"instock","10":"taxable","11":"shipping-taxable","12":"purchasable","13":"product-type-simple"},"_links":{"self":[{"href":"https:\/\/www.partnerland.sk\/index.php?rest_route=\/wp\/v2\/product\/960","targetHints":{"allow":["GET"]}}],"collection":[{"href":"https:\/\/www.partnerland.sk\/index.php?rest_route=\/wp\/v2\/product"}],"about":[{"href":"https:\/\/www.partnerland.sk\/index.php?rest_route=\/wp\/v2\/types\/product"}],"replies":[{"embeddable":true,"href":"https:\/\/www.partnerland.sk\/index.php?rest_route=%2Fwp%2Fv2%2Fcomments&post=960"}],"wp:featuredmedia":[{"embeddable":true,"href":"https:\/\/www.partnerland.sk\/index.php?rest_route=\/wp\/v2\/media\/961"}],"wp:attachment":[{"href":"https:\/\/www.partnerland.sk\/index.php?rest_route=%2Fwp%2Fv2%2Fmedia&parent=960"}],"wp:term":[{"taxonomy":"product_cat","embeddable":true,"href":"https:\/\/www.partnerland.sk\/index.php?rest_route=%2Fwp%2Fv2%2Fproduct_cat&post=960"},{"taxonomy":"product_tag","embeddable":true,"href":"https:\/\/www.partnerland.sk\/index.php?rest_route=%2Fwp%2Fv2%2Fproduct_tag&post=960"}],"curies":[{"name":"wp","href":"https:\/\/api.w.org\/{rel}","templated":true}]}}