{"id":958,"date":"2022-10-21T12:34:35","date_gmt":"2022-10-21T12:34:35","guid":{"rendered":"https:\/\/www.partnerland.sk\/?post_type=product&#038;p=958"},"modified":"2022-10-21T12:34:35","modified_gmt":"2022-10-21T12:34:35","slug":"maca","status":"publish","type":"product","link":"https:\/\/www.partnerland.sk\/?product=maca","title":{"rendered":"Maca"},"content":{"rendered":"<p>Balenie : 90 kaps\u00fal<\/p>\n<p>V\u00fd\u017eivov\u00fd doplnok\u00a0MACA\u00a0obsahuje \u0161irok\u00e9 spektrum pr\u00edrodn\u00fdch zlo\u017eiek, ktor\u00e9 priaznivo ovplyv\u0148uj\u00fa odolnos\u0165, harm\u00f3niu a vitalitu organizmu. Je prospe\u0161n\u00fd najm\u00e4 v\u00a0obdobiach pova\u017eovan\u00fdch za nepriazniv\u00e9, vy\u010derp\u00e1vaj\u00face a vy\u017eaduj\u00face podporu imunitn\u00e9ho syst\u00e9mu.<\/p>\n<p>Maca je pr\u00edrodn\u00fd bylinn\u00fd produkt z vysokohorskej h\u013euzovitej rastliny, ktor\u00e1 sa nach\u00e1dza na jedinom mieste na svete, v peru\u00e1nskych And\u00e1ch. T\u00e1to nen\u00e1padn\u00e1 rastlina v sebe ukr\u00fdva jedine\u010dn\u00e9 \u00fa\u010dinky, ktor\u00e9 s\u00fa zn\u00e1me u\u017e 2000 rokov miestnym kme\u0148om. U\u017e prap\u00f4vodn\u00fd obyvatelia si rastlinu ob\u013e\u00fabili pre jej afrodiziak\u00e1lne \u00fa\u010dinky. V tablet\u00e1ch n\u00e1jdete \u010dist\u00fd pr\u00edrodn\u00fd pr\u00e1\u0161ok \u2013 extrakt 10:1 z rastliny Maca, ktor\u00e1 navy\u0161e obsahuje \u017eelezo, v\u00e1pnik, hor\u010d\u00edk, vitam\u00edn C, zinok alebo fosfor.<\/p>\n<p><strong>Maca peru\u00e1nska \u00fa\u010dinky:<\/strong><\/p>\n<ul>\n<li>pri mu\u017eskej impotencii a \u017eenskej frigidite,<\/li>\n<li>dlhodobo v\u00fdrazne podporuje erekciu a stimuluje sexu\u00e1lne funkcie,<\/li>\n<li>zvy\u0161uje libido,<\/li>\n<li>pri neplodnosti (zvy\u0161uje po\u010det a pohyblivos\u0165 spermi\u00ed),<\/li>\n<li>kladne p\u00f4sob\u00ed na prostatu,<\/li>\n<li>p\u00f4sob\u00ed proti du\u0161evnej vy\u010derpanosti, stresu, posil\u0148uje psychick\u00fa odolnos\u0165,<\/li>\n<li>posil\u0148uje a omladzuje organizmus, zmier\u0148uje pr\u00edznaky starnutia,<\/li>\n<li>podporuje rast svalovej hmoty,<\/li>\n<li>pr\u00edrodn\u00e1 alternat\u00edva steroidn\u00fdm anabolikum pre \u0161portovcov (bodybuilders) pre bohat\u00fd obsah sterolov (sitosterol, kampesterol, ergosterol, brassikasterol, ergostadienol),<\/li>\n<li>zr\u00fdch\u013euje regener\u00e1ciu svalov,<\/li>\n<li>zlep\u0161uje funkciu imunitn\u00e9ho syst\u00e9mu a\u017e o 15%,<\/li>\n<li>pou\u017e\u00edva sa tie\u017e ako imunostimulant, pri an\u00e9mii, tuberkul\u00f3ze, men\u0161trua\u010dn\u00fdch nepravidelnostiach, sympt\u00f3moch menopauzy, rakovine \u017eal\u00fadka, neplodnosti,<\/li>\n<li>zni\u017euje pocit \u00fazkosti a stres,<\/li>\n<li>pom\u00e1ha pri neur\u00f3zach a schizofr\u00e9nii,<\/li>\n<li>podporuje myslenie, pam\u00e4\u0165 a koncentr\u00e1ciu (zvy\u0161uje po\u010det neurotransmiterov) vhodn\u00e9 pre ADHD,<\/li>\n<li>pom\u00e1ha pri chronickom \u00fanavovom syndr\u00f3me,<\/li>\n<li>\u00fa\u010dinkuje ako afrodiziakum (p-methoxybenzyl-izotiokyan\u00e1t a izotiokyan\u00e1t),<\/li>\n<li>zabra\u0148uje pred\u010dasn\u00e9mu starnutiu a fyzickej slabosti,<\/li>\n<li>podporuje spa\u013eovanie tukov,<\/li>\n<li>zvy\u0161uje silu a vytrvalos\u0165.<\/li>\n<\/ul>\n","protected":false},"excerpt":{"rendered":"<p>Na\u0161a MACA je extrakt 10:1. koncentr\u00e1cia\u00a0<strong>0,8% glukosinol\u00e1tov<\/strong>. Napom\u00e1ha k vyrovn\u00e1vaniu hormon\u00e1lnej hladiny, pozit\u00edvne p\u00f4sob\u00ed na plodnos\u0165 \u017eeny a mu\u017ea. Navy\u0161e dod\u00e1 telu potrebn\u00e9 vitam\u00edny, miner\u00e1ly a posil\u0148uje celkov\u00fa imunitu a zdravotn\u00fd stav organizmu. Podporuje rast svalovej hmoty a n\u00e1rast fyzickej i psychickej v\u00fdkonnosti.<\/p>\n","protected":false},"featured_media":959,"comment_status":"open","ping_status":"closed","template":"","meta":[],"product_cat":[37],"product_tag":[],"class_list":{"0":"post-958","1":"product","2":"type-product","3":"status-publish","4":"has-post-thumbnail","6":"product_cat-energia","8":"first","9":"instock","10":"taxable","11":"shipping-taxable","12":"purchasable","13":"product-type-simple"},"_links":{"self":[{"href":"https:\/\/www.partnerland.sk\/index.php?rest_route=\/wp\/v2\/product\/958","targetHints":{"allow":["GET"]}}],"collection":[{"href":"https:\/\/www.partnerland.sk\/index.php?rest_route=\/wp\/v2\/product"}],"about":[{"href":"https:\/\/www.partnerland.sk\/index.php?rest_route=\/wp\/v2\/types\/product"}],"replies":[{"embeddable":true,"href":"https:\/\/www.partnerland.sk\/index.php?rest_route=%2Fwp%2Fv2%2Fcomments&post=958"}],"wp:featuredmedia":[{"embeddable":true,"href":"https:\/\/www.partnerland.sk\/index.php?rest_route=\/wp\/v2\/media\/959"}],"wp:attachment":[{"href":"https:\/\/www.partnerland.sk\/index.php?rest_route=%2Fwp%2Fv2%2Fmedia&parent=958"}],"wp:term":[{"taxonomy":"product_cat","embeddable":true,"href":"https:\/\/www.partnerland.sk\/index.php?rest_route=%2Fwp%2Fv2%2Fproduct_cat&post=958"},{"taxonomy":"product_tag","embeddable":true,"href":"https:\/\/www.partnerland.sk\/index.php?rest_route=%2Fwp%2Fv2%2Fproduct_tag&post=958"}],"curies":[{"name":"wp","href":"https:\/\/api.w.org\/{rel}","templated":true}]}}