{"id":956,"date":"2022-10-21T12:32:47","date_gmt":"2022-10-21T12:32:47","guid":{"rendered":"https:\/\/www.partnerland.sk\/?post_type=product&#038;p=956"},"modified":"2022-10-21T12:32:47","modified_gmt":"2022-10-21T12:32:47","slug":"liver-rescue","status":"publish","type":"product","link":"https:\/\/www.partnerland.sk\/?product=liver-rescue","title":{"rendered":"Liver Rescue"},"content":{"rendered":"<p>Balenie: 120 kaps\u00fal<\/p>\n<p>K dobr\u00e9mu zdraviu je nevyhnutn\u00e9 udr\u017eiava\u0165 pe\u010de\u0148 zdrav\u00e1.\u00a0V\u00e4\u010d\u0161ina \u013eud\u00ed je v\u0161ak v dne\u0161nej dobe pre\u0165a\u017euje tox\u00edny.\u00a0Jednou zo z\u00e1kladn\u00fdch funkci\u00ed pe\u010dene je vy\u010disti\u0165 krv od toxick\u00fdch l\u00e1tok.\u00a0Pe\u010de\u0148 sa viac nam\u00e1haj\u00fa s prib\u00fadaj\u00facim vekom a pri nedostato\u010dnej konzum\u00e1cii neupraven\u00e9 \u010derstvej zeleniny a ovocia.\u00a0Tie\u017e lieky m\u00f4\u017eu sp\u00f4sobova\u0165 po\u0161kodenie pe\u010dene.\u00a0Neust\u00e1le pre\u0165a\u017eovanie a po\u0161kodzovanie pe\u010dene m\u00f4\u017ee vies\u0165 a\u017e k ich zlyhaniu.<\/p>\n<p><strong>Liver Rescue \u2122<\/strong>\u00a0\u2013 doplnok stravy \u2013 je bylinn\u00e1 zmes pre regener\u00e1ciu pe\u010dene a podporu tr\u00e1venia.\u00a0Z\u00e1kladom je v\u00fd\u0165a\u017eok pestreca mari\u00e1nskeho, ktor\u00fd prispieva k detoxik\u00e1cii a ochrane pe\u010de\u0148ov\u00fdch buniek pred negat\u00edvnymi vplyvmi \u017eivotn\u00e9ho prostredia.\u00a0Okrem vlastnej antioxida\u010dn\u00e9 schopnosti (ORAC 4 100 TE \/ g) tie\u017e stimuluje prirodzen\u00fa tvorbu antioxida\u010dn\u00fdch enz\u00fdmov v j\u00e1trech.Vyv\u00e1\u017een\u00e9 zlo\u017een\u00ed tradi\u010dn\u00fdch byl\u00edn podporuje tvorbu \u017el\u010de a proces tr\u00e1venia.<\/p>\n<p><strong>Blahodarn\u00e9 \u00fa\u010dinky hlavn\u00fdch byl\u00edn<\/strong><\/p>\n<p><strong>Pestrec mari\u00e1nsky\u00a0(Silybum Marianum)<\/strong><\/p>\n<ul>\n<li>podporuje zdravie pe\u010dene aj ich obranyschopnos\u0165<\/li>\n<li>napom\u00e1ha detoxika\u010dn\u00e9mu potenci\u00e1lu pe\u010dene<\/li>\n<li>zachov\u00e1va funkciu \u010d\u00edm podporuje tr\u00e1venie a celkov\u00e9 \u010distenie tela<\/li>\n<li>chr\u00e1ni pe\u010de\u0148ov\u00e9 bunky pred vplyvom \u017eivotn\u00e9ho prostredia<\/li>\n<li>podporuje fungovanie tr\u00e1viacej s\u00fastavy, najm\u00e4 \u017el\u010dn\u00edka<\/li>\n<li>m\u00e1 antioxida\u010dn\u00e9 \u00fa\u010dinky<\/li>\n<li>posil\u0148uje organizmus proti alergi\u00e1m<\/li>\n<li>obsahuje taraxacin, triesloviny a inul\u00edn<\/li>\n<\/ul>\n<p><strong>P\u00fapava lek\u00e1rska\u00a0(Taraxacum Officinale)<\/strong><\/p>\n<ul>\n<li>podporuje zdravie tr\u00e1viaceho a vylu\u010dovacieho traktu<\/li>\n<li>prispieva k zdraviu pe\u010dene<\/li>\n<li>stimuluje tvorbu tr\u00e1viacich \u0161tiav a pohybu v tr\u00e1viacom trakte<\/li>\n<li>pom\u00e1ha pri tr\u00e1ven\u00ed tukov<\/li>\n<li>blahodarn\u00fd \u00fa\u010dinok na psychick\u00e9 zdravie<\/li>\n<li>pom\u00e1ha zv\u00fd\u0161i\u0165 objem zdrav\u00e9 prsn\u00e9ho tkaniva<\/li>\n<li>podporuje metabolizmus<\/li>\n<\/ul>\n<p>Ukladajte mimo dosahu det\u00ed.\u00a0Skladujte na chladnom, temnom a suchom mieste.\u00a0Neprekra\u010dujte denn\u00fa doporu\u010den\u00fa d\u00e1vku.\u00a0Nie je n\u00e1hradou pestrej stravy.\u00a0Nie je ur\u010den\u00e9 de\u0165om do 3 rokov, tehotn\u00fdm a doj\u010diacim \u017een\u00e1m.<\/p>\n","protected":false},"excerpt":{"rendered":"<p>Bylinn\u00e1 zmes pre regener\u00e1ciu pe\u010dene a podporu tr\u00e1venia. Z\u00e1kladom je v\u00fd\u0165a\u017eok pestreca mari\u00e1nskeho, ktor\u00fd prispieva k detoxik\u00e1cii a ochrane pe\u010de\u0148ov\u00fdch buniek pred negat\u00edvnymi vplyvmi \u017eivotn\u00e9ho prostredia.<\/p>\n","protected":false},"featured_media":957,"comment_status":"open","ping_status":"closed","template":"","meta":[],"product_cat":[35],"product_tag":[],"class_list":{"0":"post-956","1":"product","2":"type-product","3":"status-publish","4":"has-post-thumbnail","6":"product_cat-pecen","8":"first","9":"instock","10":"taxable","11":"shipping-taxable","12":"purchasable","13":"product-type-simple"},"_links":{"self":[{"href":"https:\/\/www.partnerland.sk\/index.php?rest_route=\/wp\/v2\/product\/956","targetHints":{"allow":["GET"]}}],"collection":[{"href":"https:\/\/www.partnerland.sk\/index.php?rest_route=\/wp\/v2\/product"}],"about":[{"href":"https:\/\/www.partnerland.sk\/index.php?rest_route=\/wp\/v2\/types\/product"}],"replies":[{"embeddable":true,"href":"https:\/\/www.partnerland.sk\/index.php?rest_route=%2Fwp%2Fv2%2Fcomments&post=956"}],"wp:featuredmedia":[{"embeddable":true,"href":"https:\/\/www.partnerland.sk\/index.php?rest_route=\/wp\/v2\/media\/957"}],"wp:attachment":[{"href":"https:\/\/www.partnerland.sk\/index.php?rest_route=%2Fwp%2Fv2%2Fmedia&parent=956"}],"wp:term":[{"taxonomy":"product_cat","embeddable":true,"href":"https:\/\/www.partnerland.sk\/index.php?rest_route=%2Fwp%2Fv2%2Fproduct_cat&post=956"},{"taxonomy":"product_tag","embeddable":true,"href":"https:\/\/www.partnerland.sk\/index.php?rest_route=%2Fwp%2Fv2%2Fproduct_tag&post=956"}],"curies":[{"name":"wp","href":"https:\/\/api.w.org\/{rel}","templated":true}]}}