{"id":954,"date":"2022-10-21T12:30:45","date_gmt":"2022-10-21T12:30:45","guid":{"rendered":"https:\/\/www.partnerland.sk\/?post_type=product&#038;p=954"},"modified":"2022-10-21T12:30:45","modified_gmt":"2022-10-21T12:30:45","slug":"liquid-light","status":"publish","type":"product","link":"https:\/\/www.partnerland.sk\/?product=liquid-light","title":{"rendered":"Liquid Light"},"content":{"rendered":"<h2>Popis<\/h2>\n<p>Balenie: 946,4 ml<\/p>\n<p><strong>Liquid Light<\/strong>\u00a0(tekut\u00e9 svetlo) je unik\u00e1tny doplnok stravy vyr\u00e1ban\u00fd za studena extrakciou zo skamenen\u00e9 starod\u00e1vneho skamenen\u00e9ho rastlinn\u00e9ho materi\u00e1lu.<\/p>\n<p><strong>N\u00e1jdeme v \u0148om<\/strong><\/p>\n<ul>\n<li><strong>kyselinu fulvinovou<\/strong>\u00a0\u2013 to je komplex organick\u00fdch l\u00e1tok vznikaj\u00facich prirodzen\u00fdmi cestami pri rozklade organickej hmoty,<\/li>\n<li><strong>miner\u00e1ly a stopov\u00e9 prvky<\/strong>\u00a0\u2013 tie s\u00fa tu naviazan\u00e9 v prirodzen\u00fdch komplexoch, teda vlastne v rovnakej forme, v akej miner\u00e1ly z\u00edskavaj\u00fa z p\u00f4dy i rastliny.<\/li>\n<\/ul>\n<p><strong>V \u010dom je Liquid Light prospe\u0161n\u00fd pre \u013eudsk\u00e9 telo<\/strong><\/p>\n<ul>\n<li>je\u00a0<strong>prirodzen\u00fdm zdrojom miner\u00e1lov a stopov\u00fdch l\u00e1tok,<\/strong><\/li>\n<li>je to vlastne pr\u00edrodn\u00e9 miner\u00e1lne, elektrolytick\u00fd roztok,<\/li>\n<li>popri be\u017en\u00fdch miner\u00e1lnych l\u00e1tok obsahuje\u00a0<strong>nezvy\u010dajne \u0161irok\u00e9 spektrum stopov\u00fdch prvkov,<\/strong>\u00a0ktor\u00e9 s\u00fa pre \u013eudsk\u00e9 telo ve\u013emi d\u00f4le\u017eit\u00e9, hoci ich potrebujeme len v minim\u00e1lnych mno\u017estv\u00e1ch,<\/li>\n<li>zmes pr\u00edrodn\u00fdch organick\u00fdch l\u00e1tok, naz\u00fdvan\u00fdch s\u00fahrnne ako kyselina fulvinov\u00e1 (tie\u017e kyselina fulvov\u00e1), prin\u00e1\u0161a \u013eudsk\u00e9mu telu\u00a0<strong>ve\u013ek\u00e9 mno\u017estvo \u00fa\u010dinkov.<\/strong><\/li>\n<\/ul>\n<p><strong>Pre koho je pr\u00edpravok vhodn\u00fd a ako ho pou\u017e\u00edva\u0165?<\/strong><\/p>\n<ul>\n<li><strong>Pre ka\u017ed\u00e9ho,<\/strong>\u00a0kto chce do tela doplni\u0165 miner\u00e1lne a stopov\u00e9 prvky<\/li>\n<li><strong>Pre \u0161portovcov<\/strong>\u00a0\u2013 Liquid Light je vlastne \u010dist\u00fd pr\u00edrodn\u00fd iontov\u00fd n\u00e1poj<\/li>\n<\/ul>\n<p>Jeho pr\u00edrodn\u00fd charakter ho odli\u0161uje od be\u017ene dostupn\u00fdch \u201esyntetick\u00fdch\u201c iontov\u00fdch n\u00e1pojov hne\u010f v nieko\u013ek\u00fdch aspektoch:<\/p>\n<ul>\n<li>Be\u017ene dostupn\u00e9 iontov\u00e9 n\u00e1poje s\u00fa ur\u010den\u00e9 pre r\u00fdchle doplnenie \u201evypocen\u00fdch\u201c i\u00f3nov, preto \u010dasto obsahuj\u00fa len nieko\u013eko z\u00e1kladn\u00fdch miner\u00e1lov, ako sod\u00edk, drasl\u00edk, v\u00e1pnik, hor\u010d\u00edk a fosfor.<\/li>\n<li>Oproti nim Liquid Light obsahuje\u00a0<strong>cel\u00e9 spektrum miner\u00e1lov a stopov\u00fdch prvkov,<\/strong>\u00a0ktor\u00e9 s\u00edce \u013eudsk\u00e9 telo pri \u0161porte tak r\u00fdchlo nevypot\u00ed a potrebuje niektor\u00e9 z nich len v minim\u00e1lnych d\u00e1vkach, ale pre jeho fungovanie s\u00fa rovnako d\u00f4le\u017eit\u00e9 ako napr\u00edklad zn\u00e1mej\u0161\u00ed v\u00e1pnik alebo hor\u010d\u00edk.<\/li>\n<li>Be\u017en\u00e9 iontov\u00e9 n\u00e1poje obsahuj\u00fa vy\u0161\u0161ie koncentr\u00e1cie len t\u00fdchto r\u00fdchlo vypocen\u00fdch miner\u00e1lov.<\/li>\n<li>Liquid Light je organickou zmesou, v ktorej je \u0165a\u017ek\u00e9 stanovi\u0165 presn\u00e9 mno\u017estvo jednotliv\u00fdch miner\u00e1lov.<\/li>\n<li>Liquid Light tak m\u00f4\u017eete u\u017e\u00edva\u0165\u00a0<strong>bez oh\u013eadu na \u0161portovej aktivite,<\/strong>\u00a0treba ka\u017ed\u00e9 r\u00e1no.<\/li>\n<li>Liquid Light m\u00f4\u017eete tie\u017e jednoducho zmie\u0161a\u0165 s \u010fal\u0161\u00edm koncentrovanej\u0161\u00edch roztokom miner\u00e1lov, ktor\u00e9 telo pri \u0161porte r\u00fdchlo vypot\u00ed, a vznikne tak n\u00e1poj s cel\u00fdm spektrom miner\u00e1lov a stopov\u00fdch prvkov, teda\u00a0<strong>iontov\u00fd n\u00e1poj v pravom slova zmysle<\/strong>\u00a0\u2013\u00a0<strong>n\u00e1poj bez pridan\u00fdch r\u00fdchlych zdrojov energie alebo ur\u00fdch\u013eova\u010dov metabolizmu.<\/strong><\/li>\n<\/ul>\n<p><strong>V \u0161pecifick\u00fdch pr\u00edpadoch<\/strong>\u00a0sa Liquid Light odpor\u00fa\u010da na u\u017e\u00edvanie sk\u00f4r pre jeho obsah kyseliny fulvinov\u00e9.\u00a0T\u00e1to zmes organick\u00fdch l\u00e1tok toti\u017e v \u013eudskom tele p\u00f4sob\u00ed na mnoh\u00fdch \u00farovniach.\u00a0Prebehla u\u017e rad vedeck\u00fdch \u0161t\u00fadi\u00ed, ktor\u00e9 maj\u00fa za cie\u013e jej \u00fa\u010dinky bli\u017e\u0161ie pochopi\u0165 a pop\u00edsa\u0165.\u00a0Tak\u00fdch \u00fadajov m\u00e1me ale zatia\u013e k dispoz\u00edcii ve\u013emi m\u00e1lo.<\/p>\n<p><strong>Pou\u017eitie:<\/strong>\u00a0mo\u017eno zmie\u0161a\u0165 s vodou, d\u017e\u00fasom alebo koktejlom<\/p>\n<p><strong>Zlo\u017eenie:<\/strong>\u00a0voda, komplex stopov\u00fdch mno\u017estvo miner\u00e1lov a l\u00e1tok: Antim\u00f3n, B\u00e1rium, Ber\u00fdlium, Bizmut, Bor, Brom, C\u00e9zium, Chl\u00f3r, Chr\u00f3m, Drasl\u00edk, Dyspr\u00f3zium, Erbium, Eur\u00f3pium, Fosfor, Gadol\u00ednium, Galium, Germ\u00e1nium, Hafnium, Hlin\u00edk, Holmium , Hor\u010d\u00edk, Indium, Iridium, Kadmium, Kobalt, Krem\u00edk, Lithium, Lut\u00e9cium, Mang\u00e1n, Me\u010f, Molybd\u00e9n, Neodymium, Nikel, Ni\u00f3b, Osmium, Pal\u00e1dium, Platina, Prazeod\u00fdm, R\u00e9nium, r\u00f3dium, Rub\u00eddium, Rut\u00e9nium, Sam\u00e1rium, Skandium, Sel\u00e9n , S\u00edra, Striebro, Sod\u00edk, Stontium, Tantal, Tel\u00far, Terbium, T\u00e1lium, T\u00f3rium, T\u00falium, Tin, Titan, Tungsten, V\u00e1pnik, Yterbium, Ytrium, Zinok, Zirk\u00f3n, Zlato, \u017delezo.<\/p>\n<p>\u010eal\u0161ie ingrediencie: \u010dist\u00e1 voda<\/p>\n<p><strong>Obsah:<\/strong>\u00a032 d\u00e1vok<\/p>\n<p>Ukladajte mimo dosahu det\u00ed.\u00a0Skladujte na chladnom, temnom a suchom mieste.\u00a0Neprekra\u010dujte denn\u00fa doporu\u010den\u00fa d\u00e1vku.\u00a0Nie je n\u00e1hradou pestrej stravy.\u00a0Nie je ur\u010den\u00e9 de\u0165om do 3 rokov, tehotn\u00fdm a doj\u010diacim \u017een\u00e1m.<\/p>\n","protected":false},"excerpt":{"rendered":"<p>Liquid Light (tekut\u00e9 svetlo) je unik\u00e1tny doplnok stravy vyr\u00e1ban\u00fd za studena extrakciou zo skamenen\u00e9 starod\u00e1vneho skamenen\u00e9ho rastlinn\u00e9ho materi\u00e1lu.<\/p>\n","protected":false},"featured_media":955,"comment_status":"open","ping_status":"closed","template":"","meta":[],"product_cat":[34],"product_tag":[],"class_list":{"0":"post-954","1":"product","2":"type-product","3":"status-publish","4":"has-post-thumbnail","6":"product_cat-vitaminy","8":"first","9":"instock","10":"taxable","11":"shipping-taxable","12":"purchasable","13":"product-type-simple"},"_links":{"self":[{"href":"https:\/\/www.partnerland.sk\/index.php?rest_route=\/wp\/v2\/product\/954","targetHints":{"allow":["GET"]}}],"collection":[{"href":"https:\/\/www.partnerland.sk\/index.php?rest_route=\/wp\/v2\/product"}],"about":[{"href":"https:\/\/www.partnerland.sk\/index.php?rest_route=\/wp\/v2\/types\/product"}],"replies":[{"embeddable":true,"href":"https:\/\/www.partnerland.sk\/index.php?rest_route=%2Fwp%2Fv2%2Fcomments&post=954"}],"wp:featuredmedia":[{"embeddable":true,"href":"https:\/\/www.partnerland.sk\/index.php?rest_route=\/wp\/v2\/media\/955"}],"wp:attachment":[{"href":"https:\/\/www.partnerland.sk\/index.php?rest_route=%2Fwp%2Fv2%2Fmedia&parent=954"}],"wp:term":[{"taxonomy":"product_cat","embeddable":true,"href":"https:\/\/www.partnerland.sk\/index.php?rest_route=%2Fwp%2Fv2%2Fproduct_cat&post=954"},{"taxonomy":"product_tag","embeddable":true,"href":"https:\/\/www.partnerland.sk\/index.php?rest_route=%2Fwp%2Fv2%2Fproduct_tag&post=954"}],"curies":[{"name":"wp","href":"https:\/\/api.w.org\/{rel}","templated":true}]}}