{"id":947,"date":"2022-10-21T10:49:04","date_gmt":"2022-10-21T10:49:04","guid":{"rendered":"https:\/\/www.partnerland.sk\/?post_type=product&#038;p=947"},"modified":"2022-10-21T10:49:55","modified_gmt":"2022-10-21T10:49:55","slug":"kurkumin-s-piperinom","status":"publish","type":"product","link":"https:\/\/www.partnerland.sk\/?product=kurkumin-s-piperinom","title":{"rendered":"Kurkum\u00edn s Piper\u00ednom"},"content":{"rendered":"<p>Balenie: 60 kaps\u00fal \/ \u00e1 500mg<\/p>\n<p><strong>Kurkum\u00edn s Piper\u00ednom m\u00f4\u017ee pom\u00f4c\u0165 poskytn\u00fa\u0165 siln\u00fa podporu pri:<\/strong><\/p>\n<ul>\n<li>bolesti a z\u00e1pale,<\/li>\n<li>posilnen\u00ed Imunitn\u00e9ho syst\u00e9mu,<\/li>\n<li>podpore \u010dinnosti srdca,<\/li>\n<li>prevencii pred vznikom Alzheimerovej choroby,<\/li>\n<li>m\u00e1 siln\u00e9 proti rakovinov\u00e9 \u00fa\u010dinky,<\/li>\n<li>priaznivo p\u00f4sob\u00ed na choroby a poruchy pe\u010dene,<\/li>\n<li>\u010dinnosti \u017el\u010dn\u00edka,<\/li>\n<li>za\u017e\u00edvac\u00edch probl\u00e9moch,<\/li>\n<li>o\u010dn\u00fdch probl\u00e9moch, ako je napr\u00edklad \u0161ed\u00fd z\u00e1kal.<\/li>\n<\/ul>\n<p><strong>Kurkum\u00edn (v\u00fd\u0165a\u017eok z kurkumy)<br \/>\n<\/strong>Kurkuma je starobyl\u00e9 korenie a tradi\u010dn\u00fd liek. U\u017e dlh\u00fa dobu je s\u00fa\u010das\u0165ou ka\u017edodennej stravy Indov a nie je divu, \u017ee pre\u010do?<strong><br \/>\n<\/strong><\/p>\n<p>Lie\u010div\u00e1 sila Kurkumy bola objaven\u00e1 zhruba pred 5000 rokmi v indickej ajurv\u00e9dskej medic\u00edne. Dnes \u017eijeme vo svete, ktor\u00fd je ovl\u00e1dan\u00fd pomocou vedy a pokroku a \u201eliek\u201c starovekej kult\u00fary \u201eKurkum\u00edn\u201c, je st\u00e1le viac ako pozoruhodn\u00fd. Kurkum\u00edn je nieko\u013ekon\u00e1sobne \u00fa\u010dinnej\u0161\u00ed ako samotn\u00e1 Kurkuma a omnoho lep\u0161ie sa vstreb\u00e1va do krvi. Piper\u00edn sl\u00fa\u017ei na zn\u00e1sobenie \u00fa\u010dinku Kurkum\u00ednu, ako reaktor.<\/p>\n<p>Rakovina, mal\u00e1ria, artrit\u00edda, Alzheimerova choroba a HIV s\u00fa len niektor\u00e9 z rast\u00faceho zoznamu chor\u00f4b, ktor\u00e9 Kurkum\u00edn napom\u00e1ha lie\u010di\u0165. Kurkum\u00edn m\u00e1 protin\u00e1dorov\u00e9, antioxida\u010dn\u00e9, anti-artritick\u00e9 a protiz\u00e1palov\u00e9 vlastnosti. Je ve\u013emi dobr\u00fd pre kvalitn\u00fa ple\u0165, zabra\u0148uje \u017eal\u00fado\u010dn\u00fdm ochoreniam, chr\u00e1ni pe\u010de\u0148, potl\u00e1\u010da bolesti a ur\u00fdch\u013euje hojenie r\u00e1n.<\/p>\n<p><strong>Kurkum\u00edn u\u013eavuje od bolesti<br \/>\n<\/strong>U\u017e nieko\u013eko storo\u010d\u00ed sa Kurkuma pou\u017e\u00edvala ako prostriedok na t\u00ed\u0161enie bolesti, m\u00e1 protiz\u00e1palov\u00fd \u00fa\u010dinok a jej \u00fa\u010dinky s\u00fa porovnate\u013en\u00e9 s najnov\u0161ou farmakoterapiou dnes. Jednou \u0161t\u00fadiou, ktor\u00e1 porovn\u00e1vala Kurkum\u00edn s nesteroidn\u00fdmi protiz\u00e1palov\u00fdmi l\u00e1tkami u pacientov s reumatoidnou artrit\u00eddou bolo zisten\u00e9, \u017ee do\u0161lo k zlep\u0161eniu zdravotn\u00e9ho stavu pacientov u\u017e po dvoch t\u00fd\u017ed\u0148och u\u017e\u00edvania Kurkum\u00ednu. V\u00fdsledky boli porovnate\u013en\u00e9 s t\u00fdmi, ktor\u00fd boli lie\u010den\u00fd viac ako dvoch t\u00fd\u017ed\u0148och pomocou fenylbutaz\u00f3nu.<\/p>\n<p>\u010eal\u0161ie \u0161t\u00fadie \u2013 mu\u017eov, ktor\u00ed podst\u00fapili chirurgick\u00fd z\u00e1krok na trieslov\u00fa prietr\u017e alebo hydrok\u00e9lu, pouk\u00e1zali na to, \u017ee u\u017e\u00edvanie Kurkum\u00ednu bolo \u00fa\u010dinnej\u0161ie na zn\u00ed\u017een\u00edie poopera\u010dn\u00e9ho opuchu, citlivosti na boles\u0165 a v\u00fdsledky boli skuto\u010dne porovnate\u013en\u00e9 s fenylbutaz\u00f3novou terapiu. Po \u00farazoch a traum\u00e1ch, v ktor\u00fdch bolo straten\u00e9 ve\u013ek\u00e9 mno\u017estvo krvi, Kurkum\u00edn napomohol privies\u0165 niektor\u00e9 s\u00e9rov\u00e9 \u200b\u200bhladiny niektor\u00fdch z\u00e1palov\u00fdch prote\u00ednov do norm\u00e1lu.<\/p>\n<p><strong>Kurkum\u00edn posil\u0148uje v\u00e1\u0161 imunitn\u00fd syst\u00e9m<br \/>\n<\/strong>Kurkum\u00edn je stimul\u00e1tor imunitn\u00e9ho syst\u00e9mu, ktor\u00fd m\u00f4\u017ee, okrem in\u00e9ho, \u200b\u200bzv\u00fd\u0161i\u0165 l\u00e1tkov\u00fa v\u00fdmenu. P\u00f4sob\u00ed protiz\u00e1palovo. \u0160t\u00fadie poukazuj\u00fa na to, \u017ee Kurkum\u00edn je v\u00fdrazne n\u00e1pomocn\u00fd pri lie\u010dbe HIV, AIDS\u2026).<\/p>\n<p><strong>Kurkum\u00edn dohliada na spr\u00e1vu \u010dinnos\u0165 \u017eal\u00fadka<br \/>\n<\/strong>Kurkum\u00edn chr\u00e1ni \u017eal\u00fadok od pokazen\u00fdch potrav\u00edn. Zab\u00edja bakt\u00e9rie salmonely a \u010fal\u0161\u00edch prvkov, ktor\u00e9 m\u00f4\u017eu sp\u00f4sobi\u0165 hna\u010dku. Je siln\u00fd pr\u00edrodn\u00fd antioxidant, ale tie\u017e chr\u00e1ni pe\u010de\u0148 pred \u0161kodliv\u00fdmi \u00fa\u010dinkami alkoholu a niektor\u00fdch chemick\u00fdch l\u00e1tok.To stimuluje produkciu \u017el\u010de, ktor\u00e1 pom\u00e1ha tr\u00e1veniu tukov v boji s obezitou. Strava bohat\u00e1 na Kurkum\u00edn zni\u017euje \u0161ancu na z\u00e1palov\u00e9 ochorenie \u010driev. Starovek\u00e1 indick\u00e1 medic\u00edna pou\u017e\u00edva Kurkum\u00edn na lie\u010dbu \u017eal\u00fadka a duoden\u00e1lnych vredov, preto\u017ee zvy\u0161uje ochranu v \u017eal\u00fadku.<\/p>\n<p><strong>Kurkum\u00edn je dobr\u00fd pre va\u0161e srdce<\/strong><br \/>\nKurkum\u00edn m\u00f4\u017ee zv\u00fd\u0161i\u0165 Va\u0161e kardiovaskul\u00e1rne zdravie. Kurkum\u00edn priaznivo p\u00f4sob\u00ed na po\u0161koden\u00e9 cievy a krvn\u00fa zr\u00e1\u017eanlivos\u0165. Taktie\u017e zabra\u0148uje dysfunkcii endotelov\u00fdch buniek. Kurkum\u00edn v\u00fdrazne zni\u017euje aterosklerotick\u00e9 l\u00e9zie. Niektor\u00e9 \u0161t\u00fadie uv\u00e1dzaj\u00fa, \u017ee Kurkum\u00edn je prospe\u0161n\u00fd pri zni\u017eovan\u00ed hladiny zl\u00e9ho cholesterolu a s\u00fa\u010dasne napom\u00e1haj\u00fa zv\u00fd\u0161i\u0165 hodnoty dobr\u00e9ho cholesterolu a zn\u00ed\u017eenie peroxid\u00e1cie lipidov. V \u0161t\u00fadii uskuto\u010dnenej v Indii, po siedmich d\u0148och pr\u00edjmu Kurkum\u00ednu, dobrovo\u013en\u00edci poznamenali n\u00e1rast o 29% dobr\u00e9ho cholesterolu a zn\u00ed\u017eenie 11,6% celkov\u00e9ho cholesterolu. Peroxid\u00e1cia lipidov sa zn\u00ed\u017eila o 33%. Tieto v\u00fdsledky boli reprodukovan\u00e9 pod\u013ea vedcov na celom svete. Ned\u00e1vne vedeck\u00e9 sk\u00famanie uk\u00e1zalo, \u017ee Kurkum\u00edn koriguje v \u010dreve absorpciu cholesterolu. Prev\u00e1dza cholesterol na \u017el\u010dov\u00e9 kyseliny a zvy\u0161uje ich vylu\u010dovanie.<\/p>\n<p><strong>Kurkum\u00edn zni\u017euje riziko vzniku Alzheimerovej choroby<\/strong><br \/>\nAlzheimerova choroba je takmer realitou pre seniorov. Ale je tu n\u00e1dej na vylie\u010denie tejto hroznej choroby. V Indii, kde sa u\u017e\u00edva Kurkum\u00edn v podobe korenia kurkuma, je vlastne 4 kr\u00e1t menej pravdepodobn\u00e9 prepadnutie Alzheimerovej chorobe ako u Ameri\u010danov. Kurkum\u00edn ukazuje ve\u013ek\u00fd potenci\u00e1l ako mo\u017en\u00fd liek na Alzheimerovu chorobu. In vitro \u0161t\u00fadie preuk\u00e1zali, \u017ee kurkum\u00edn potl\u00e1\u010da tvorbu amyloid beta oligom\u00e9rov.<\/p>\n<p><strong>Kurkum\u00edn a rakovina<\/strong><br \/>\nKurkum\u00edn potl\u00e1\u010da rakovinov\u00e9 bunky spojen\u00e9 hlavne s chorobami \u017eal\u00fadka a rakovinou hrub\u00e9ho \u010dreva. Bojuje alebo zabra\u0148uje vzniku v\u0161etk\u00fdch zn\u00e1mych foriem rakoviny. Pou\u017e\u00edva sa pri lie\u010dbe s rakovinou \u00fastnej dutiny, rakovine pe\u010dene, , rakovine p\u013e\u00fac, rakovine prsn\u00edka, rakovine prostaty, rakovine pankreasu a rakovine kr\u010dku maternice.<\/p>\n<p><strong>\u010co je to \u201eNorm\u00e1lna z\u00e1palov\u00e1 reakcia?\u201c<br \/>\n<\/strong>V\u00fdraz \u201eNorm\u00e1lna z\u00e1palov\u00e1 reakcia\u201c nemus\u00ed pre V\u00e1s znamena\u0165 nie\u010do zvl\u00e1\u0161tne, ale jeho fyzick\u00fd vplyv na Va\u0161e telo je \u017eivotne d\u00f4le\u017eit\u00fd. M\u00f4\u017ee nasta\u0165 po traume, infekcii, alebo in\u00fdmi vplyvmi. Je to norm\u00e1lny proces, ktor\u00fd podporuje hojenie. Od najmen\u0161ieho zdanlivo ne\u0161kodn\u00e9ho zranenia na ruke na hlavn\u00fd zdravotn\u00fd probl\u00e9m. Norm\u00e1lna z\u00e1palov\u00e1 reakcia organizmu je v\u017edy v \u010dinnosti, aby ste boli \u010do najdlh\u0161ie zdrav\u00fd ako je to mo\u017en\u00e9, alebo aby ste si udr\u017eali svoje zdravie dlhodobo v dobrej kond\u00edci\u00ed. Samozrejme, \u017ee ve\u013ea z\u00e1le\u017e\u00ed na individu\u00e1lnom zdrav\u00ed.<\/p>\n<p>Be\u017en\u00e1 z\u00e1palov\u00e1 reakcia organizmu je ochrann\u00e1 reakcia tkan\u00edv tela na podr\u00e1\u017edenie alebo poranenie. Niekedy sa t\u00e1to reakcia m\u00f4\u017ee pred\u013a\u017ei\u0165 v d\u00f4sledku nedostatku esenci\u00e1lnych mastn\u00fdch kysel\u00edn a \u010fal\u0161\u00edch \u017eiv\u00edn. V tak\u00fdch pr\u00edpadoch, suplement\u00e1cia prospe\u0161n\u00fdch mastn\u00fdch kysel\u00edn alebo in\u00fdch \u017eiv\u00edn sa \u010dasto uv\u00e1dza ako pr\u00ed\u010dina. Niekedy s\u00fa tam in\u00e9 d\u00f4vody pre dlhodob\u00e9 z\u00e1palov\u00e9 reakcie a fyzik\u00e1lnej terapie alebo di\u00e9tne zmeny m\u00f4\u017eu by\u0165 preto u\u017eito\u010dn\u00e9. Po cel\u00e9 st\u00e1ro\u010dia, \u013eudia pou\u017e\u00edvali pr\u00edrodn\u00e9 chemick\u00e9 l\u00e1tky n\u00e1jden\u00e9 v rastlin\u00e1ch (fytochemik\u00e1lie) k posilneniu organizmu a Norm\u00e1lnej z\u00e1palovej reakcie na po\u0161kodenie alebo opotrebenie organizmu. Napr\u00edklad, k\u00f4ra z v\u0155by sa pou\u017e\u00edva na zmiernenie bolesti a nepohodlia pred viac ako 2000 rokmi Gr\u00e9kmi a Rimanmi a vyvinul sa aspir\u00edn, ktor\u00fd pou\u017e\u00edvame do dnes.<\/p>\n","protected":false},"excerpt":{"rendered":"<p>P\u00f4sob\u00ed proti z\u00e1palu a bolesti, Posil\u0148uje Imunitn\u00fd syst\u00e9m, Podporuje \u010dinnosti srdca, Prevencia pred vznikom Alzheimerovej choroby, M\u00e1 siln\u00e9 proti rakovinov\u00e9 \u00fa\u010dinky,..<\/p>\n","protected":false},"featured_media":948,"comment_status":"open","ping_status":"closed","template":"","meta":[],"product_cat":[32],"product_tag":[],"class_list":{"0":"post-947","1":"product","2":"type-product","3":"status-publish","4":"has-post-thumbnail","6":"product_cat-imunita","8":"first","9":"instock","10":"taxable","11":"shipping-taxable","12":"purchasable","13":"product-type-simple"},"_links":{"self":[{"href":"https:\/\/www.partnerland.sk\/index.php?rest_route=\/wp\/v2\/product\/947","targetHints":{"allow":["GET"]}}],"collection":[{"href":"https:\/\/www.partnerland.sk\/index.php?rest_route=\/wp\/v2\/product"}],"about":[{"href":"https:\/\/www.partnerland.sk\/index.php?rest_route=\/wp\/v2\/types\/product"}],"replies":[{"embeddable":true,"href":"https:\/\/www.partnerland.sk\/index.php?rest_route=%2Fwp%2Fv2%2Fcomments&post=947"}],"wp:featuredmedia":[{"embeddable":true,"href":"https:\/\/www.partnerland.sk\/index.php?rest_route=\/wp\/v2\/media\/948"}],"wp:attachment":[{"href":"https:\/\/www.partnerland.sk\/index.php?rest_route=%2Fwp%2Fv2%2Fmedia&parent=947"}],"wp:term":[{"taxonomy":"product_cat","embeddable":true,"href":"https:\/\/www.partnerland.sk\/index.php?rest_route=%2Fwp%2Fv2%2Fproduct_cat&post=947"},{"taxonomy":"product_tag","embeddable":true,"href":"https:\/\/www.partnerland.sk\/index.php?rest_route=%2Fwp%2Fv2%2Fproduct_tag&post=947"}],"curies":[{"name":"wp","href":"https:\/\/api.w.org\/{rel}","templated":true}]}}