{"id":942,"date":"2022-10-21T10:44:32","date_gmt":"2022-10-21T10:44:32","guid":{"rendered":"https:\/\/www.partnerland.sk\/?post_type=product&#038;p=942"},"modified":"2022-10-21T10:45:28","modified_gmt":"2022-10-21T10:45:28","slug":"energycomplex","status":"publish","type":"product","link":"https:\/\/www.partnerland.sk\/?product=energycomplex","title":{"rendered":"ENERGYCOMPLEX"},"content":{"rendered":"<p>Balenie: 90 kaps\u00fal\u00a0 (\u00e1 500mg)<\/p>\n<p>Zmes\u00a0\u00a0<strong>Cordycepsu<\/strong>\u00a0a\u00a0<strong>Maca<\/strong>\u00a0m\u00e1 \u00fa\u010dinky aj na n\u00e1rast fyzickej i psychickej v\u00fdkonnosti, preto sa odpor\u00fa\u010da \u0161portovcom. \u00a0Je to preto, lebo vo ve\u013ekej miere upravuje z\u00e1sobovanie organizmu kysl\u00edkom, stimuluje produkciu adenoz\u00edntrifosf\u00e1tu (ATP), ktor\u00fd je jedn\u00fdm z najd\u00f4le\u017eitej\u0161\u00edch zdrojov energie pre bunky a\u00a0ktor\u00e1 obsahuje\u00a0 v\u0161etky \u017eivotne d\u00f4le\u017eit\u00e9 esenci\u00e1lne aminokyseliny, ktor\u00e9 organizmus nedok\u00e1\u017ee produkova\u0165.\u00a0Obsahuje l\u00e1tku kordycep\u00edn, ktor\u00e1 disponuje antibiotick\u00fdmi \u00fa\u010dinkami, \u010do je v\u00fdhodn\u00e9 pre \u0161portovcov a osoby vykon\u00e1vaj\u00face \u0165a\u017ek\u00fa fyzick\u00fa pr\u00e1cu, preto\u017ee\u00a0<strong>zvy\u0161uje v\u00fdkonnos\u0165 svalstva<\/strong>. Macaridiny, polynenasycen\u00e9 mastn\u00e9 kyseliny macaeny a\u00a0macamidy, imidazolov\u00e9 alkaloidy lepidin A a\u00a0B, glucosinolaty, beta-sitosterol, aminokyseliny arginin, histidin, fenylalanin, threonin, a\u00a0tyrosin, vitaminy B1, B12, C, E, K, a\u00a0zinek ktor\u00e9 zmes obsahuje\u00a0<strong>podporuj\u00fa rast svalovej hmoty<\/strong>\u00a0a\u00a0s\u00fa tzv. \u201eenergiz\u00e9rom\u201c.<\/p>\n<p>Konzum\u00e1ciou Cordycepsu sa napom\u00e1ha upravi\u0165 nielen na\u0161a n\u00e1lada a fyzick\u00e1 sila, ale m\u00f4\u017ee d\u00f4js\u0165 aj k redukcii rizika vzniku degenerat\u00edvnych ochoren\u00ed, resp. k spomaleniu starnutia buniek vplyvom veku. Cordyceps m\u00f4\u017ee zv\u00fd\u0161i\u0165 aj synt\u00e9zu pohlavn\u00fdch horm\u00f3nov, in\u00fdmi slovami zvy\u0161uje libido, ako aj plodnos\u0165 u \u017eien, a rovnako aj u mu\u017eov. Antioxidanty, ktor\u00e9 obsahuje, via\u017eu vo\u013en\u00e9 radik\u00e1ly, zodpovedn\u00e9 za vznik rakoviny, z\u00e1palov a po\u0161kodenia DNA.\u00a0Napom\u00e1ha k vyrovn\u00e1vaniu hormon\u00e1lnej hladiny, pozit\u00edvne p\u00f4sob\u00ed na plodnos\u0165 \u017eeny a mu\u017ea. Navy\u0161e dod\u00e1 telu potrebn\u00e9 vitam\u00edny, miner\u00e1ly a posil\u0148uje celkov\u00fa imunitu a zdravotn\u00fd stav organizmu.<\/p>\n<p>Tradi\u010dn\u00e1 \u010d\u00ednska medic\u00edna u\u017e st\u00e1ro\u010dia pozn\u00e1 lie\u010div\u00e9 \u00fa\u010dinky\u00a0<strong>Cordycepsu\u00a0<\/strong>. Pova\u017euje ju za \u00a0jednu z najlep\u0161\u00edch lie\u010div\u00fdch rastl\u00edn na to, aby sme posilnili na\u0161e du\u0161evn\u00e9 a fyzick\u00e9 schopnosti. Ide o rastlinu, ktor\u00e1 obsahuje v\u0161etky \u017eivotne d\u00f4le\u017eit\u00e9 esenci\u00e1lne aminokyseliny, ktor\u00e9 organizmus nedok\u00e1\u017ee produkova\u0165.<\/p>\n<p><strong>MACA<\/strong>\u00a0je bohat\u00e1 na\u00a0bielkoviny, uh\u013eohydr\u00e1ty, vl\u00e1kninu, aminokyseliny, vitam\u00edny B1, B2 a C, miner\u00e1ly ako hlin\u00edk, v\u00e1pnik, me\u010f, fosfor, \u017eelezo, magn\u00e9zium, mang\u00e1n, drasl\u00edk, j\u00f3d, sod\u00edk \u010di zinok\u00a0a mnoho \u010fal\u0161\u00edch l\u00e1tok.<\/p>\n<p>V\u0161etky tieto obsahov\u00e9 l\u00e1tky ju predur\u010duj\u00fa na pomoc pri r\u00f4znych zdravotn\u00fdch probl\u00e9moch.<\/p>\n<p>&nbsp;<\/p>\n<p>Tieto adaptog\u00e9ny podporuj\u00fa vyv\u00e1\u017een\u00fd zdrav\u00fd \u017eivotn\u00fd \u0161t\u00fdl, aby ste boli nabit\u00ed energiou, pozit\u00edvne naladen\u00fd a aby ste si u\u017eili cel\u00fd de\u0148.<\/p>\n<p>Adaptog\u00e9ny pracuj\u00fa na doplnenie Va\u0161ich nadobli\u010diek, aby pomohli pri zvy\u0161ovan\u00ed energie, zni\u017eovan\u00ed stresu a obnoven\u00ed rovnov\u00e1hy vo Va\u0161om endokrinnom syst\u00e9me.\u00a0Adaptog\u00e9ny zohr\u00e1vaj\u00fa z\u00e1sadn\u00fa \u00falohu pri udr\u017eiavan\u00ed v\u00e1\u0161ho tela vyv\u00e1\u017een\u00e9ho, \u200b\u200bzdrav\u00e9ho a\u00a0revitalizovan\u00e9ho.<\/p>\n<p>Okrem poskytnutia \u00fa\u013eavy od stresu obsahuje ve\u013ea adaptog\u00e9nov antioxida\u010dn\u00e9, protiz\u00e1palov\u00e9 vlastnosti, ktor\u00e9 pom\u00e1haj\u00fa pri zdrav\u00ed k\u013abov a tkan\u00edv.<\/p>\n<p>&nbsp;<\/p>\n<p><strong><em>Zlo\u017eenie:<\/em><\/strong>\u00a0Cordyceps sinensis extrakt 20:1 (30-50% polysacharidov) \u2013 extrakt 200 mg, MACA 20:1 \u2013 extrakt 200 mg,<\/p>\n<p><strong><em>Materi\u00e1l kapsuly:<\/em><\/strong>\u00a0Vegetari\u00e1nska rastlinn\u00e1 kapsula (\u00e1 100mg).<\/p>\n","protected":false},"excerpt":{"rendered":"<p>Zmes\u00a0\u00a0<strong>Cordycepsu<\/strong>\u00a0a\u00a0<strong>Maca<\/strong>\u00a0m\u00e1 \u00fa\u010dinky aj na n\u00e1rast fyzickej i psychickej v\u00fdkonnosti, preto sa odpor\u00fa\u010da \u0161portovcom. \u00a0Je to preto, lebo vo ve\u013ekej miere upravuje z\u00e1sobovanie organizmu kysl\u00edkom, stimuluje produkciu adenoz\u00edntrifosf\u00e1tu (ATP), ktor\u00fd je jedn\u00fdm z najd\u00f4le\u017eitej\u0161\u00edch zdrojov energie pre bunky a\u00a0ktor\u00e1 obsahuje\u00a0 v\u0161etky \u017eivotne d\u00f4le\u017eit\u00e9 esenci\u00e1lne aminokyseliny, ktor\u00e9 organizmus nedok\u00e1\u017ee produkova\u0165.<\/p>\n","protected":false},"featured_media":944,"comment_status":"open","ping_status":"closed","template":"","meta":[],"product_cat":[31],"product_tag":[],"class_list":{"0":"post-942","1":"product","2":"type-product","3":"status-publish","4":"has-post-thumbnail","6":"product_cat-proti-starnutiu","8":"first","9":"instock","10":"taxable","11":"shipping-taxable","12":"purchasable","13":"product-type-simple"},"_links":{"self":[{"href":"https:\/\/www.partnerland.sk\/index.php?rest_route=\/wp\/v2\/product\/942","targetHints":{"allow":["GET"]}}],"collection":[{"href":"https:\/\/www.partnerland.sk\/index.php?rest_route=\/wp\/v2\/product"}],"about":[{"href":"https:\/\/www.partnerland.sk\/index.php?rest_route=\/wp\/v2\/types\/product"}],"replies":[{"embeddable":true,"href":"https:\/\/www.partnerland.sk\/index.php?rest_route=%2Fwp%2Fv2%2Fcomments&post=942"}],"wp:featuredmedia":[{"embeddable":true,"href":"https:\/\/www.partnerland.sk\/index.php?rest_route=\/wp\/v2\/media\/944"}],"wp:attachment":[{"href":"https:\/\/www.partnerland.sk\/index.php?rest_route=%2Fwp%2Fv2%2Fmedia&parent=942"}],"wp:term":[{"taxonomy":"product_cat","embeddable":true,"href":"https:\/\/www.partnerland.sk\/index.php?rest_route=%2Fwp%2Fv2%2Fproduct_cat&post=942"},{"taxonomy":"product_tag","embeddable":true,"href":"https:\/\/www.partnerland.sk\/index.php?rest_route=%2Fwp%2Fv2%2Fproduct_tag&post=942"}],"curies":[{"name":"wp","href":"https:\/\/api.w.org\/{rel}","templated":true}]}}