{"id":938,"date":"2022-10-21T10:36:57","date_gmt":"2022-10-21T10:36:57","guid":{"rendered":"https:\/\/www.partnerland.sk\/?post_type=product&#038;p=938"},"modified":"2022-11-24T10:56:21","modified_gmt":"2022-11-24T10:56:21","slug":"cordyceps-sinensis-100g-prasok-30-polysacharid","status":"publish","type":"product","link":"https:\/\/www.partnerland.sk\/?product=cordyceps-sinensis-100g-prasok-30-polysacharid","title":{"rendered":"Cordyceps Sinensis &#8211; 100g pr\u00e1\u0161ok (30% polysacharid)"},"content":{"rendered":"<p>Balenie: 100g \u2013 extrakt<\/p>\n<p>N\u00e1\u0161 Cordyceps Sinensis\u00a0z h\u013eadiska podielu vz\u00e1cnych l\u00e1tok obsahuje 32% polysacharidov.<\/p>\n<p>Pou\u017eitie Huby Cordyceps pri:<\/p>\n<ul>\n<li>choroby d\u00fdchac\u00edch org\u00e1nov: bronchit\u00edda, pneum\u00f3nia, bronchi\u00e1lna astma, emfyz\u00e9m p\u013e\u00fac, tuberkul\u00f3za, ..<\/li>\n<li>srdcovo-cievne ochorenia, patr\u00ed sem i isch\u00e9mick\u00e1 choroba srdca, stenokardia, ateroskler\u00f3za, infarkt myokardu<\/li>\n<li>choroby mo\u010dopohlavn\u00fdch org\u00e1nov, teda cystit\u00edda, pyelonefrit\u00edda, glomerulonefrit\u00edda, enur\u00e9za, salpingooforit\u00edda, endometrit\u00edda adenokrit\u00edda, kolpit\u00edda a in\u00e9.<\/li>\n<li>odpor\u00fa\u010da sa pri slabosti: potenie, bolesti v oblasti drieku, pol\u00faci\u00e1ch (mimovo\u013en\u00fd v\u00fdron semena)<\/li>\n<li>ochorenie pe\u010dene, patr\u00ed sem i hepatit\u00edda a cirh\u00f3za pe\u010dene<\/li>\n<li>choroby krvi: trombocytopenick\u00e1 purpura (Verlhofova choroba), ktorej z\u00e1kladn\u00fdmi sympt\u00f3mami s\u00fa mnoh\u00e9 krvn\u00e9 v\u00fdrony pod ko\u017eu, krv\u00e1canie zo slizni\u010dn\u00fdch obalov a druhotn\u00e1 an\u00e9mia, ale tie\u017e leuk\u00f3zy pri stabiliz\u00e1cii procesu a odvr\u00e1tenie prechodu ochorenia do zhubn\u00e9ho \u0161t\u00e1dia<\/li>\n<li>autoim\u00fanne ochorenia, patr\u00ed sem i reumatizmus<\/li>\n<li>hypoim\u00fanne stavy, tzn. ochorenia d\u00fdchac\u00edch ciest, chr\u00edpka, at\u010f.<\/li>\n<li>zhubn\u00e9 novotvary r\u00f4znych org\u00e1nov, dokonca aj v neskor\u0161\u00edch \u0161t\u00e1di\u00e1ch ochorenia, ke\u010f bola uskuto\u010dnen\u00e1 chemoterapia a r\u00e1dioterapia<\/li>\n<li>na dezintoxik\u00e1ciu organizmu pri rozli\u010dn\u00fdch situ\u00e1ci\u00e1ch, teda aj pri ak\u00fatnych a chronick\u00fdch otrav\u00e1ch, mas\u00edvnej medikament\u00e1lnej lie\u010dbe, pri pobyte v r\u00e1dioakt\u00edvnej z\u00f3ne at\u010f.<\/li>\n<li>pred\u010dasn\u00e9 starnutie, v\u00e4dnutie ko\u017ee<\/li>\n<li>pri zv\u00fd\u0161en\u00fdch fyzick\u00fdch z\u00e1\u0165a\u017eiach (zv\u00fd\u0161en\u00e1 schopnos\u0165 odol\u00e1va\u0165 \u00fanave) patria sem aj silov\u00e9 druhy \u0161portu<\/li>\n<li>pri ak\u00fdchko\u013evek stresov\u00fdch situ\u00e1ci\u00e1ch<\/li>\n<\/ul>\n<p>Spektrum p\u00f4sobenia tohto divu pr\u00edrody je neoby\u010dajne \u0161irok\u00e9:<\/p>\n<ul>\n<li>ako vysoko efekt\u00edvny prostriedok pre imunologick\u00fa regul\u00e1ciu m\u00f4\u017ee nielen posilni\u0165 imunitu, ale aj v racion\u00e1lnej miere zn\u00ed\u017ei\u0165 nadbytok im\u00fanneho stavu niektor\u00fdch \u013eud\u00ed<\/li>\n<li>je ide\u00e1lnym prostriedkom pre \u013eud\u00ed fyzicky slab\u00fdch so zn\u00ed\u017eenou imunitou, pre t\u00fdch, ktor\u00ed sa r\u00fdchlo unavia, ob\u00e9zne osoby a \u013eud\u00ed s rakovinov\u00fdmi ochoreniami<\/li>\n<li>m\u00e1 \u00fa\u010dinky ako antibiotikum.\u00a0M\u00e1 bakt\u00e9riostatick\u00e9 \u00fa\u010dinky proti nieko\u013ek\u00fdm desiatkam patog\u00e9nnych bakt\u00e9ri\u00ed vr\u00e1tane pneumokokov, streptokokov a zlat\u00e9ho stafylokoku<\/li>\n<li>protiz\u00e1palov\u00e9 \u00fa\u010dinky. \u00da\u010dinok Cordycepsu je vy\u0161\u0161\u00ed ako u hydrokortizonu<\/li>\n<li>roz\u0161iruje krvn\u00e9 cievy, zvy\u0161uje krvn\u00e9 z\u00e1sobovanie srdca a p\u013e\u00fac. V\u010faka tomu, \u017ee v \u017eiaducej miere zvy\u0161uje prietok krvi v koron\u00e1rnej art\u00e9rii m\u00f4\u017ee pred\u00eds\u0165 vzniku trombu, reguluje v krvi po\u010det trombocytov, podporuje rozp\u00fa\u0161\u0165anie trombov, reguluje rovnov\u00e1hu kalcia a fosforu v krvi, v prijate\u013enom stupni roz\u0161iruje cievy<\/li>\n<li>zni\u017euje mno\u017estvo lipidov a cholesterolu v krvi, sp\u00f4sobuje uspokojenie, zvy\u0161uje schopnos\u0165 buniek sa okysli\u010di\u0165<\/li>\n<li>m\u00e1 schopnos\u0165 regulova\u0165 energiu jin a jang a dosiahnu\u0165 ich rovnov\u00e1hu v na\u0161om organizme<\/li>\n<li>m\u00e1 ve\u013ek\u00fa adaptog\u00e9nnu schopnos\u0165<\/li>\n<li>pom\u00e1ha ni\u010di\u0165 tuberkul\u00f3zny bacil a in\u00e9 p\u013e\u00facne choroby<\/li>\n<li>reguluje imunitu, zvy\u0161uje schopnos\u0165 n\u00e1\u0161ho organizmu postavi\u0165 sa na odpor r\u00f4znym ochoreniam<\/li>\n<li>zni\u017euje nadmern\u00e9 zv\u00fd\u0161enie imunity a odstra\u0148uje jeho poruchy na genetickej \u00farovni pri autoim\u00fannych ochoreniach, tak\u00fdch, ako je sklerodermia, ru\u017eienka, reumatick\u00e1 artrit\u00edda a reumatizmus, v\u010faka normaliz\u00e1cii \u010dinnosti org\u00e1nov zodpovedaj\u00facich za imunitu m\u00e1 protiz\u00e1palov\u00e9 \u00fa\u010dinky, \u010do sa t\u00fdka sily p\u00f4sobenia, je porovnate\u013en\u00fd s \u00fa\u010dinkami nesteroidn\u00fdch horm\u00f3nov (napr\u00edklad s hydrokortiz\u00f3nom)<\/li>\n<li>zvy\u0161uje schopnos\u0165 n\u00e1\u0161ho organizmu prisp\u00f4sobi\u0165 sa nedostatku kysl\u00edka, toxick\u00fdm l\u00e1tkam, ve\u013ek\u00fdm fyzick\u00fdm z\u00e1\u0165a\u017eiam, m\u00e1 antioxida\u010dn\u00e9 \u00fa\u010dinky, akt\u00edvne odstra\u0148uje z organizmu toxick\u00e9 l\u00e1tky, sem patria aj produkty metabolizmu liekov<\/li>\n<li>m\u00e1 antikancerog\u00e9nne \u00fa\u010dinky, stimuluje aktivitu leukocytov a obnovuje v krvi ich hladinu, zmier\u0148uje ved\u013eaj\u0161ie \u00fa\u010dinky r\u00e1dio a chemoterapie<\/li>\n<li>reguluje \u010dinnos\u0165 pe\u010dene, obli\u010diek a p\u013e\u00fac zlep\u0161uje l\u00e1tkov\u00fa v\u00fdmenu v tkaniv\u00e1ch v\u0161etk\u00fdch org\u00e1nov<\/li>\n<li>jedn\u00fdm z najviac u\u017eito\u010dn\u00fdch vec\u00ed, ktor\u00e9 Cordycep pon\u00faka, je prost\u00fd akt okysli\u010denia. Huba roz\u0161\u00edri d\u00fdchacie cesty v p\u013e\u00facach, \u010do privedie viac kysl\u00edka do krvi. T\u00fdmto sp\u00f4sobom dostane ka\u017ed\u00e1 bunka v tele viac kysl\u00edka, \u010do vedie k lep\u0161ej funkcii bunky a dosiahnutiu vy\u0161\u0161ej energetickej hladiny<\/li>\n<li>m\u00e1 omladzuj\u00face \u00fa\u010dinky<\/li>\n<\/ul>\n<p>Cordyceps sa bude nach\u00e1dza\u0165 tam, kde s\u00fa vhodn\u00e9 podmienky pre jeho rast a v\u00fd\u017eivu. S\u00fa to vysokohorsk\u00e9 \u00fazemia v \u00c1zii a v Tibete vo v\u00fd\u0161ke 3500 m. V letnom obdob\u00ed Cordyceps existuje v podobe huby, ktor\u00e1 sa podob\u00e1 na n\u00edzku bylinu tmavo hnedej farby. Ve\u013emi \u0165a\u017eko sa d\u00e1 zbada\u0165 na l\u00fake pokrytej kvetmi a tr\u00e1vou.<\/p>\n<p><strong>N\u00e1\u0161 cordyceps sinensis<\/strong><\/p>\n<p>N\u00e1\u0161 Cordyceps sinensis nie je \u201edivok\u00fd\u201c Cordyceps. Je v\u0161ak pestovan\u00fd a Zberan\u00fd vo vysokohorsk\u00fdch oblastiach v okol\u00ed Tibete v minim\u00e1lnej nadmorskej v\u00fd\u0161ke 3500 m nm Jeho pestovanie m\u00e1 \u010do najviac pripom\u00edna\u0165 rast divok\u00e9ho Cordycepsu v jeho prirodzenom prostred\u00ed. V\u010faka vysokohorsk\u00fdm podmienkam, ve\u013emi rozdielne teploty vo dne a v noci, vlhkos\u0165 vzduchu, ni\u017e\u0161ie okysli\u010denie a tlak vzduchu, vznik\u00e1 jeden z najlep\u0161\u00edch cordyceps, ktor\u00e1 m\u00e1 vysok\u00e9 percento polysacharidov a to a\u017e 32% oproti in\u00fdm, ktor\u00e9 s\u00fa pestovan\u00e9 z \u010disto komer\u010dn\u00fdch d\u00f4vodov. Kvalita tohto Cordycepsu sa ned\u00e1 porovna\u0165 s pestovan\u00edm Cordycepssu v laborat\u00f3rnych alebo vo sklen\u00edkov\u00fdch podmienkach, kde s\u00fa dosiahnut\u00e9 iba n\u00edzke hodnoty vitam\u00ednov a polysacharidov len 8 \u2013 25%.<\/p>\n<p>Pr\u00e1\u0161ok\u00a0<strong>Cordycepsu by mal ma\u0165 minim\u00e1lne 30% polysacharidov<\/strong>, \u010d\u00edm menej polysacharidov obsahuje o to m\u00e1 ni\u017e\u0161iu \u00fa\u010dinnos\u0165 a hor\u0161iu kvalitu. Je to zn\u00e1mka toho, \u017ee ho vypestovali v laborat\u00f3ri\u00e1ch za pomoci \u201esubmerzn\u00fa kult\u00fary\u201c, kde sa myc\u00e9lium pestuje v kvapalnom m\u00e9diu.<\/p>\n<p>Naj\u010distej\u0161\u00ed pr\u00edrodn\u00fd sp\u00f4sob spracovania myc\u00e9lia Cordyceps sinensis je jeho ferment\u00e1cie a n\u00e1sledn\u00e9 su\u0161enie. Touto met\u00f3dou doch\u00e1dza je zv\u00fd\u0161enie nutri\u010dn\u00fdch hodn\u00f4t su\u0161iny. Pri ferment\u00e1cii doch\u00e1dza k n\u00e1slednej tvorbe vitam\u00ednov, aminokysel\u00edn aj polysacharidov. \u010eal\u0161ou v\u00fdhodou ferment\u00e1cia je, \u017ee d\u00f4jde k jeho konzerv\u00e1ciu a pred\u013a\u017eenie trvanlivosti pr\u00e1\u0161ku. Ferment\u00e1cia nie tradi\u010dn\u00e9 pr\u00edrodn\u00e9 spracovanie huby Cordyceps sinensis.<\/p>\n<p>N\u00e1\u0161 renomovan\u00fd v\u00fdrobca fermentovan\u00e9ho myc\u00e9lia huby Cordyceps sinensis pou\u017e\u00edva na jeho spracovanie najnov\u0161ie technol\u00f3gie a postupy. Vykon\u00e1va tzv.\u00a0<strong>Submerzn\u00fa ferment\u00e1cii myc\u00e9lia<\/strong>. Jedn\u00e1 sa o h\u013abkov\u00fa ferment\u00e1cii v riadenom a premie\u0161avania bioreaktora. Takto vytvor\u00ed produkt najvy\u0161\u0161ej kvality, preto\u017ee ka\u017ed\u00e1 \u010das\u0165 pr\u00e1\u0161ku je rovnomerne sfermentovan\u00fd. Proces sa ukon\u010d\u00ed presne v bode, kedy pr\u00e1\u0161ok obsahuje najv\u00e4\u010d\u0161ie mno\u017estvo lie\u010div\u00fdch polysacharidov. Po usu\u0161en\u00ed sa s pr\u00e1\u0161kom u\u017e nedeje ni\u010d \u010fal\u0161ie a len sa pln\u00ed do kaps\u00fal, ktor\u00e9 s\u00fa ur\u010den\u00e9 pre koncov\u00e9ho z\u00e1kazn\u00edka.<\/p>\n<p>D\u00f4le\u017eit\u00e9 si je uvedomi\u0165, \u017ee rozpr\u00e1vame o mo\u017enostiach, ktor\u00e9 pon\u00faka \u201eTradi\u010dn\u00e1 \u00e1zijsk\u00e1 medic\u00edna\u201c, kde sa podpornou lie\u010dbou \u2013 pomocou v\u00fd\u0165a\u017ekou zo \u0161pecifick\u00fdch nutri\u010dn\u00fdch h\u00fab (Reishi, Cordyceps, Maitake a Shiitake) daj\u00fa dosiahnu\u0165 ve\u013emi priazniv\u00e9 v\u00fdsledky pre organizmus s mo\u017enos\u0165ou si tak pred\u013a\u017ei\u0165 akt\u00edvny \u017eivot.<\/p>\n","protected":false},"excerpt":{"rendered":"<p>Cordyceps jednozna\u010dne patr\u00ed do kr\u00e1\u013eovstva h\u00fab.\u00a0<strong>N\u00e1\u0161 Cordyceps<\/strong>\u00a0s vysok\u00fdm obsahom polysacharidov a kvalitn\u00fdm spracovan\u00edm m\u00e1 zast\u00fapenie v\u0161etk\u00fdch skup\u00edn polysacharidov a v\u010faka tomu m\u00e1 tie najlep\u0161ie vlastnosti.\u00a0<strong>Cordyceps\u00a0<\/strong>napom\u00e1ha pozit\u00edvne ovplyv\u0148ova\u0165 a uzdravova\u0165 ve\u013ea oblast\u00ed v \u013eudskom tele a teraz sa dost\u00e1va aj k n\u00e1m. U\u017e\u00edva sa pod\u013ea individu\u00e1lnych potrieb ka\u017ed\u00e9ho pacienta.\u00a0<strong>Cordyceps\u00a0<\/strong>\u00a0je dokonal\u00fd pr\u00edrodn\u00fd liek.<\/p>\n","protected":false},"featured_media":939,"comment_status":"open","ping_status":"closed","template":"","meta":[],"product_cat":[26,42,37,32,40,44,30,27,45,31,33,24,25,29,23],"product_tag":[],"class_list":{"0":"post-938","1":"product","2":"type-product","3":"status-publish","4":"has-post-thumbnail","6":"product_cat-chloesterol","7":"product_cat-detoxikacia","8":"product_cat-energia","9":"product_cat-imunita","10":"product_cat-nechty","11":"product_cat-nervova-sustava","12":"product_cat-oblicky","13":"product_cat-onkologicke-ochorenia","14":"product_cat-pluca","15":"product_cat-proti-starnutiu","16":"product_cat-traviaca-sustava","17":"product_cat-unava","18":"product_cat-vycerpanie","19":"product_cat-vysoky-krvny-tlak","20":"product_cat-zapal","22":"first","23":"instock","24":"taxable","25":"shipping-taxable","26":"purchasable","27":"product-type-simple"},"_links":{"self":[{"href":"https:\/\/www.partnerland.sk\/index.php?rest_route=\/wp\/v2\/product\/938","targetHints":{"allow":["GET"]}}],"collection":[{"href":"https:\/\/www.partnerland.sk\/index.php?rest_route=\/wp\/v2\/product"}],"about":[{"href":"https:\/\/www.partnerland.sk\/index.php?rest_route=\/wp\/v2\/types\/product"}],"replies":[{"embeddable":true,"href":"https:\/\/www.partnerland.sk\/index.php?rest_route=%2Fwp%2Fv2%2Fcomments&post=938"}],"wp:featuredmedia":[{"embeddable":true,"href":"https:\/\/www.partnerland.sk\/index.php?rest_route=\/wp\/v2\/media\/939"}],"wp:attachment":[{"href":"https:\/\/www.partnerland.sk\/index.php?rest_route=%2Fwp%2Fv2%2Fmedia&parent=938"}],"wp:term":[{"taxonomy":"product_cat","embeddable":true,"href":"https:\/\/www.partnerland.sk\/index.php?rest_route=%2Fwp%2Fv2%2Fproduct_cat&post=938"},{"taxonomy":"product_tag","embeddable":true,"href":"https:\/\/www.partnerland.sk\/index.php?rest_route=%2Fwp%2Fv2%2Fproduct_tag&post=938"}],"curies":[{"name":"wp","href":"https:\/\/api.w.org\/{rel}","templated":true}]}}