{"id":934,"date":"2022-10-21T10:30:25","date_gmt":"2022-10-21T10:30:25","guid":{"rendered":"https:\/\/www.partnerland.sk\/?post_type=product&#038;p=934"},"modified":"2022-11-24T10:44:02","modified_gmt":"2022-11-24T10:44:02","slug":"collagen-coffee","status":"publish","type":"product","link":"https:\/\/www.partnerland.sk\/?product=collagen-coffee","title":{"rendered":"COLLAG\u00c9N COFFEE"},"content":{"rendered":"<p>Tento produkt m\u00f4\u017ee okrem pr\u00edjemn\u00e9ho p\u00f4\u017eitku z\u00a0vo\u0148avej k\u00e1vy poskytn\u00fa\u0165 aj zdravotn\u00fd\u00a0<strong>BENEFIT<\/strong>. Za t\u00fdmto \u00fa\u010delom bol aj zostaven\u00fd. Ve\u013ea \u013eud\u00ed si nevie de\u0148 bez dobrej vo\u0148avej k\u00e1vy ani predstavi\u0165 a\u00a0ni\u010d kraj\u0161ie nie je ako t\u00fato predstavu spoji\u0165 \u00a0e\u0161te s\u00a0t\u00fdm, \u017ee rob\u00edm nie\u010do aj pre svoje zdravie.\u00a0<strong>COLLAGEN COFFEE<\/strong>\u00a0je \u00a0k\u00e1va, ktor\u00e1 n\u00e1m dopln\u00ed ve\u013emi d\u00f4le\u017eit\u00fa zlo\u017eku pre dobr\u00e9 zdravie a to je COLLAG\u00c9N obohaten\u00fd o\u00a0<strong>VERISOL<\/strong>.<\/p>\n<p><strong>VERISOL<\/strong>\u00a0obsahuje bioakt\u00edvne kolag\u00e9nov\u00e9 peptidy, ktor\u00e9 maj\u00fa v\u00fdrazn\u00fd vplyv na \u017eiariv\u00fa a hlad\u0161iu poko\u017eku, pevn\u00e9 nechty, lesklej\u0161ie vlasy a zdrav\u0161ie k\u013aby.<\/p>\n<p>T\u00e1to k\u00e1va obsahuje:<\/p>\n<ul>\n<li><em><strong>INUL\u00cdN<\/strong><\/em>\u00a0(prebiotick\u00e1 rozpustn\u00e1 vl\u00e1knina z\u00a0kore\u0148a \u010dakanky)-napom\u00e1ha dobr\u00e9mu vstreb\u00e1vaniu v\u00e1pnika, \u010d\u00edm zabezpe\u010duje zdrav\u00fd v\u00fdvoj kost\u00ed<\/li>\n<li><em><strong>KOLLAG\u00c9N<\/strong><\/em>\u00a0(je jedna zo z\u00e1kladn\u00fdch \u017eiv\u00edn)-napom\u00e1ha pri vstreb\u00e1van\u00ed a\u00a0\u00faplnom tr\u00e1ven\u00ed potravy, Vy\u017eivuje poko\u017eku, nechty a\u00a0vlasy, posil\u0148uje pe\u010de\u0148<\/li>\n<li><em><strong>VERISOL<\/strong><\/em>\u00a0(\u0161pecifick\u00e9 peptidy)-zlep\u0161uje metabolizmus kolag\u00e9nu, \u010d\u00edm sa vyrovn\u00e1va jeho degradovanie v\u00a0derme<\/li>\n<\/ul>\n<p>Zdravotn\u00fd pr\u00ednos pre \u013eudsk\u00e9 zdravie:<\/p>\n<ul>\n<li>V\u00fdrazne sa podie\u013ea na zdravom v\u00fdvoji kost\u00ed a\u00a0napom\u00e1ha predch\u00e1dza\u0165 osteopor\u00f3ze<\/li>\n<li>Napom\u00e1ha k\u00a0spr\u00e1vnemu vstreb\u00e1vaniu \u017eiv\u00edn<\/li>\n<li>Chr\u00e1ni k\u013aby<\/li>\n<li>Zlep\u0161uje tr\u00e1venie-chr\u00e1ni slizni\u010dn\u00e9 v\u00fdstelky v\u00a0tr\u00e1viacom syst\u00e9me<\/li>\n<li>M\u00e1 v\u00fdrazn\u00fd vplyv na zdravie poko\u017eky, nechtov a\u00a0vlasov<\/li>\n<li>Spoma\u013euje starnutie<\/li>\n<li><em><strong>Odb\u00farava<\/strong>\u00a0<strong>vr\u00e1sky<\/strong><\/em>\u00a0a\u00a0eliminuje\u00a0<em><strong>celulit\u00eddu<\/strong><\/em><\/li>\n<li>Zlep\u0161uje elasticitu poko\u017eky<\/li>\n<\/ul>\n<p><strong>ZLO\u017dENIE jednej porcie (3,1g):<\/strong>\u00a0Instantn\u00e1 k\u00e1va 1,5g, Inul\u00edn 0,6g, Verisol 1g,<\/p>\n<p>V\u00fd\u017eivov\u00e9 \u00fadaje:<\/p>\n<ul>\n<li>Energetick\u00e1 hodnota1338KJ\/319kcal<\/li>\n<li>Sacharidy 27,9g z\u00a0toho cukry 4,57g<\/li>\n<li>Tuk 0,24g z\u00a0toho nenas\u00fdten\u00e9 mastn\u00e9 kyseliny 0,10g<\/li>\n<li>Bielkoviny 39,68g<\/li>\n<li>So\u013e 0,09g<\/li>\n<li>Vl\u00e1knina 22,35g<\/li>\n<\/ul>\n","protected":false},"excerpt":{"rendered":"<p>Tento produkt m\u00f4\u017ee okrem pr\u00edjemn\u00e9ho p\u00f4\u017eitku z\u00a0vo\u0148avej k\u00e1vy poskytn\u00fa\u0165 aj zdravotn\u00fd\u00a0<strong>BENEFIT<\/strong>. Za t\u00fdmto \u00fa\u010delom bol aj zostaven\u00fd. Ve\u013ea \u013eud\u00ed si nevie de\u0148 bez dobrej vo\u0148avej k\u00e1vy ani predstavi\u0165 a\u00a0ni\u010d kraj\u0161ie nie je ako t\u00fato predstavu spoji\u0165 \u00a0e\u0161te s\u00a0t\u00fdm, \u017ee rob\u00edm nie\u010do aj pre svoje zdravie.\u00a0<strong>COLLAGEN COFFEE<\/strong>\u00a0je \u00a0k\u00e1va, ktor\u00e1 n\u00e1m dopln\u00ed ve\u013emi d\u00f4le\u017eit\u00fa zlo\u017eku pre dobr\u00e9 zdravie a to je COLLAG\u00c9N obohaten\u00fd o\u00a0<strong>VERISOL<\/strong>.<\/p>\n<p><em><strong>Jednoporciov\u00e9 balenie do pr\u00e1ce, na cesty, na dovolenku.<\/strong><\/em><\/p>\n<p>Obsah jednej porcie: 3,1 g<\/p>\n","protected":false},"featured_media":935,"comment_status":"open","ping_status":"closed","template":"","meta":[],"product_cat":[42,32,22,40,44,31,41,33],"product_tag":[],"class_list":{"0":"post-934","1":"product","2":"type-product","3":"status-publish","4":"has-post-thumbnail","6":"product_cat-detoxikacia","7":"product_cat-imunita","8":"product_cat-kosti-a-klby","9":"product_cat-nechty","10":"product_cat-nervova-sustava","11":"product_cat-proti-starnutiu","12":"product_cat-svaly","13":"product_cat-traviaca-sustava","15":"first","16":"instock","17":"taxable","18":"shipping-taxable","19":"purchasable","20":"product-type-simple"},"_links":{"self":[{"href":"https:\/\/www.partnerland.sk\/index.php?rest_route=\/wp\/v2\/product\/934","targetHints":{"allow":["GET"]}}],"collection":[{"href":"https:\/\/www.partnerland.sk\/index.php?rest_route=\/wp\/v2\/product"}],"about":[{"href":"https:\/\/www.partnerland.sk\/index.php?rest_route=\/wp\/v2\/types\/product"}],"replies":[{"embeddable":true,"href":"https:\/\/www.partnerland.sk\/index.php?rest_route=%2Fwp%2Fv2%2Fcomments&post=934"}],"wp:featuredmedia":[{"embeddable":true,"href":"https:\/\/www.partnerland.sk\/index.php?rest_route=\/wp\/v2\/media\/935"}],"wp:attachment":[{"href":"https:\/\/www.partnerland.sk\/index.php?rest_route=%2Fwp%2Fv2%2Fmedia&parent=934"}],"wp:term":[{"taxonomy":"product_cat","embeddable":true,"href":"https:\/\/www.partnerland.sk\/index.php?rest_route=%2Fwp%2Fv2%2Fproduct_cat&post=934"},{"taxonomy":"product_tag","embeddable":true,"href":"https:\/\/www.partnerland.sk\/index.php?rest_route=%2Fwp%2Fv2%2Fproduct_tag&post=934"}],"curies":[{"name":"wp","href":"https:\/\/api.w.org\/{rel}","templated":true}]}}