{"id":928,"date":"2022-10-21T10:20:55","date_gmt":"2022-10-21T10:20:55","guid":{"rendered":"https:\/\/www.partnerland.sk\/?post_type=product&#038;p=928"},"modified":"2022-10-21T10:20:55","modified_gmt":"2022-10-21T10:20:55","slug":"chanca-piedra-caj","status":"publish","type":"product","link":"https:\/\/www.partnerland.sk\/?product=chanca-piedra-caj","title":{"rendered":"Chanca Piedra &#8211; \u010daj"},"content":{"rendered":"<p>Balenie: 50g<\/p>\n<p><strong>Zlo\u017eenie:\u00a0<\/strong>Chanca Piedra 100%<\/p>\n<p><strong>N\u00e1lev a chu\u0165 byliny<\/strong><br \/>\n\u010caj z Chanca piedra m\u00e1 medovo \u017elt\u00fa farbu. Chu\u0165 je pomerne nev\u00fdrazn\u00e1. Mierne kysl\u00e1, trochu tr\u00e1vov\u00e1 a \u013eahko hork\u00e1.<\/p>\n<p><strong>P\u00f4vod byliny<\/strong><br \/>\nDivoko rast\u00faca bylina z Peru dosahuje v\u00fd\u0161ku iba 30-60 cm. M\u00e1 elipsovit\u00e9 listy, okr\u00fahle, mierne splo\u0161ten\u00e9 plody a mal\u00e9 biele alebo \u017elt\u00e9 kvety. K lie\u010div\u00fdm \u00fa\u010delom sa pou\u017e\u00edva nadzemn\u00e1 \u010das\u0165. Dnes n\u00e1jdeme Chanca Piedra (\u010de\u013ea\u010f pry\u0161covit\u00e9) aj v Indii, tropickej Afrike, Amerike a juhov\u00fdchodnej \u00c1zii. M\u00e1 mnoho n\u00e1zvov, napr\u00edklad pitirishi, stone shaker, sasha foster, amarus, memeniran, tamalak alebo makantowe.<\/p>\n<p>Po desiatky gener\u00e1ci\u00ed je Chanca piedra pou\u017e\u00edvan\u00e1 tradi\u010dn\u00fdmi indi\u00e1nskymi kme\u0148mi k \u00fa\u010dinnej lie\u010dbe obli\u010dkov\u00fdch probl\u00e9mov. \u010c\u00edm vy\u0161\u0161ie rastie, t\u00fdm viac \u00fa\u010dinn\u00fdch l\u00e1tok obsahuje.<\/p>\n<p>Pribli\u017ene od roku 1960 je podrobovan\u00e1 mnoh\u00fdch \u0161t\u00fadi\u00e1m, z ktor\u00fdch vypl\u00fdva, \u017ee je bohat\u00fdm zdrojom unik\u00e1tnych rastlinn\u00fdch chemick\u00fdch l\u00e1tok. Obsahuje predov\u0161etk\u00fdm biologicky akt\u00edvne lignany, glykozidy, flavonoidy, alkaloidy, lipidy, steroly a flav\u00f3ny.<\/p>\n<p><strong>N\u00e1vod na pr\u00edpravu<\/strong><\/p>\n<ul>\n<li>Su\u0161en\u00fa bylinu (1-2 ly\u017eice) zalejte 700 ml studenej vody a prive\u010fte do varu, potom na miernom plameni varte 5-10 min\u00fat.<\/li>\n<li>Nezakr\u00fdvajte n\u00e1dobu pokrievkou, odvar sa zredukuje.<\/li>\n<li>Odvar zlejte.<\/li>\n<li>Pite 3x denne, pri kolik\u00e1ch tepl\u00fd.<\/li>\n<\/ul>\n<p>Pitn\u00e1 k\u00fara m\u00f4\u017ee trva\u0165 od 1 do 3 mesiacov.<\/p>\n<p><strong>\u00da\u010dinky Chanca piedry<br \/>\n<\/strong>Nejak\u00e9ho l\u00e1ma\u010da s\u0155dc pozn\u00e1 asi ka\u017ed\u00fd, ale \u010do takto l\u00e1ma\u010da kame\u0148ov? Tak sa toti\u017e hovor\u00ed tejto amaz\u00f3nskej byline. A ako mnoho \u010fal\u0161\u00edch tajomn\u00fdch rastl\u00edn z tejto doposia\u013e nie celkom preb\u00e1danej \u010dasti sveta, je aj chanca piedra pln\u00e1 magick\u00fdch lie\u010div\u00fdch \u00fa\u010dinkov.<\/p>\n<p><strong>M\u00f4\u017eete sa presved\u010di\u0165 sami:<\/strong><\/p>\n<ul>\n<li>odstra\u0148uje \u017el\u010dov\u00e9 a \u013eadvinov\u00e9 kamene,<\/li>\n<li>podporuje spr\u00e1vnu funkciu \u013eadv\u00edn a pe\u010dene,<\/li>\n<li>zlep\u0161uje krvn\u00fd obeh,<\/li>\n<li>posil\u0148uje imunitn\u00fd syst\u00e9m,<\/li>\n<li>tlm\u00ed boles\u0165,<\/li>\n<li>m\u00e1 protiz\u00e1palov\u00e9 a antibakteri\u00e1lne \u00fa\u010dinky,<\/li>\n<li>upravuje tlak, hladinu cukru v krvi a zabra\u0148uje ne\u017eiad\u00facemu ukladaniu cholesterolu,<\/li>\n<li>pom\u00e1ha pri \u0165a\u017ekostiach mo\u010dov\u00fdch ciest.<\/li>\n<\/ul>\n<p>Chanca piedra je v na\u0161ich kon\u010din\u00e1ch nie ve\u013emi zn\u00e1ma bylina men\u0161ieho vzrastu. Jedn\u00e1 sa pribli\u017ene o 40 cm vysok\u00fa rastlinu, ktorej p\u00f4vod siaha do hlb\u00edn da\u017e\u010fov\u00fdch pralesov Ju\u017enej Ameriky. N\u00e1js\u0165 ju v\u0161ak m\u00f4\u017eete aj na \u010fal\u0161\u00edch miestach. Miluje hor\u00fa\u010davu a sucho, tak\u017ee nieje probl\u00e9m na \u0148u narazi\u0165 aj v niektor\u00fdch tropick\u00fdch \u010dastiach Indie, juhov\u00fdchodnej \u00c1zie \u010di Afriky. Av\u0161ak naj\u00fa\u010dinnej\u0161ie s\u00fa byliny rast\u00face vo vy\u0161\u0161\u00edch nadmorsk\u00fdch v\u00fd\u0161kach, napr\u00edklad v Peru.<\/p>\n<p>U\u017e po tis\u00edce rokov velebia jej schopnosti ako p\u00f4vodn\u00ed juhoamerick\u00ed indi\u00e1ni, tak Ajurv\u00e9da. Je teda len dobre, \u017ee ju postupne objavuje aj z\u00e1padn\u00e1 medic\u00edna. V posledn\u00fdch dek\u00e1dach sa uskuto\u010dnilo nieko\u013eko v\u00fdskumov, ktor\u00e9 \u013eahko potvrdzuj\u00fa pozit\u00edvny vplyv na zdravie \u010dloveka.<\/p>\n<p>Zo su\u0161enej rastliny sa d\u00e1 pripravi\u0165 zlatist\u00fd n\u00e1lev, ktor\u00fd sa doporu\u010duje pi\u0165 po dobu nanajv\u00fd\u0161 troch mesiacov. Tehotn\u00e9 a doj\u010diace \u017eeny by si ale Chanca piedru mali odpusti\u0165 \u00faplne.<\/p>\n","protected":false},"excerpt":{"rendered":"<p>Odstra\u0148uje \u017el\u010dov\u00e9 a \u013eadvinov\u00e9 kamene, podporuje spr\u00e1vnu funkciu \u013eadv\u00edn a pe\u010dene,<br \/>\nzlep\u0161uje krvn\u00fd obeh, posil\u0148uje imunitn\u00fd syst\u00e9m, tlm\u00ed boles\u0165,..<\/p>\n","protected":false},"featured_media":929,"comment_status":"open","ping_status":"closed","template":"","meta":[],"product_cat":[30],"product_tag":[],"class_list":{"0":"post-928","1":"product","2":"type-product","3":"status-publish","4":"has-post-thumbnail","6":"product_cat-oblicky","8":"first","9":"instock","10":"taxable","11":"shipping-taxable","12":"purchasable","13":"product-type-simple"},"_links":{"self":[{"href":"https:\/\/www.partnerland.sk\/index.php?rest_route=\/wp\/v2\/product\/928","targetHints":{"allow":["GET"]}}],"collection":[{"href":"https:\/\/www.partnerland.sk\/index.php?rest_route=\/wp\/v2\/product"}],"about":[{"href":"https:\/\/www.partnerland.sk\/index.php?rest_route=\/wp\/v2\/types\/product"}],"replies":[{"embeddable":true,"href":"https:\/\/www.partnerland.sk\/index.php?rest_route=%2Fwp%2Fv2%2Fcomments&post=928"}],"wp:featuredmedia":[{"embeddable":true,"href":"https:\/\/www.partnerland.sk\/index.php?rest_route=\/wp\/v2\/media\/929"}],"wp:attachment":[{"href":"https:\/\/www.partnerland.sk\/index.php?rest_route=%2Fwp%2Fv2%2Fmedia&parent=928"}],"wp:term":[{"taxonomy":"product_cat","embeddable":true,"href":"https:\/\/www.partnerland.sk\/index.php?rest_route=%2Fwp%2Fv2%2Fproduct_cat&post=928"},{"taxonomy":"product_tag","embeddable":true,"href":"https:\/\/www.partnerland.sk\/index.php?rest_route=%2Fwp%2Fv2%2Fproduct_tag&post=928"}],"curies":[{"name":"wp","href":"https:\/\/api.w.org\/{rel}","templated":true}]}}