{"id":920,"date":"2022-10-21T10:09:25","date_gmt":"2022-10-21T10:09:25","guid":{"rendered":"https:\/\/www.partnerland.sk\/?post_type=product&#038;p=920"},"modified":"2022-11-24T10:32:29","modified_gmt":"2022-11-24T10:32:29","slug":"blue-spirulina-50-g-prasok","status":"publish","type":"product","link":"https:\/\/www.partnerland.sk\/?product=blue-spirulina-50-g-prasok","title":{"rendered":"Blue Spirulina &#8211; 50 g pr\u00e1\u0161ok"},"content":{"rendered":"<p>50 g \u2013 pr\u00e1\u0161ok<\/p>\n<p>Modr\u00e1 Spirulina je pr\u00edrodn\u00e1 superpotravina s vysok\u00fdm obsahom \u017eiv\u00edn a bielkov\u00edn. Posil\u0148uje odolnos\u0165 organizmu a detoxikuje telo. Podporuje transport kysl\u00edka do svalov\u00e9ho a imunitn\u00e9ho syst\u00e9mu a odpor\u00fa\u010da sa najm\u00e4 \u0161portovcom, ktor\u00ed chc\u00fa zlep\u0161i\u0165 svoj v\u00fdkon, ako aj zotavenie po intenz\u00edvnej n\u00e1mahe alebo \u00faraze.<\/p>\n<p>Pre\u010do odpor\u00fa\u010dame Spirulinu zaradi\u0165 do jed\u00e1lni\u010dka?<\/p>\n<p>&nbsp;<\/p>\n<p>U n\u00e1s Modr\u00fa Spirulinu pred\u00e1vame vo forme pr\u00e1\u0161ku, ktor\u00fd mo\u017eno pou\u017ei\u0165 ako farbivo do zdrav\u00fdch ra\u0148ajok, k\u00e1vy alebo smoothies. Vyzer\u00e1 to aj na poh\u013ead \u201eNESKUTO\u010cNE\u201c kr\u00e1sne. Ke\u010f si to priprav\u00edte, len sa v\u00a0tom sami utvrd\u00edte.<\/p>\n<p>Rovnako ako v\u0161etky zdrav\u00e9 zelen\u00e9 produkty p\u00f4sob\u00ed vysoko antioxida\u010dne. Posil\u0148uje obranyschopnos\u0165, dod\u00e1va energiu, pom\u00e1ha s cholesterolom a zni\u017euje chu\u0165 na sladk\u00e9, tak\u017ee pom\u00e1ha pri chudnut\u00ed.<\/p>\n<p>Obsahuje vitam\u00edny B1, B2, B3, B6, B9, C, D, A, E, miner\u00e1lne l\u00e1tky, omega-3 mastn\u00e9 kyseliny a kompletn\u00e9 spektrum aminokysel\u00edn (vr\u00e1tane esenci\u00e1lnych). Najz\u00e1sadnej\u0161ou zlo\u017ekou je ale fykocyan\u00edn.<\/p>\n<p>&nbsp;<\/p>\n<p>Fykocyan\u00edn<\/p>\n<p>&nbsp;<\/p>\n<p>Fykocyan\u00edn je modr\u00e9 farbivo vyskytuj\u00face sa v tel\u00e1ch mikroorganizmov, ako je pr\u00e1ve Spirulina. Je nosite\u013eom prote\u00ednov a bielkov\u00edn a v\u00fdznamne pom\u00e1ha pri fotosynt\u00e9ze.<\/p>\n<p>&nbsp;<\/p>\n<p>V\u010faka fykocyan\u00edn m\u00e1 Spirulina protiz\u00e1palov\u00e9 a antioxida\u010dn\u00e9 \u00fa\u010dinky, zvy\u0161uje obranyschopnos\u0165 a pom\u00e1ha pri hojen\u00ed r\u00e1n.<\/p>\n<p>&nbsp;<\/p>\n<p>Modr\u00e1 spirulina \u00a0je kr\u00e1\u013eovn\u00e1 medzi farbivami.<\/p>\n<p>&nbsp;<\/p>\n<p>A pr\u00e1ve fykocyan\u00edn je to, \u010do n\u00e1jdete v balen\u00ed modrej spiruliny. Z\u00edskava sa extrakciou zo spiruliny a\u00a0pre jej kr\u00e1snu modr\u00fa farbu sa pou\u017e\u00edva aj na farbenie jed\u00e1l a n\u00e1pojov.<\/p>\n<p>&nbsp;<\/p>\n<p>Spirulina patr\u00ed k nutri\u010dne naj\u00faplnej\u0161\u00edm potravinov\u00fdm doplnkom. T\u00e1to je jedine\u010dn\u00e1 pre svoj vysok\u00fd obsah fykocyan\u00edn (modr\u00fd pigment Spiruliny), \u010do je unik\u00e1tny pr\u00edrodn\u00fd antioxidant. M\u00e1 plno zdravotn\u00fdch pr\u00ednosov.<\/p>\n<p>&nbsp;<\/p>\n<p>V posledn\u00fdch nieko\u013ek\u00fdch desa\u0165ro\u010diach maj\u00fa pr\u00edrodn\u00e9 produkty \u010doraz v\u00e4\u010d\u0161\u00ed v\u00fdznam pre aplik\u00e1ciu chemickej prevencie a lie\u010dby chor\u00f4b.\u00a0Ned\u00e1vno sa preuk\u00e1zalo, \u017ee morsk\u00e9 pr\u00edrodn\u00e9 produkty s farmakologickou aktivitou maj\u00fa siln\u00fa protirakovinov\u00fa aktivitu a maj\u00fa men\u0161ie alebo \u017eiadne toxick\u00e9 ved\u013eaj\u0161ie \u00fa\u010dinky.\u00a0Morsk\u00e9 pr\u00edrodn\u00e9 produkty maj\u00fa teda v posledn\u00fdch rokoch d\u00f4le\u017eit\u00fd v\u00fdvoj a vyu\u017eitie.\u00a0\u00a0Fykocyan\u00edn (PC), morsk\u00fd pr\u00edrodn\u00fd extrakt, bol \u0161tudovan\u00fd pre jeho protirakovinov\u00fd \u00fa\u010dinok na zhubn\u00e9 tuh\u00e9 n\u00e1dory.\u00a0Fykocyan\u00edn je navy\u0161e tox\u00edn pre rakovinov\u00e9 bunky, zatia\u013e \u010do je netoxick\u00fd pre norm\u00e1lne bunky.<\/p>\n<p>&nbsp;<\/p>\n<p>Fykocyan\u00edn m\u00f4\u017ee ma\u0165 siln\u00fd potenci\u00e1l ako podporn\u00fd doplnok v \u0161irokej \u0161k\u00e1le klinick\u00fdch aplik\u00e1ci\u00ed.\u00a0Fykocyan\u00edn vykazuje \u0161irok\u00fa \u0161k\u00e1lu farmakologick\u00fdch \u00fa\u010dinkov, s antioxida\u010dn\u00fdmi, protirakovinov\u00fdmi, protiz\u00e1palov\u00fdmi \u00fa\u010dinkami\u00a0a stimul\u00e1ciou imunitn\u00e9ho syst\u00e9mu.<\/p>\n<h2><\/h2>\n<h2>V\u00ddHODY FYKOCYAN\u00cdNU<\/h2>\n<p>&nbsp;<\/p>\n<ol>\n<li><strong>Protiz\u00e1palov\u00e9<\/strong><\/li>\n<\/ol>\n<p>\u00da\u010dinky fykocyan\u00ednu s\u00fa porovnate\u013en\u00e9 s \u00fa\u010dinkami najzn\u00e1mej\u0161\u00edch protiz\u00e1palov\u00fdch molek\u00fal.\u00a0Fykocyan\u00edn bol uznan\u00fd ako jedna z najs\u013eubnej\u0161\u00edch pr\u00edrodn\u00fdch molek\u00fal z h\u013eadiska inhib\u00edcie proz\u00e1palov\u00fdch enz\u00fdmov COX-2 \u2013 ktor\u00e9 s\u00favisia s fenom\u00e9nom z\u00e1palu a s n\u00edm spojenou boles\u0165ou chrupavky a k\u013abov.<\/p>\n<p>&nbsp;<\/p>\n<ol start=\"2\">\n<li><strong>Antialergick\u00fd (astma, senn\u00e1 n\u00e1dcha)<\/strong><strong>, imunomodul\u00e1cia<\/strong><\/li>\n<\/ol>\n<p>Fykocyan\u00edn je jedin\u00e1 pr\u00edrodn\u00e1 zl\u00fa\u010denina, ktor\u00e1 je \u00fa\u010dinn\u00e1 proti astme.\u00a0Inhibuje tie\u017e produkciu molek\u00fal zodpovedn\u00fdch za z\u00e1pal \u2013 obmedzuje mno\u017estvo uvo\u013enen\u00fdch t\u00fdchto molek\u00fal a t\u00fdm obmedzuje ich \u00fa\u010dinky po\u010das alergick\u00fdch udalost\u00ed.<\/p>\n<p>&nbsp;<\/p>\n<ol start=\"3\">\n<li><strong>Antioxidant\u00a0<\/strong><\/li>\n<\/ol>\n<p>Antikoradik\u00e1lne vlastnosti fykocyan\u00ednu pom\u00e1haj\u00fa chr\u00e1ni\u0165 bunky pred po\u0161koden\u00edm vo\u013en\u00fdmi radik\u00e1lmi.\u00a0Uk\u00e1zalo sa tie\u017e, \u017ee je neuroprotekt\u00edvny v\u010faka svojim \u00fa\u010dinkom na oxida\u010dn\u00fd stres.<\/p>\n<p><strong>\u00a0<\/strong><\/p>\n<ol start=\"4\">\n<li><strong>Stimul\u00e1cia uvo\u013e\u0148ovania EPO<\/strong><\/li>\n<\/ol>\n<p>Fykocyan\u00edn v\u010faka svojej \u0161trukt\u00fare, podobnej \u0161trukt\u00fare erytropoet\u00ednu (EPO), prispieva k produkcii \u010derven\u00fdch krviniek a t\u00fdm podporuje transport kysl\u00edka do svalov\u00e9ho a imunitn\u00e9ho syst\u00e9mu.<\/p>\n<p>Fykocyan\u00edn sa odpor\u00fa\u010da najm\u00e4 \u0161portovcom, ktor\u00ed chc\u00fa zlep\u0161i\u0165 svoj v\u00fdkon, ako aj zotavenie po intenz\u00edvnom \u00fasil\u00ed alebo \u00faraze.<\/p>\n<p>M\u00f4\u017ee sa tie\u017e pou\u017ei\u0165 na prevenciu degenerat\u00edvnych chor\u00f4b, alergi\u00ed a sennej n\u00e1dchy a tie\u017e na pomoc pri lie\u010dbe ak\u00fdchko\u013evek v\u00edrusov\u00fdch ochoren\u00ed (vr\u00e1tane mononukle\u00f3zy, ktor\u00e1 je be\u017en\u00e1 u \u0161portovcov).<\/p>\n","protected":false},"excerpt":{"rendered":"<p>Modr\u00e1 Spirulina je pr\u00edrodn\u00e1 superpotravina s vysok\u00fdm obsahom \u017eiv\u00edn a bielkov\u00edn. Posil\u0148uje odolnos\u0165 organizmu a detoxikuje telo. Podporuje transport kysl\u00edka do svalov\u00e9ho a imunitn\u00e9ho syst\u00e9mu a odpor\u00fa\u010da sa najm\u00e4 \u0161portovcom, ktor\u00ed chc\u00fa zlep\u0161i\u0165 svoj v\u00fdkon, ako aj zotavenie po intenz\u00edvnej n\u00e1mahe alebo \u00faraze.<\/p>\n","protected":false},"featured_media":921,"comment_status":"open","ping_status":"closed","template":"","meta":[],"product_cat":[26,28,37,32,36,22,39,27,35,31,41,33,24,25,23],"product_tag":[],"class_list":{"0":"post-920","1":"product","2":"type-product","3":"status-publish","4":"has-post-thumbnail","6":"product_cat-chloesterol","7":"product_cat-cukrovka","8":"product_cat-energia","9":"product_cat-imunita","10":"product_cat-kondicia","11":"product_cat-kosti-a-klby","12":"product_cat-krvotvorba","13":"product_cat-onkologicke-ochorenia","14":"product_cat-pecen","15":"product_cat-proti-starnutiu","16":"product_cat-svaly","17":"product_cat-traviaca-sustava","18":"product_cat-unava","19":"product_cat-vycerpanie","20":"product_cat-zapal","22":"first","23":"instock","24":"taxable","25":"shipping-taxable","26":"purchasable","27":"product-type-simple"},"_links":{"self":[{"href":"https:\/\/www.partnerland.sk\/index.php?rest_route=\/wp\/v2\/product\/920","targetHints":{"allow":["GET"]}}],"collection":[{"href":"https:\/\/www.partnerland.sk\/index.php?rest_route=\/wp\/v2\/product"}],"about":[{"href":"https:\/\/www.partnerland.sk\/index.php?rest_route=\/wp\/v2\/types\/product"}],"replies":[{"embeddable":true,"href":"https:\/\/www.partnerland.sk\/index.php?rest_route=%2Fwp%2Fv2%2Fcomments&post=920"}],"wp:featuredmedia":[{"embeddable":true,"href":"https:\/\/www.partnerland.sk\/index.php?rest_route=\/wp\/v2\/media\/921"}],"wp:attachment":[{"href":"https:\/\/www.partnerland.sk\/index.php?rest_route=%2Fwp%2Fv2%2Fmedia&parent=920"}],"wp:term":[{"taxonomy":"product_cat","embeddable":true,"href":"https:\/\/www.partnerland.sk\/index.php?rest_route=%2Fwp%2Fv2%2Fproduct_cat&post=920"},{"taxonomy":"product_tag","embeddable":true,"href":"https:\/\/www.partnerland.sk\/index.php?rest_route=%2Fwp%2Fv2%2Fproduct_tag&post=920"}],"curies":[{"name":"wp","href":"https:\/\/api.w.org\/{rel}","templated":true}]}}