{"id":916,"date":"2022-10-21T09:53:46","date_gmt":"2022-10-21T09:53:46","guid":{"rendered":"https:\/\/www.partnerland.sk\/?post_type=product&#038;p=916"},"modified":"2022-11-24T10:25:56","modified_gmt":"2022-11-24T10:25:56","slug":"beauty-woman-collagen","status":"publish","type":"product","link":"https:\/\/www.partnerland.sk\/?product=beauty-woman-collagen","title":{"rendered":"BEAUTY WOMAN COLLAG\u00c9N"},"content":{"rendered":"<p>Dlhodob\u00e9 pravideln\u00e9 u\u017e\u00edvanie\u00a0<em><strong>BEAUTY WOMAN COLLAG\u00c9NU<\/strong><\/em>\u00a0V\u00e1m prinesie viacej\u00a0<em><strong>BENEFITOV<\/strong><\/em>\u00a0pre Va\u0161e zdravie a telo. O\u00a0<strong>pr\u00ednosoch<\/strong>\u00a0sa do\u010d\u00edtate ni\u017e\u0161ie v texte. Ka\u017ed\u00fd v\u00fdrobca uv\u00e1dza, \u017ee jeho kolag\u00e9n je najlep\u0161\u00ed. Kvalitu ostatn\u00fdch produktov ur\u010dite nespochyb\u0148ujeme. My sme vsadili v na\u0161om produkte na komplexnej\u0161\u00ed a intenz\u00edvnej\u0161\u00ed\u00a0 \u00fa\u010dinok. Taktie\u017e na to, aby bol tento produkt pr\u00edjemn\u00fd na u\u017e\u00edvanie, \u010do sa n\u00e1m ur\u010dite aj podarilo..<\/p>\n<p>Tento n\u00e1\u0161 COLLAG\u00c9N obsahuje 6400 mg hydrolyzovan\u00e9ho COLLAG\u00c9NU v jednej porcii. Je ve\u013emi dobre vstrebate\u013en\u00fd do \u013eudsk\u00e9ho tela a dobre sa rozp\u00fa\u0161\u0165a vo vode. COLLAG\u00c9N je obohaten\u00fd o starostivo vybrat\u00e9 zlo\u017eky, ktor\u00e9 s\u00fa VE\u013dMI \u00a0d\u00f4le\u017eit\u00e9 pre kone\u010dn\u00fd po\u017eadovan\u00fd\u00a0 v\u00fdsledok (KYSELINA HYALUR\u00d3NOV\u00c1, MSM, KAKAOV\u00dd PR\u00c1\u0160OK, INUL\u00cdN Z \u010cAKANKY, RY\u017dOV\u00dd N\u00c1POJ, CEJL\u00d3NSKA \u0160KORICA, REISHI,KOKOSOV\u00c1 VODA).<\/p>\n<p><strong>Pr\u00ednos<\/strong>\u00a0t\u00fdchto starostlivo vybrat\u00fdch zlo\u017eiek je pre \u013eudsk\u00e9 telo nasledovn\u00fd:<\/p>\n<ul>\n<li>Ve\u013emi dobr\u00e1 v\u00fd\u017eiva k\u013abov,\u00a0kost\u00ed, ko\u017ee a \u0161liach<\/li>\n<li>Vysok\u00fd obsah aminokysel\u00edn d\u00f4le\u017eit\u00fdch pre tvorbu vlastn\u00e9ho kolag\u00e9nu v\u00a0\u013eudskom tele<\/li>\n<li>Zmier\u0148uje bolesti k\u013abov<\/li>\n<li>Zlep\u0161uje pevnos\u0165 jednotliv\u00fdch tkan\u00edv a\u00a0kost\u00ed<\/li>\n<li>Zni\u017euje krvn\u00fd tlak a\u00a0eliminuje v\u00fdskyt nezdrav\u00e9ho cholesterolu v\u00a0krvi<\/li>\n<li>Dobre p\u00f4sob\u00ed na \u010dinnos\u0165 \u010driev a\u00a0mozgu<\/li>\n<li>Podporuje rozvoj \u010drevnej mikrofl\u00f3ry<\/li>\n<li>U\u013eah\u010duje vstreb\u00e1vanie v\u00e1pnika<\/li>\n<li>Je zdrojom d\u00f4le\u017eitej skupiny miner\u00e1lov a\u00a0vitam\u00ednov(mang\u00e1n, drasl\u00edk, zinok, vitam\u00edny skupiny B a\u00a0viacer\u00fdch druhov aminokysel\u00edn<\/li>\n<li>Napom\u00e1ha k\u00a0r\u00fdchlosti vypr\u00e1zd\u0148ovania \u017eal\u00fadka<\/li>\n<li>M\u00e1 dobr\u00e9 antibakteri\u00e1lne a\u00a0protiz\u00e1palov\u00e9 \u00fa\u010dinky<\/li>\n<li>Napom\u00e1ha posilni\u0165 imunitn\u00fd syst\u00e9m, napom\u00e1ha telu proti stresu a\u00a0nervov\u00fdm v\u00fdkyvom<\/li>\n<li>Chr\u00e1ni bunky pred oxida\u010dn\u00fdm stresom<\/li>\n<li>Napom\u00e1ha k\u00a0r\u00fdchlej\u0161ej regener\u00e1cii svalov a\u00a0poko\u017eky,napom\u00e1ha detoxikova\u0165 organizmus<\/li>\n<li>Napom\u00e1ha zni\u017eova\u0165 krvn\u00fd tlak a\u00a0chr\u00e1ni kardiovaskul\u00e1rny syst\u00e9m, vyrovn\u00e1va pH tela a\u00a0spoma\u013euje proces starnutia<\/li>\n<li>Eliminuje vr\u00e1sky a\u00a0vy\u017eivuje poko\u017eku<\/li>\n<\/ul>\n<p>SKLADOVANIE: Chr\u00e1ni\u0165 pred mrazom a\u00a0slne\u010dn\u00fdm \u017eiaren\u00edm. Skladujte v\u00a0suchu pre teplote do 25 stup\u0148ov Celzia. Skladujte mimo dosah det\u00ed . V\u00fdrobca neru\u010d\u00ed za \u0161kody vzniknut\u00e9 nevhodn\u00fdm pou\u017eit\u00edm alebo skladovan\u00edm.<\/p>\n","protected":false},"excerpt":{"rendered":"<p>Dlhodob\u00e9 pravideln\u00e9 u\u017e\u00edvanie BEAUTY WOMAN COLLAG\u00c9NU V\u00e1m prinesie viacej benefitov pre Va\u0161e zdravie a telo. Pri zlo\u017een\u00ed produktu \u00a0sme vsadili\u00a0 na komplexnej\u0161\u00ed a intenz\u00edvnej\u0161\u00ed\u00a0 \u00fa\u010dinok. Taktie\u017e na to, aby bol tento produkt pr\u00edjemn\u00fd na u\u017e\u00edvanie, \u010do sa n\u00e1m ur\u010dite aj podarilo..<\/p>\n<p>Obsah:320 g<\/p>\n","protected":false},"featured_media":917,"comment_status":"open","ping_status":"closed","template":"","meta":[],"product_cat":[22,40,30,35,31,33,43,29],"product_tag":[],"class_list":{"0":"post-916","1":"product","2":"type-product","3":"status-publish","4":"has-post-thumbnail","6":"product_cat-kosti-a-klby","7":"product_cat-nechty","8":"product_cat-oblicky","9":"product_cat-pecen","10":"product_cat-proti-starnutiu","11":"product_cat-traviaca-sustava","12":"product_cat-vlasy","13":"product_cat-vysoky-krvny-tlak","15":"first","16":"instock","17":"taxable","18":"shipping-taxable","19":"purchasable","20":"product-type-simple"},"_links":{"self":[{"href":"https:\/\/www.partnerland.sk\/index.php?rest_route=\/wp\/v2\/product\/916","targetHints":{"allow":["GET"]}}],"collection":[{"href":"https:\/\/www.partnerland.sk\/index.php?rest_route=\/wp\/v2\/product"}],"about":[{"href":"https:\/\/www.partnerland.sk\/index.php?rest_route=\/wp\/v2\/types\/product"}],"replies":[{"embeddable":true,"href":"https:\/\/www.partnerland.sk\/index.php?rest_route=%2Fwp%2Fv2%2Fcomments&post=916"}],"wp:featuredmedia":[{"embeddable":true,"href":"https:\/\/www.partnerland.sk\/index.php?rest_route=\/wp\/v2\/media\/917"}],"wp:attachment":[{"href":"https:\/\/www.partnerland.sk\/index.php?rest_route=%2Fwp%2Fv2%2Fmedia&parent=916"}],"wp:term":[{"taxonomy":"product_cat","embeddable":true,"href":"https:\/\/www.partnerland.sk\/index.php?rest_route=%2Fwp%2Fv2%2Fproduct_cat&post=916"},{"taxonomy":"product_tag","embeddable":true,"href":"https:\/\/www.partnerland.sk\/index.php?rest_route=%2Fwp%2Fv2%2Fproduct_tag&post=916"}],"curies":[{"name":"wp","href":"https:\/\/api.w.org\/{rel}","templated":true}]}}