{"id":914,"date":"2022-10-21T09:50:13","date_gmt":"2022-10-21T09:50:13","guid":{"rendered":"https:\/\/www.partnerland.sk\/?post_type=product&#038;p=914"},"modified":"2022-11-24T10:24:35","modified_gmt":"2022-11-24T10:24:35","slug":"astaxanthin-8-mg","status":"publish","type":"product","link":"https:\/\/www.partnerland.sk\/?product=astaxanthin-8-mg","title":{"rendered":"ASTAXANTHIN 8 mg"},"content":{"rendered":"<p><strong>Astaxanthin<\/strong>\u00a0je jednozna\u010dne\u00a0<strong>\u201eSuper antioxidant\u201c<\/strong><\/p>\n<p>Astaxant\u00edn je jedn\u00fdm z najsilnej\u0161\u00edch Antioxidantov na svete. Jeho\u00a0 sfarbenie sa odv\u00edja od\u00a0 riasy z ktorej sa z\u00edskava. Lososom, ktor\u00fd t\u00fato riasu vyh\u013ead\u00e1vaj\u00fa d\u00e1va silu pl\u00e1va\u0165 po cel\u00e9 dni proti pr\u00fadu vody. Chceli by ste c\u00edti\u0165 aj Vy tak\u00fa moc? Astaxant\u00edn u\u013eah\u010duje v\u00fdkon \u2013 a nielen to.\u00a0 Astaxant\u00edn n\u00e1s rob\u00ed odoln\u00fdch vo\u010di stresu, zabra\u0148uje ochoreniam srdca, zmier\u0148uje chronick\u00e9 z\u00e1palov\u00e9 procesy, zni\u017euje boles\u0165 k\u013abov a chr\u00e1ni poko\u017eku \u2013 dokonca aj pred vr\u00e1skami \u2013 ktor\u00e9 vznikaj\u00fa prirodzene od slnka. Astaxant\u00edn je pre \u013eud\u00ed, ktor\u00ed vedia, \u017ee v\u017edy existuje cesta ako sa udr\u017ea\u0165 pri sile a dobrej kond\u00edcii \u2013 je to\u00a0<strong><em>v\u00fd\u017eivov\u00fd doplnok bud\u00facnosti<\/em><\/strong>, nako\u013eko sa dost\u00e1va a\u017e do bunkovej \u00farovni.<\/p>\n<p>Odkia\u013e poch\u00e1dza Astaxanthin?<\/p>\n<p>Astaxant\u00edn sa prirodzene vyskytuje obzvl\u00e1\u0161\u0165 \u010dasto v riasach (plankt\u00f3n), ale aj v obmedzenom po\u010dte h\u00fab a bakt\u00e9ri\u00ed. Ak in\u00e9 zvierat\u00e1 konzumuj\u00fa tieto riasy vo ve\u013ek\u00fdch mno\u017estv\u00e1ch a hromadia tak Astaxant\u00edn v sebe, potom sa aj zafarbia do ru\u017eova.<\/p>\n<p>To je pr\u00edpad lososa, pstruha, hom\u00e1ra, krevety, krill, krab a dokonca aj plameniaky. Losos obsahuje najvy\u0161\u0161iu koncentr\u00e1ciu astaxant\u00ednu na svete. \u010cerven\u00e1 l\u00e1tka sa s\u00fastre\u010fuje na jeho svaly a rob\u00ed lososa vytrvalostn\u00e9ho\u00a0 \u0161ampi\u00f3na v divokej vode. Bez astaxant\u00ednu by losos bol pr\u00edli\u0161 slab\u00fd na to, aby pl\u00e1val proti pr\u00fadu, ale tie\u017e by bol bled\u00fd a vy\u010derpan\u00fd.<\/p>\n<p>Astaxant\u00edn nap\u013a\u0148a riasy a chr\u00e1ni ich.\u00a0\u00c1no, astaxant\u00edn o\u010dividne chr\u00e1ni riasy tak dobre, \u017ee m\u00f4\u017ee pre\u017ei\u0165 viac ako 40 rokov v hor\u00facom hor\u00fa\u010dave alebo v mrazivom po\u010das\u00ed bez jedla a vody.<\/p>\n<p>Astaxanthin \u2013 mal\u00fd, ale rozhoduj\u00faci rozdiel<\/p>\n<p>Astaxant\u00edn sa vo svojej chemickej \u0161trukt\u00fare l\u00ed\u0161i len mierne od ostatn\u00fdch<em><strong>\u00a0karotenoidov.<\/strong><\/em>\u00a0Ale tento mal\u00fd rozdiel je rozhoduj\u00faci a poskytuje v\u00fdnimo\u010dn\u00e9 schopnosti, ktor\u00e9 d\u00e1vaj\u00fa schopnos\u0165\u00a0 Astaxant\u00ednu vynikn\u00fa\u0165 z vlastnost\u00ed in\u00fdch karotenoidov.<\/p>\n<p>Napr\u00edklad astaxant\u00edn m\u00f4\u017ee\u00a0<em>prech\u00e1dza\u0165<\/em>\u00a0cez<em>\u00a0hematoencefalick\u00fa bari\u00e9ru<\/em>\u00a0a\u00a0<em>chr\u00e1ni\u0165 mozog a nervy centr\u00e1lneho nervov\u00e9ho syst\u00e9mu pred z\u00e1palom a vo\u013en\u00fdmi radik\u00e1lmi<\/em>\u00a0.<\/p>\n<p>Podobne astaxant\u00edn m\u00f4\u017ee prekona\u0165 takzvan\u00fa krvno-retin\u00e1lnu bari\u00e9ru a poskytn\u00fa\u0165 antioxida\u010dn\u00fa a protiz\u00e1palov\u00fa ochranu oka priamo v sietnici.<\/p>\n<p>Astaxant\u00edn m\u00f4\u017ee by\u0165 tie\u017e ve\u013emi \u00fa\u010dinn\u00fd v celom tele, tak\u017ee jeho ochrann\u00fd \u00fa\u010dinok na ka\u017ed\u00fa bunku, a teda na v\u0161etky org\u00e1ny, tkaniv\u00e1, k\u013aby a \u00fa\u010dinky na ko\u017eu.<\/p>\n<p>Astaxant\u00edn je preto mimoriadne siln\u00fd a super antioxidant, lebo p\u00f4sob\u00ed ve\u013emi r\u00fdchlo v celom tele a inaktivuje vo\u013en\u00e9 radik\u00e1ly takmer v okam\u017eiku.<\/p>\n<p>Vit\u00e1lna \u00faloha antioxidantov<\/p>\n<p>Neust\u00e1le hovoril o antioxidantoch.\u00a0\u010co je za t\u00fdm?\u00a0Antioxidanty zabra\u0148uj\u00fa \u2013 ako ich n\u00e1zov napoved\u00e1 \u2013 oxid\u00e1ci\u00e1m.\u00a0K oxida\u010dn\u00fdm procesom doch\u00e1dza, ke\u010f s\u00fa pr\u00edtomn\u00e9 vo\u013en\u00e9 radik\u00e1ly.\u00a0Ide o extr\u00e9mne reakt\u00edvne molekuly obsahuj\u00face kysl\u00edk, ktor\u00fdch chemick\u00e1 \u0161trukt\u00fara nem\u00e1 elektr\u00f3n.<\/p>\n<p>V \u017eivote vo\u013en\u00e9ho radik\u00e1lu nie je ni\u010d d\u00f4le\u017eitej\u0161ie ako lov tohto ch\u00fdbaj\u00faceho elektr\u00f3nu. V zlomkoch sekundy vo\u013en\u00e9 radik\u00e1ly \u00fato\u010dia na telesn\u00e9 bunky a odtrh\u00e1vaj\u00fa od nich elektr\u00f3n. Tento \u00fa\u010dinok sa naz\u00fdva oxida\u010dn\u00fd alebo oxida\u010dn\u00fd stres.<\/p>\n<p>Odcudzen\u00fd mu teraz ch\u00fdba elektr\u00f3n a st\u00e1va sa vo\u013en\u00fdm radik\u00e1lom.\u00a0To m\u00e1 za n\u00e1sledok re\u0165azov\u00e9 reakcie, ktor\u00e9 m\u00f4\u017eu sp\u00f4sobi\u0165 mas\u00edvne po\u0161kodenie tela.\u00a0Tieto \u0161kody s\u00fa pr\u00ed\u010dinou mnoh\u00fdch zdravotn\u00fdch probl\u00e9mov a procesov starnutia.<\/p>\n<p>Za\u010d\u00edna vr\u00e1skami a klesaj\u00facim svalov\u00fdm nap\u00e4t\u00edm a kon\u010d\u00ed chronick\u00fdmi z\u00e1palov\u00fdmi ochoreniami na rakovinu.\u00a0Odstr\u00e1nenie vo\u013en\u00fdch radik\u00e1lov je preto jedn\u00fdm z najd\u00f4le\u017eitej\u0161\u00edch faktorov\u00a0zdravotnej starostlivosti\u00a0.\u00a0A to je \u00faloha antioxidantov.<\/p>\n<p>Antioxidanty \u2013 dnes d\u00f4le\u017eitej\u0161ie ako kedyko\u013evek predt\u00fdm<\/p>\n<p>Dod\u00e1vka dostato\u010dne siln\u00fdch antioxidantov je d\u00f4le\u017eitej\u0161ia ako kedyko\u013evek predt\u00fdm, preto\u017ee konven\u010dn\u00e1 strava m\u00e1 v\u00fdnimo\u010dne n\u00edzky obsah antioxidantov, modern\u00e9ho sp\u00f4sobu \u017eivota, ale z\u00e1rove\u0148 n\u00e1m d\u00e1va viac vo\u013en\u00fdch radik\u00e1lov ako kedyko\u013evek predt\u00fdm.\u00a0Pre\u010d\u00edtajte si viac o vo\u013en\u00fdch radik\u00e1loch a ako ich mo\u017eno porazi\u0165 v texte \u201c\u00a0Antioxidanty chr\u00e1nia na\u0161e bunky\u00a0\u201c<\/p>\n<p>Astaxanthin \u2013 S najsilnej\u0161\u00edm antioxidantom na svete<\/p>\n<p>V jednom experimente sa antioxida\u010dn\u00fd \u00fa\u010dinok astaxant\u00ednu porovn\u00e1val s \u00fa\u010dinkom\u00a0vitam\u00ednu E\u00a0\u2013 zn\u00e1meho antioxidantu.\u00a0Uk\u00e1zalo sa, \u017ee astaxant\u00edn je\u00a0<em>550 kr\u00e1t \u00fa\u010dinnej\u0161\u00ed ako vitam\u00edn E<\/em>\u00a0pri neutraliz\u00e1cii akt\u00edvneho a reakt\u00edvneho singletov\u00e9ho kysl\u00edka.<\/p>\n<p>( Shimidzu a kol., 1996 ). V porovnan\u00ed s beta-karot\u00e9nom astaxant\u00edn st\u00e1le pracoval 11-kr\u00e1t silnej\u0161\u00ed v rovnakom experiment\u00e1lnom nastaven\u00ed. Lute\u00edn je bioakt\u00edvna rastlinn\u00e1 zl\u00fa\u010denina, ktor\u00e1 sa v poslednej dobe stala st\u00e1le popul\u00e1rnej\u0161ou v\u010faka svojmu p\u00fatav\u00e9mu efektu. On je tie\u017e pova\u017eovan\u00fd za extr\u00e9mne siln\u00fd antioxidant.<em>\u00a0Astaxanth\u00edn<\/em>\u00a0v\u0161ak\u00a0<em>lute\u00edn<\/em>\u00a0trikr\u00e1t prekonal.<\/p>\n<p>Druh\u00e1 \u0161t\u00fadia testovala schopnos\u0165 r\u00f4znych antioxidantov eliminova\u0165 vo\u013en\u00e9 radik\u00e1ly.\u00a0Z\u00e1vod zah\u0155\u0148al vitam\u00edn E, vitam\u00edn C, beta-karot\u00e9n a astaxant\u00edn.\u00a0Zistilo sa, \u017ee astaxant\u00edn bol takmer 20-kr\u00e1t lep\u0161\u00ed ako vitam\u00edn E, viac ako 50-kr\u00e1t lep\u0161\u00ed ako beta-karot\u00e9n a viac ako 60-kr\u00e1t silnej\u0161\u00ed ako vitam\u00edn C (Bagchi, 2001, Creighton University).<\/p>\n<p>Zlo\u017eenie: 700 mg softg\u00e9lov\u00e1 kapsula obsahuj\u00faca Astaxanthin 8 mg<\/p>\n<p><strong>Pre\u010do odpor\u00fa\u010dame Astaxanthin v na\u0161ich softg\u00e9lov\u00fdch kapsul\u00e1ch?<\/strong><\/p>\n<p>Kapsuly \u010dasto nie s\u00fa hermeticky uzavret\u00e9, \u010do znamen\u00e1, \u017ee \u00fa\u010dinok Astaxanthinu sa r\u00fdchlo vytr\u00e1ca. Preto by ste si mali kupova\u0165 iba kapsuly vyroben\u00e9 z m\u00e4kkej \u017eelat\u00edny.\u00a0Tu je Astaxant\u00edn skuto\u010dne chr\u00e1nen\u00fd pred kysl\u00edkom. Okrem toho bol pridan\u00fd kvalitn\u00fd olivov\u00fd olej, aby sa to zabezpe\u010dilo\u00a0\u017ee v\u00e1\u0161 organizmus dok\u00e1\u017ee l\u00e1tku e\u0161te lep\u0161ie absorbova\u0165 a spracova\u0165.<\/p>\n","protected":false},"excerpt":{"rendered":"<p>Siln\u00fd pr\u00edrodn\u00fd Antioxidant proti z\u00e1palom,podporuje zdravie o\u010d\u00ed,pom\u00e1ha chr\u00e1ni\u0165 poko\u017eku pred po\u0161koden\u00edm od slne\u010dn\u00e9ho svetla, udr\u017eiava poko\u017eku svie\u017eu a pru\u017en\u00fa, upravuje tlak, cholesterol a priaznivo p\u00f4sob\u00ed na kardiovaskul\u00e1rny syst\u00e9m.<\/p>\n","protected":false},"featured_media":915,"comment_status":"open","ping_status":"closed","template":"","meta":[],"product_cat":[28,42,37,32,36,22,44,27,31,24,25,29,23],"product_tag":[],"class_list":{"0":"post-914","1":"product","2":"type-product","3":"status-publish","4":"has-post-thumbnail","6":"product_cat-cukrovka","7":"product_cat-detoxikacia","8":"product_cat-energia","9":"product_cat-imunita","10":"product_cat-kondicia","11":"product_cat-kosti-a-klby","12":"product_cat-nervova-sustava","13":"product_cat-onkologicke-ochorenia","14":"product_cat-proti-starnutiu","15":"product_cat-unava","16":"product_cat-vycerpanie","17":"product_cat-vysoky-krvny-tlak","18":"product_cat-zapal","20":"first","21":"instock","22":"taxable","23":"shipping-taxable","24":"purchasable","25":"product-type-simple"},"_links":{"self":[{"href":"https:\/\/www.partnerland.sk\/index.php?rest_route=\/wp\/v2\/product\/914","targetHints":{"allow":["GET"]}}],"collection":[{"href":"https:\/\/www.partnerland.sk\/index.php?rest_route=\/wp\/v2\/product"}],"about":[{"href":"https:\/\/www.partnerland.sk\/index.php?rest_route=\/wp\/v2\/types\/product"}],"replies":[{"embeddable":true,"href":"https:\/\/www.partnerland.sk\/index.php?rest_route=%2Fwp%2Fv2%2Fcomments&post=914"}],"wp:featuredmedia":[{"embeddable":true,"href":"https:\/\/www.partnerland.sk\/index.php?rest_route=\/wp\/v2\/media\/915"}],"wp:attachment":[{"href":"https:\/\/www.partnerland.sk\/index.php?rest_route=%2Fwp%2Fv2%2Fmedia&parent=914"}],"wp:term":[{"taxonomy":"product_cat","embeddable":true,"href":"https:\/\/www.partnerland.sk\/index.php?rest_route=%2Fwp%2Fv2%2Fproduct_cat&post=914"},{"taxonomy":"product_tag","embeddable":true,"href":"https:\/\/www.partnerland.sk\/index.php?rest_route=%2Fwp%2Fv2%2Fproduct_tag&post=914"}],"curies":[{"name":"wp","href":"https:\/\/api.w.org\/{rel}","templated":true}]}}