{"id":910,"date":"2022-10-21T09:44:59","date_gmt":"2022-10-21T09:44:59","guid":{"rendered":"https:\/\/www.partnerland.sk\/?post_type=product&#038;p=910"},"modified":"2022-11-24T10:20:39","modified_gmt":"2022-11-24T10:20:39","slug":"alfalfa","status":"publish","type":"product","link":"https:\/\/www.partnerland.sk\/?product=alfalfa","title":{"rendered":"Alfalfa"},"content":{"rendered":"<p>Balenie: 90 kaps\u00fal \u00e1 500mg<br \/>\nObsah 1 tablety: Extrakt 10:1\u00a0 Medicago Sativa (Alfalfa)*<\/p>\n<p><strong>Medicago Sativa<\/strong>\u00a0alebo\u00a0<strong>Alfa-Alfa<\/strong>\u00a0alebo\u00a0<strong>Lucerna<\/strong>\u00a0alebo\u00a0<strong>Purple Medic<\/strong><\/p>\n<p>Existuje v mnoh\u00fdch r\u00f4znych form\u00e1ch.\u00a0<strong>Ve\u013emi vysok\u00fd zdroj vitam\u00ednu C<\/strong>, tie\u017e zdroj chlorofylu a vitam\u00ednu K. Pou\u017e\u00edva sa ako diuretikum a anti-hemoragick\u00e9 \u010dinidlo.<\/p>\n<p><strong>Hlavn\u00e9 zn\u00e1me zlo\u017eky:<\/strong><br \/>\nprote\u00edn, tuk, vitam\u00edny C, B1, B12, D, E, K1, provitam\u00edn A, nieko\u013eko miner\u00e1lnych sol\u00ed vr\u00e1tane drasl\u00edka, v\u00e1pnika a fosforu; chol\u00edn, trimetylam\u00edn, beta\u00edn, sapon\u00edn alfalfa, alkaloid, stachydr\u00edn; hor\u00faci princ\u00edp a hormon\u00e1lna l\u00e1tka, kumestrol<\/p>\n<p><b>TRADI\u010cN\u00c9 POU\u017dITIE<br \/>\n<\/b>ALFALFA (tie\u017e zn\u00e1ma ako lucerna) je dobre zn\u00e1ma v\u00fd\u017eivn\u00e1 bylina\u00a0<strong>s dlhou hist\u00f3riou pou\u017e\u00edvania<\/strong>\u00a0ako lie\u010div\u00e1 bylina a potravina, a ned\u00e1vno aj doplnok stravy.<\/p>\n<p>Ke\u010f\u017ee ide o potravinu podobn\u00fa a v\u00fd\u017eivn\u00fa rastlinu, tradi\u010dn\u00e9 sp\u00f4soby u\u017e\u00edvania ALFALFA s\u00fa rozsiahle. Pou\u017e\u00edvaj\u00fa sa na podporu diur\u00e9zy pri ochoreniach obli\u010diek, lie\u010dia cukrovku a dlhodob\u00e9 n\u00e1sledky, ako s\u00fa zv\u00fd\u0161en\u00e9 lipidy a obezita, a zlep\u0161uj\u00fa chronick\u00e9 \u00fa\u010dinky. Z\u00e1palov\u00e9 ochorenia od alergi\u00ed po astmu a\u017e po artrit\u00eddu. ALFALFA sa tie\u017e pou\u017e\u00edva v potravin\u00e1ch, n\u00e1pojoch, lie\u010div\u00fdch n\u00e1pojoch a zmesiach \u017eiv\u00edn, preto\u017ee obsahuje vysok\u00fd obsah mnoh\u00fdch d\u00f4le\u017eit\u00fdch \u017eiv\u00edn.<\/p>\n<p><strong>Alfalfa p\u00f4sob\u00ed ako \u010disti\u010dka krvi<\/strong>\u00a0a pom\u00e1ha mnoh\u00fdm trpiacim artrit\u00eddou ako detoxik\u00e1tor a \u010disti\u010dka krvi sa zistilo, \u017ee je prospe\u0161n\u00fd pre r\u00f4zne choroby, vr\u00e1tane por\u00fach pe\u010dene, z\u00e1pachu z dychu, infekci\u00ed, por\u00fach kost\u00ed a k\u013abov a ko\u017en\u00fdch ochoren\u00ed. M\u00e1 alkalizuj\u00faci \u00fa\u010dinok na telo. Je to skvel\u00fd zdroj miner\u00e1lnych doplnkov, ktor\u00e9 s\u00fa v\u0161etky z\u00e1sadit\u00e9, \u010do m\u00e1 neutralizuj\u00faci \u00fa\u010dinok na \u010drevn\u00fd trakt, \u010d\u00edm zmier\u0148uje za\u017e\u00edvacie probl\u00e9my, ako je podr\u00e1\u017eden\u00fd \u017eal\u00fadok, gastrit\u00edda a poruchy tr\u00e1venia. Extrakt z ALFALFA obsahuje\u00a0<strong>vysok\u00fd obsah v\u00e1pnika a hor\u010d\u00edka<\/strong>\u00a0a \u0161t\u00fadie uk\u00e1zali, \u017ee migr\u00e9nam sa d\u00e1 pred\u00eds\u0165 a \/ alebo zn\u00ed\u017ei\u0165, ke\u010f sa tieto dva miner\u00e1ly skombinuj\u00fa. V\u0161etky miner\u00e1ly s\u00fa vo vyv\u00e1\u017eenej forme, ktor\u00e1 tie\u017e podporuje vstreb\u00e1vanie.<\/p>\n<p><strong>Funkcie:<\/strong><\/p>\n<ol>\n<li>Podporova\u0165 tr\u00e1venie a asimil\u00e1ciu vitam\u00ednov, miner\u00e1lov;<\/li>\n<li>Zn\u00ed\u017ei\u0165 cholesterol a zabr\u00e1ni\u0165 tvorbe aterosklerotick\u00e9ho plaku;<\/li>\n<li>Zn\u00ed\u017eenie krvn\u00e9ho tuku;<\/li>\n<li>Spoma\u013euje proces starnutia buniek;<\/li>\n<li>Udr\u017ea\u0165 rovnov\u00e1hu kyseliny a b\u00e1zy.<\/li>\n<\/ol>\n<p><strong>Aplik\u00e1cia:<\/strong><\/p>\n<ol>\n<li>Odstr\u00e1nenie akn\u00e9;<\/li>\n<li>Odstr\u00e1\u0148te pr\u00edli\u0161 ve\u013ea kyseliny, aby ste zabr\u00e1nili vzniku DNY sp\u00f4sobenej vysokou koncentr\u00e1ciou kyseliny v krvi;<\/li>\n<li>Pom\u00f4c\u0165 zn\u00ed\u017ei\u0165 hladinu cholesterolu v krvi a organiz\u00e1cii tela;<\/li>\n<li>Pom\u00f4c\u0165 vyrovna\u0165 hodnotu PH;<\/li>\n<li>Zlep\u0161uje kvalitu sp\u00e1nku;<\/li>\n<li>Pri poruch\u00e1ch so zr\u00e1\u017eanlivos\u0165ou krvi, proti popraskan\u00fdm cievkam a krvn\u00fdm podliatin\u00e1m;<\/li>\n<li>Na elimin\u00e1ciu tmav\u00fdch kruhov okolo oka.<\/li>\n<\/ol>\n<p><strong>Priazniv\u00e9 \u00fa\u010dinky produktu ALFALFA<\/strong>, v\u010faka \u0161irok\u00e9mu spektru biologicky akt\u00edvnych prvkov, sa m\u00f4\u017eu prejavi\u0165 u\u017e po t\u00fd\u017edennom u\u017e\u00edvan\u00ed. ALFALFA pom\u00e1ha udr\u017eiava\u0165\u00a0<strong>zdravie srdca a spr\u00e1vnu hladinu cholesterolu<\/strong>, zlep\u0161uje metabolizmus, podporuje zdravie mo\u010dov\u00e9ho mech\u00fara a mo\u010dov\u00fdch ciest. M\u00e1 priazniv\u00fd vplyv aj na kvalitu vlasov a nechtov. Je nielen\u00a0<strong>podporou pre \u017eeny v menopauze<\/strong>, ale je\u00a0<strong>vhodn\u00e1 aj pre \u0161portovcov a \u0165a\u017eko pracuj\u00face osoby<\/strong>. ALFALFA podporuje energetick\u00fd metabolizmus; \u010dinnos\u0165 srdca; spr\u00e1vnu hladinu cholesterolu; zdravie pre \u017eeny; vitalitu; mo\u010dov\u00e9 cesty.<\/p>\n<p><strong>V\u00ddSKUM ZALO\u017dEN\u00dd NA D\u00d4KAZOCH<\/strong><br \/>\nJedna \u0161t\u00fadia testovala \u00fa\u010dinnos\u0165 ALFALFA pri lie\u010dbe n\u00e1valov hor\u00fa\u010davy a no\u010dn\u00e9ho potenia u 30 menopauz\u00e1lnych \u017eien. V\u0161eobecne sa uzn\u00e1va, \u017ee n\u00e1valy odr\u00e1\u017eaj\u00fa prisp\u00f4sobenie tela estrog\u00e9novej depriv\u00e1cii, ktor\u00e1 postihuje r\u00f4zne centr\u00e1lne neurotransmitery. N\u00e1valy hor\u00fa\u010davy a no\u010dn\u00e9 potenie zmizli u 20 \u017eien, 4 \u017eeny vykazovali dobr\u00e9 zlep\u0161enie a \u010fal\u0161\u00edch 6 vykazovalo zn\u00ed\u017eenie sympt\u00f3mov. Autori dospeli k z\u00e1veru, \u017ee bylinn\u00e1 kombin\u00e1cia mala centr\u00e1lny, mierny antidopaminergn\u00fd \u00fa\u010dinok bez ved\u013eaj\u0161\u00edch \u00fa\u010dinkov a bola pova\u017eovan\u00e1 za \u00fa\u010dinn\u00fa l\u00e1tku pri lie\u010dbe menopauz\u00e1lnych sympt\u00f3mov.<\/p>\n<p>\u0160t\u00fadie na zvierat\u00e1ch nazna\u010duj\u00fa, \u017ee ALFALFA je \u00fa\u010dinn\u00fd pri lie\u010dbe hyperlipid\u00e9mie a hyperglyk\u00e9mie; s\u00fa v\u0161ak potrebn\u00e9 pr\u00edsnej\u0161ie \u013eudsk\u00e9 \u0161t\u00fadie. Sapon\u00edny nach\u00e1dzaj\u00face sa v ALFALFA s\u00fa komplexnou zmesou triterp\u00e9nov\u00fdch glykozidov, ktor\u00e9 vykazuj\u00fa\u00a0<strong>\u0161irok\u00e9 spektrum biologick\u00fdch vlastnost\u00ed<\/strong>. V jednej \u0161t\u00fadii vykazovali hyperlipidemick\u00e9 potkany, ktor\u00fdm sa pod\u00e1val extrakt ALFALFA po\u010das 7 t\u00fd\u017ed\u0148ov,\u00a0<strong>v\u00fdznamn\u00e9 zlep\u0161enie hlad\u00edn lipidov v s\u00e9re a celkov\u00e9ho cholesterolu<\/strong>, \u010do nazna\u010duje mo\u017en\u00fd mechanizmus s enz\u00fdmami, ktor\u00e9 sa podie\u013eaj\u00fa na biosynt\u00e9ze cholesterolu, absorpcii a vylu\u010dovan\u00ed.<\/p>\n<p>In\u00fd zvierac\u00ed model vyu\u017e\u00edvaj\u00faci vodn\u00fd extrakt ALFALFA u diabetick\u00fdch my\u0161\u00ed demon\u0161troval stimul\u00e1ciu sekr\u00e9cie inzul\u00ednu z pankreatick\u00fdch B-bunkov\u00fdch l\u00edni\u00ed. Sekven\u010dn\u00e1 extrakcia s rozp\u00fa\u0161\u0165adlami uk\u00e1zala aktivitu uvo\u013e\u0148ovania inzul\u00ednu v metanolovej aj vo vodnej frakcii, \u010do nazna\u010duje kumulat\u00edvny \u00fa\u010dinok viac ako jednej zlo\u017eky extraktu. Autori dospeli k z\u00e1veru, \u017ee v ALFALFA sa potvrdila pr\u00edtomnos\u0165 antihyperglykemickej, inzul\u00edn uvo\u013e\u0148uj\u00facej a inzul\u00ednovej aktivity .<\/p>\n<p><strong>V\u0160EOBECN\u00c1 BEZPE\u010cNOS\u0164<\/strong><br \/>\nMierna konzum\u00e1cia listov ALFALFA v \u010dajoch a kapsul\u00e1ch sa v\u0161eobecne pova\u017euje za\u00a0<strong>bezpe\u010dn\u00fa a bez v\u00fdznamn\u00fdch ved\u013eaj\u0161\u00edch \u00fa\u010dinkov<\/strong>.<\/p>\n<p><strong>UPOZORNENIE<\/strong><br \/>\nOdpor\u00fa\u010dan\u00fa denn\u00fa d\u00e1vku neprekra\u010dujte. V\u00fd\u017eivov\u00e9 doplnky m\u00f4\u017eu kr\u00e1tkodobo kompenzova\u0165 v\u00fd\u017eivov\u00fd deficit alebo n\u00e1sledok podv\u00fd\u017eivy napr\u00edklad po di\u00e9te. Nie s\u00fa ale n\u00e1hradou vyv\u00e1\u017eenej a pestrej stravy. Uchov\u00e1vajte mimo dosahu det\u00ed.<\/p>\n","protected":false},"excerpt":{"rendered":"<p>ALFALFA (tie\u017e zn\u00e1ma ako lucerna) je dobre zn\u00e1ma v\u00fd\u017eivn\u00e1 bylina\u00a0<strong>s dlhou hist\u00f3riou pou\u017e\u00edvania<\/strong>\u00a0ako lie\u010div\u00e1 bylina a potravina, a ned\u00e1vno aj doplnok stravy.<\/p>\n","protected":false},"featured_media":911,"comment_status":"open","ping_status":"closed","template":"","meta":[],"product_cat":[26,42,37,32,36,31,33,24,25],"product_tag":[],"class_list":{"0":"post-910","1":"product","2":"type-product","3":"status-publish","4":"has-post-thumbnail","6":"product_cat-chloesterol","7":"product_cat-detoxikacia","8":"product_cat-energia","9":"product_cat-imunita","10":"product_cat-kondicia","11":"product_cat-proti-starnutiu","12":"product_cat-traviaca-sustava","13":"product_cat-unava","14":"product_cat-vycerpanie","16":"first","17":"instock","18":"taxable","19":"shipping-taxable","20":"purchasable","21":"product-type-simple"},"_links":{"self":[{"href":"https:\/\/www.partnerland.sk\/index.php?rest_route=\/wp\/v2\/product\/910","targetHints":{"allow":["GET"]}}],"collection":[{"href":"https:\/\/www.partnerland.sk\/index.php?rest_route=\/wp\/v2\/product"}],"about":[{"href":"https:\/\/www.partnerland.sk\/index.php?rest_route=\/wp\/v2\/types\/product"}],"replies":[{"embeddable":true,"href":"https:\/\/www.partnerland.sk\/index.php?rest_route=%2Fwp%2Fv2%2Fcomments&post=910"}],"wp:featuredmedia":[{"embeddable":true,"href":"https:\/\/www.partnerland.sk\/index.php?rest_route=\/wp\/v2\/media\/911"}],"wp:attachment":[{"href":"https:\/\/www.partnerland.sk\/index.php?rest_route=%2Fwp%2Fv2%2Fmedia&parent=910"}],"wp:term":[{"taxonomy":"product_cat","embeddable":true,"href":"https:\/\/www.partnerland.sk\/index.php?rest_route=%2Fwp%2Fv2%2Fproduct_cat&post=910"},{"taxonomy":"product_tag","embeddable":true,"href":"https:\/\/www.partnerland.sk\/index.php?rest_route=%2Fwp%2Fv2%2Fproduct_tag&post=910"}],"curies":[{"name":"wp","href":"https:\/\/api.w.org\/{rel}","templated":true}]}}