{"id":908,"date":"2022-10-21T09:41:21","date_gmt":"2022-10-21T09:41:21","guid":{"rendered":"https:\/\/www.partnerland.sk\/?post_type=product&#038;p=908"},"modified":"2022-11-24T10:19:17","modified_gmt":"2022-11-24T10:19:17","slug":"acai-berry-extrakt-brazilskej-cucoriedky","status":"publish","type":"product","link":"https:\/\/www.partnerland.sk\/?product=acai-berry-extrakt-brazilskej-cucoriedky","title":{"rendered":"Acai Berry &#8211; extrakt braz\u00edlskej \u010du\u010doriedky"},"content":{"rendered":"<p>Balenie: 100g pr\u00e1\u0161ok<br \/>\nExtrakt: 10:1<\/p>\n<p>U\u017e\u00edvanie extraktu z plodov Acai Berry:<\/p>\n<ul>\n<li>napom\u00e1ha redukova\u0165 hmotnos\u0165 a udr\u017eiava \u0161t\u00edhlu postavu,<\/li>\n<li>dod\u00e1va viac energie,<\/li>\n<li>poskytuje ochranu pred v\u00edrusmi,<\/li>\n<li>zlep\u0161uje tr\u00e1venie,<\/li>\n<li>poskytuje podporu pre imunitn\u00fd syst\u00e9m,<\/li>\n<li>zlep\u0161uje kvalitu sp\u00e1nku,<\/li>\n<li>podporuje \u010dinnos\u0165 srdca,<\/li>\n<li>napom\u00e1ha pri normaliz\u00e1cii hladiny cholesterolu a krvi.<\/li>\n<\/ul>\n<p>Schudn\u00fa\u0165 a dosiahnu\u0165 dokonal\u00e9 telo nemus\u00ed by\u0165 a\u017e tak\u00e9 zlo\u017eit\u00e9. D\u00f4kazy pouk\u00e1zali na to, \u017ee to ide aj pomocou vhodnej stravy. Jedn\u00e1 sa o a objav Acai BERRY, pomocou ktor\u00e9ho je teraz mo\u017en\u00e9 \u013eahko a r\u00fdchlo schudn\u00fa\u0165. Ve\u013ekou v\u00fdhodou Acai bob\u00fal je, \u017ee umo\u017e\u0148uj\u00fa \u201ezdrav\u00e9\u201c chudnutie. Acai BERRY strava nie je hladn\u00e1 di\u00e9ta s nepr\u00edjemn\u00fdmi jo-jo efektmi.<\/p>\n<p>M\u00e1me cel\u00fd rad produktov, ale s jedn\u00fdm to ide najr\u00fdchlej\u0161ie na po\u017eadovan\u00fd efekt \u00faspechu. Jedn\u00fdm z produktov, ktor\u00fd V\u00e1m pon\u00fakame je Acai BERRY pr\u00e1\u0161ok. Acai BERRY pr\u00e1\u0161ok je dod\u00e1van\u00fd v plastovej f\u013ea\u0161ke s bezpe\u010dnostn\u00fdm uz\u00e1verom, ktor\u00e1 obsahuje 100g Acai BERRY pr\u00e1\u0161ku. Jeden gram Acai BERRY pr\u00e1\u0161ku obsahuje asi 350 mg antioxidantov.<\/p>\n<p>Chudnutie podporen\u00e9 vhodnou v\u00fd\u017eivnou \u017eivou stravou a \u0161portom sa medzi jednotlivcami pohybuje niekde medzi 3-5kg za mesiac.<\/p>\n<p>Za zdravotn\u00e9 \u00fa\u010dinky Acai BERRY mo\u017eno poklada\u0165 vplyv na doplnenie energie, chudnutie, antiv\u00edrusov\u00e9 \u00fa\u010dinky a pomerne siln\u00fd vpyv na imunitn\u00fd syst\u00e9m. Acai BERRY je ve\u013emi dobr\u00fd produkt a v\u00fdborne sa hod\u00ed pre zdrav\u00e9 chudnutie bez ved\u013eaj\u0161\u00edch efektov a d\u00e1 sa sn\u00edm po pravidelnom u\u017e\u00edvan\u00ed dosiahnu\u0165 po\u017eadovan\u00e1 v\u00e1ha a pritom v\u0161etkom vieme, \u017ee pre svoje telo rob\u00edme nie\u010do dobr\u00e9.<\/p>\n","protected":false},"excerpt":{"rendered":"<p>Poskytuje antiv\u00edrusov\u00fa ochranu,dod\u00e1va energiu,zlep\u0161uje kvalitu sp\u00e1nku, dop\u013a\u0148a d\u00f4le\u017eit\u00e9 vitam\u00edny a am\u00ednokyseliny, zlep\u0161uje tr\u00e1venie\u2026<\/p>\n","protected":false},"featured_media":909,"comment_status":"open","ping_status":"closed","template":"","meta":[],"product_cat":[26,42,37,32,36,39,46,27,31,24,25,29],"product_tag":[],"class_list":{"0":"post-908","1":"product","2":"type-product","3":"status-publish","4":"has-post-thumbnail","6":"product_cat-chloesterol","7":"product_cat-detoxikacia","8":"product_cat-energia","9":"product_cat-imunita","10":"product_cat-kondicia","11":"product_cat-krvotvorba","12":"product_cat-mocove-cesty","13":"product_cat-onkologicke-ochorenia","14":"product_cat-proti-starnutiu","15":"product_cat-unava","16":"product_cat-vycerpanie","17":"product_cat-vysoky-krvny-tlak","19":"first","20":"instock","21":"taxable","22":"shipping-taxable","23":"purchasable","24":"product-type-simple"},"_links":{"self":[{"href":"https:\/\/www.partnerland.sk\/index.php?rest_route=\/wp\/v2\/product\/908","targetHints":{"allow":["GET"]}}],"collection":[{"href":"https:\/\/www.partnerland.sk\/index.php?rest_route=\/wp\/v2\/product"}],"about":[{"href":"https:\/\/www.partnerland.sk\/index.php?rest_route=\/wp\/v2\/types\/product"}],"replies":[{"embeddable":true,"href":"https:\/\/www.partnerland.sk\/index.php?rest_route=%2Fwp%2Fv2%2Fcomments&post=908"}],"wp:featuredmedia":[{"embeddable":true,"href":"https:\/\/www.partnerland.sk\/index.php?rest_route=\/wp\/v2\/media\/909"}],"wp:attachment":[{"href":"https:\/\/www.partnerland.sk\/index.php?rest_route=%2Fwp%2Fv2%2Fmedia&parent=908"}],"wp:term":[{"taxonomy":"product_cat","embeddable":true,"href":"https:\/\/www.partnerland.sk\/index.php?rest_route=%2Fwp%2Fv2%2Fproduct_cat&post=908"},{"taxonomy":"product_tag","embeddable":true,"href":"https:\/\/www.partnerland.sk\/index.php?rest_route=%2Fwp%2Fv2%2Fproduct_tag&post=908"}],"curies":[{"name":"wp","href":"https:\/\/api.w.org\/{rel}","templated":true}]}}