{"id":806,"date":"2022-10-19T11:16:56","date_gmt":"2022-10-19T11:16:56","guid":{"rendered":"https:\/\/www.partnerland.sk\/?post_type=product&#038;p=806"},"modified":"2022-10-19T11:18:10","modified_gmt":"2022-10-19T11:18:10","slug":"mlady-jacmen-gw-300g-chlorella-gw-330g-shaker","status":"publish","type":"product","link":"https:\/\/www.partnerland.sk\/?product=mlady-jacmen-gw-300g-chlorella-gw-330g-shaker","title":{"rendered":"Mlad\u00fd ja\u010dme\u0148 GW 300g + Chlorella GW 330g + SHAKER"},"content":{"rendered":"<div class=\"row\">\n<div class=\"tab-content\">\n<div id=\"tab-description\" class=\"tab-pane active\">\n<div id=\"p_description\" class=\"vmj_tabcontent\">\n<div id=\"p_description\" class=\"vmj_tabcontent\">\n<p>Vysu\u0161en\u00e1, koncentrovan\u00e1 \u0161\u0165ava zo zelen\u00e9ho ja\u010dme\u0148a (pozor, nie pomlet\u00e1 tr\u00e1va) z mlad\u00fdch l\u00edstkov mlad\u00fdch v\u00fdhonkov zelen\u00e9ho ja\u010dme\u0148a v podobe jemn\u00e9ho pr\u00e1\u0161ku. Takto spracovan\u00fd od\u0161\u0165aven\u00fd a n\u00e1sledne vysu\u0161en\u00fd zelen\u00fd ja\u010dme\u0148 neobsahuje VL\u00c1KNINU !<br \/>\nObsahuje cel\u00e9 spektrum \u017eiv\u00fdch enz\u00fdmov, vitam\u00ednov, miner\u00e1lnych l\u00e1tok, stopov\u00fdch prvkov a aminokysel\u00edn v pr\u00edrodnej forme.<\/p>\n<p><strong>Mno\u017estvo: Zelen\u00fd ja\u010dme\u0148\u00a0<\/strong>300g\u00a0 +\u00a0<strong>Chlorella pyrenoidossa<\/strong>\u00a0330g<br \/>\n<strong>U\u017e\u00edvanie:<\/strong>\u00a0r\u00e1no a ve\u010der \u010di\u017ee 2 poh\u00e1re denne &#8211; balenie vydr\u017e\u00ed zhruba 90 dn\u00ed pre jednu osobu + chlorella cca 15-20 tabl. denne.<\/p>\n<h2><strong>Mlad\u00fd ja\u010dme\u0148 \/ zelen\u00fd ja\u010dme\u0148 \/<br \/>\n<\/strong><\/h2>\n<p>Obsahuje v\u00fdznamn\u00e9 mno\u017estvo r\u00f4znych vitam\u00ednov a miner\u00e1lov vr\u00e1tane mang\u00e1nu a zinku. Mlad\u00fd ja\u010dme\u0148 \/ zelen\u00fd ja\u010dme\u0148 \/ obnovuje acido-alkalick\u00fa rovnov\u00e1hu. Rad\u00ed sa medzi najucelenej\u0161ie\u00a0z\u00e1sadotvorn\u00e9\u00a0potraviny. Zelen\u00fd ja\u010dme\u0148 obsahuje vitam\u00edny, ktor\u00e9 aktivuj\u00fa enz\u00fdmy, ktor\u00e9 napom\u00e1haj\u00fa pri prevencii. Mlad\u00fd ja\u010dme\u0148 m\u00e1 vysok\u00fd obsah betakarot\u00e9nu, vitam\u00ednu C, E a vitam\u00ednov radu B: B1, B2, B3, B6, biot\u00ednu, kyseliny listovej, kyseliny pantotenovej a chol\u00ednu, pr\u00edbuzn\u00e9ho vitam\u00ednu B.<br \/>\n<strong><br \/>\nZelen\u00fd ja\u010dme\u0148\u00a0<\/strong>m\u00f4\u017eu u\u017e\u00edva\u0165 dospel\u00ed tak aj mal\u00e9 deti, tehotn\u00e9 a doj\u010diace mami\u010dky. N\u00e1poj, \u0161\u0165ava zo zelen\u00e9ho ja\u010dme\u0148a je vhodn\u00fd aj pre diabetikov. Reguluje z\u00e1saditos\u0165, zni\u017euje prekyslenie organizmu. Listy ja\u010dme\u0148a neobsahuj\u00fa lepok teda m\u00f4\u017eu ho pi\u0165 aj \u013eudia, ktor\u00fd maj\u00fa bezlepkov\u00fa di\u00e9tu.<br \/>\nJe siln\u00fd antioxidant &#8211; hovor\u00edme o nej aj ako o superfood. Detoxikuje a z\u00e1rove\u0148 alkalizuje organizmus.<br \/>\n<strong><br \/>\nOdpor\u00fa\u010dan\u00e9 pou\u017eitie<\/strong><br \/>\n1 \u2013 3 kr\u00e1t denne v z\u00e1vislosti od ochorenia sa t\u00e1to d\u00e1vka m\u00f4\u017ee zn\u00ed\u017ei\u0165, alebo naopak nieko\u013ekon\u00e1sobne zv\u00fd\u0161i\u0165. U\u017e\u00edva sa nala\u010dno 30 min\u00fat pred jedlom. Rozpust\u00edme jednu zarovnan\u00fa \u010dajov\u00fa ly\u017ei\u010dku v cca 2 dcl neperlivej vody alebo ovocnej \u0161\u0165avy a vypijeme.<\/p>\n<p>Certifik\u00e1ty<br \/>\nV j\u00fani 2015 prebehol na GW recertifika\u010dn\u00fd audit ISO 9001, medzin\u00e1rodn\u00e9 normy zameran\u00e9 na management a preukazovanie kvality a tie\u017e certifika\u010dn\u00fd audit syst\u00e9mu HACCP. T\u00e1to certifik\u00e1cia je najpr\u00edsnej\u0161ie dostupn\u00e1 forma kontroly. V\u00fdsledkom bolo op\u00e4tovn\u00e9 z\u00edskanie tohto certifik\u00e1tu.<\/p>\n<p>Pestovan\u00fd v Utahu<\/p>\n<p><strong>\u00a0<\/strong><\/p>\n<h2><strong>Chlorella pyrenoidossa<br \/>\n<\/strong><\/h2>\n<p><strong>Je 100% \u010distou jednobunkovou sladkovodnou riasou stla\u010denou do podoby tabliet, vyprodukovanou pri pou\u017eit\u00ed vodnej pary bez pou\u017eitia chemick\u00fdch prostriedkov.<\/strong><\/p>\n<p>&nbsp;<\/p>\n<p><strong>Odpor\u00fa\u010dan\u00e9 pou\u017eitie:<\/strong><\/p>\n<p>3x denne 4-6 tabliet zapi\u0165 dostato\u010dn\u00fdm mno\u017estvom tekutiny.<\/p>\n<p>Chlorellu m\u00f4\u017eeme u\u017e\u00edva\u0165 pred jedlom, po\u010das ale i po jedle.<\/p>\n<p>Nevhodn\u00e9 pre deti do 3 rokov. Pre deti od 3 rokov je 1\/2 d\u00e1vkovanie.<\/p>\n<p>Skladujte v suchom a chladnom mieste.<\/p>\n<p><strong>Krajina p\u00f4vodu: Thaiwan<\/strong><\/p>\n<p>Odpor\u00fa\u010da sa u\u017e\u00edva\u0165 aspo\u0148 3 mesiace, ide\u00e1lne v kombin\u00e1ci\u00ed ja\u010dme\u0148a aj chlorelly.<\/p>\n<p>Certifik\u00e1ty<br \/>\nSpolo\u010dnos\u0165 vyr\u00e1baj\u00faca surovinu pre Green Ways, vlastn\u00ed certifik\u00e1t ISO 9002 a certifik\u00e1t medzin\u00e1rodnej kvality, \u010d\u00edm je uzn\u00e1van\u00e1 ako spolo\u010dnos\u0165 ur\u010duj\u00faca \u0161tandard kvality. V Thaj-wane je v\u00fdrobca licencovan\u00fd k dovozu a predaju svojich produktov v kateg\u00f3rii &#8220;lie\u010div\u00fdch potrav\u00edn&#8221;.<\/p>\n<p>\u010eal\u0161ie inform\u00e1cie:<\/p>\n<p>Pestr\u00e1, vyv\u00e1\u017een\u00e1 strava a zdrav\u00fd \u017eivotn\u00fd \u0161t\u00fdl s\u00fa d\u00f4le\u017eit\u00e9 faktory V\u00e1\u0161ho zdravia. Usklad\u0148ujte mimo dosahu mal\u00fdch det\u00ed. Nesmie sa pou\u017e\u00edva\u0165 ako n\u00e1hrada pestrej stravy.<\/p>\n<\/div>\n<\/div>\n<\/div>\n<\/div>\n<\/div>\n<p>\u0160t\u00edtky:\u00a0<a href=\"https:\/\/www.dobrezdravie.sk\/index.php?route=product\/search&amp;tag=Detoxik%C3%A1cia%20a%20odkyslenie\">Detoxik\u00e1cia a odkyslenie<\/a>,\u00a0<a href=\"https:\/\/www.dobrezdravie.sk\/index.php?route=product\/search&amp;tag=Chudnutie%20a%20di%C3%A9ty\">Chudnutie a di\u00e9ty<\/a>,\u00a0<a href=\"https:\/\/www.dobrezdravie.sk\/index.php?route=product\/search&amp;tag=Posilnenie%20imunity\">Posilnenie imunity<\/a>,<\/p>\n","protected":false},"excerpt":{"rendered":"<h1>Mlad\u00fd ja\u010dme\u0148 GW 300g + Chlorella GW 330g + SHAKER<\/h1>\n<ul class=\"list-unstyled\">\n<li>Zna\u010dka:\u00a0<a href=\"https:\/\/www.dobrezdravie.sk\/bio-organic-foods\">Bio Organic Foods<\/a><\/li>\n<li>K\u00f3d produktu: gw1+1<\/li>\n<li>Dostupnos\u0165: Skladom<\/li>\n<\/ul>\n","protected":false},"featured_media":807,"comment_status":"open","ping_status":"closed","template":"","meta":[],"product_cat":[20],"product_tag":[21],"class_list":{"0":"post-806","1":"product","2":"type-product","3":"status-publish","4":"has-post-thumbnail","6":"product_cat-zdrava-vyziva","7":"product_tag-chlorella","9":"first","10":"instock","11":"sale","12":"taxable","13":"shipping-taxable","14":"purchasable","15":"product-type-simple"},"_links":{"self":[{"href":"https:\/\/www.partnerland.sk\/index.php?rest_route=\/wp\/v2\/product\/806","targetHints":{"allow":["GET"]}}],"collection":[{"href":"https:\/\/www.partnerland.sk\/index.php?rest_route=\/wp\/v2\/product"}],"about":[{"href":"https:\/\/www.partnerland.sk\/index.php?rest_route=\/wp\/v2\/types\/product"}],"replies":[{"embeddable":true,"href":"https:\/\/www.partnerland.sk\/index.php?rest_route=%2Fwp%2Fv2%2Fcomments&post=806"}],"wp:featuredmedia":[{"embeddable":true,"href":"https:\/\/www.partnerland.sk\/index.php?rest_route=\/wp\/v2\/media\/807"}],"wp:attachment":[{"href":"https:\/\/www.partnerland.sk\/index.php?rest_route=%2Fwp%2Fv2%2Fmedia&parent=806"}],"wp:term":[{"taxonomy":"product_cat","embeddable":true,"href":"https:\/\/www.partnerland.sk\/index.php?rest_route=%2Fwp%2Fv2%2Fproduct_cat&post=806"},{"taxonomy":"product_tag","embeddable":true,"href":"https:\/\/www.partnerland.sk\/index.php?rest_route=%2Fwp%2Fv2%2Fproduct_tag&post=806"}],"curies":[{"name":"wp","href":"https:\/\/api.w.org\/{rel}","templated":true}]}}