{"id":798,"date":"2022-10-19T10:38:01","date_gmt":"2022-10-19T10:38:01","guid":{"rendered":"https:\/\/www.partnerland.sk\/?post_type=product&#038;p=798"},"modified":"2022-10-19T11:11:50","modified_gmt":"2022-10-19T11:11:50","slug":"chlorella-green-ways-330g-tabl","status":"publish","type":"product","link":"https:\/\/www.partnerland.sk\/?product=chlorella-green-ways-330g-tabl","title":{"rendered":"Chlorella Green Ways 330g, tabl."},"content":{"rendered":"<p>&nbsp;<\/p>\n<div class=\"row\">\n<div class=\"tab-content\">\n<div id=\"tab-description\" class=\"tab-pane active\">\n<p>Chlorella obsahuje \u0161irok\u00fa \u0161k\u00e1lu biologicky akt\u00edvnych l\u00e1tok.\u00a0Tablety obsahuj\u00fa kme\u0148 riasy\u00a0Chlorella.\u00a0T\u00e1 je\u00a0pestovan\u00e1 najmodernej\u0161ou technol\u00f3giou tzv. heterotrofn\u00fdm sp\u00f4sobom, to znamen\u00e1 pestovanie chlorelly v uzavret\u00fdch\u00a0\u010dist\u00fdch\u00a0n\u00e1dr\u017eiach. T\u00e1to met\u00f3da m\u00e1 nieko\u013eko v\u00fdhod v porovnan\u00ed s pestovan\u00edm chlorelly vonku v jazierkach, lag\u00fanach, tzv. \u201eklasick\u00fdm\u201c sp\u00f4sobom a to jej \u010distotu a vyrovnan\u00fa kvalitu.<\/p>\n<p><strong>Chlorella je jednobunkov\u00fd organizmus,<\/strong>\u00a0ktor\u00fd \u017eije na na\u0161ej plan\u00e9te u\u017e asi 2 mili\u00f3ny rokov. Ide o zelen\u00fa\u00a0<strong>sladkovodn\u00fa riasu.\u00a0<\/strong>Riasy sa pou\u017e\u00edvaj\u00fa u\u017e ve\u013emi d\u00e1vno ako vhodn\u00fd zdroj \u017eiv\u00edn, hlavne bielkov\u00edn, miner\u00e1lnych l\u00e1tok a vitam\u00ednov. Chlorella obsahuje najv\u00e4\u010d\u0161ie mno\u017estvo chlorofylu zo zn\u00e1mych rastl\u00edn na Zemi.<\/p>\n<p><strong>Vedci intenz\u00edvne za\u010dali \u0161tudova\u0165 Chlorellu v obdob\u00ed prvej a druhej svetovej vojny a pokra\u010dovali v tom aj nesk\u00f4r, hlavne v USA a v Japonsku.<\/strong><\/p>\n<p>Suplement\u00e1cia, teda dop\u013ananie vitam\u00ednov, miner\u00e1lnych l\u00e1tok, enz\u00fdmov a \u010fal\u0161\u00edch l\u00e1tok esenci\u00e1lnych pre spr\u00e1vne fungovanie \u013eudsk\u00e9ho organizmu zabezpe\u010den\u00e1 z pr\u00edrodn\u00fdch zdrojov m\u00f4\u017ee by\u0165 len \u0165a\u017eko nahradite\u013en\u00e1 zo syntetitck\u00fdch pr\u00edpravkov.\u00a0<strong>V\u00fdnimo\u010dn\u00fa \u00falohu<\/strong>\u00a0v tejto suplement\u00e1cii zast\u00e1vaj\u00fa tzv.\u00a0<strong>zelen\u00e9 potraviny,<\/strong>\u00a0medzi ktor\u00e9 patr\u00ed aj Chlorella. V\u010faka svojmu komplexn\u00e9mu zlo\u017eeniu a vhodnej \u201epredpr\u00edprave&#8221;, \u010d\u00edm sa zabezpe\u010d\u00ed vysok\u00e1 str\u00e1vite\u013enos\u0165, m\u00e1me mo\u017enos\u0165 n\u00e1\u0161mu organizmu doda\u0165 v\u00fd\u017eivn\u00e9 l\u00e1tky vo vyv\u00e1\u017eenom pomere a v ich prirodzenej forme v akej ich pr\u00edroda vytvorila.<\/p>\n<p><strong>\u010co obsahuje Chlorella?<\/strong><\/p>\n<p>Holandsk\u00fd vedec M.W. Beijerinck v roku 1890, bol ako prv\u00fd schopn\u00fd \u201evypestova\u0165&#8221; \u010dist\u00fa kult\u00faru riasy Chlorella vulgaris. Pr\u00e1ve od neho poch\u00e1dza aj pomenovanie Chlorella, ktor\u00e9 je vlastne spojen\u00edm gr\u00e9ckeho slova Chloros (zelen\u00fd) a koncovky Ella (mal\u00fd).<\/p>\n<p>Chlorella m\u00e1 tvar gule s priemerom 2 ~ 10 mikr\u00f3nov, \u010do je pribli\u017ene rovnakej ve\u013ekosti ako na\u0161e \u010derven\u00e9 krvinky.<strong>\u00a0Chlorella obsahuje najv\u00e4\u010d\u0161ie mno\u017estvo chlorofylu<\/strong>\u00a0zo zn\u00e1mych rastl\u00edn na Zemi, \u010falej obsahuje\u00a0<strong>komplex \u017eiv\u00edn s n\u00e1zvom CGF<\/strong>\u00a0(Chlorella rastov\u00fd faktor), viac ako\u00a0<strong>50% bielkov\u00edn<\/strong>\u00a0(neesenci\u00e1lne a esenci\u00e1lne aminokyseliny), sacharidy, vitam\u00edny, miner\u00e1lne l\u00e1tky, nenas\u00fdten\u00e9 mastn\u00e9 kyseliny, vl\u00e1kniny a nukleov\u00e9 kyseliny (RNA \/ DNA).<\/p>\n<p><strong>Chlorella \u010falej obsahuje viac ako 20 vitam\u00ednov a miner\u00e1lnych l\u00e1tok<\/strong>, vr\u00e1tane \u017eeleza, v\u00e1pnika, drasl\u00edka, hor\u010d\u00edka, fosforu, pro-vitam\u00ednu A, vitam\u00edny C, B1, B2, B5, B6, B12, E a K, biot\u00edn, inozitol, kyselinu listov\u00fa. Je vhodn\u00fdm zdrojom t\u00fdchto \u017eiv\u00edn, ke\u010f\u017ee ich obsahuje v ich prirodzenej forme a s\u00fa tak pre na\u0161e telo dobre vyu\u017eite\u013en\u00e9.<\/p>\n<p>Nasleduj\u00face vitam\u00edny a miner\u00e1lne l\u00e1tky boli identifikovan\u00e9 v chlorelle:<\/p>\n<table>\n<tbody>\n<tr>\n<td colspan=\"2\">\n<div class=\"elm_heading\">\n<p>V\u00fd\u017eivov\u00e9 \u00fadaje na 100 g:<\/p>\n<\/div>\n<\/td>\n<\/tr>\n<tr>\n<td><i>Energetick\u00e1 hodnota<\/i><\/td>\n<td><i>1552 kJ \/ 369 kcal<\/i><\/td>\n<\/tr>\n<tr>\n<td><i>Tuky<\/i><\/td>\n<td><i>8 g<\/i><\/td>\n<\/tr>\n<tr class=\"mod--subheading\">\n<td colspan=\"2\"><i>z toho:<\/i><\/td>\n<\/tr>\n<tr>\n<td><i>&#8211; nas\u00fdten\u00e9 mastn\u00e9 kyseliny<\/i><\/td>\n<td><i>1,9 g<\/i><\/td>\n<\/tr>\n<tr>\n<td><i>&#8211; mononenas\u00fdten\u00e9 mastn\u00e9 kyseliny\u00a0\u00a0<\/i><\/td>\n<td><i>1,9 g<\/i><\/td>\n<\/tr>\n<tr>\n<td><i>&#8211; polynenas\u00fdten\u00e9 mastn\u00e9 kyseliny<\/i><\/td>\n<td><i>4,2 g<\/i><\/td>\n<\/tr>\n<tr>\n<td><i>Sacharidy<\/i><\/td>\n<td><i>7,9 g<\/i><\/td>\n<\/tr>\n<tr class=\"mod--subheading\">\n<td colspan=\"2\"><i>z toho:<\/i><\/td>\n<\/tr>\n<tr>\n<td><i>&#8211; Cukry<\/i><\/td>\n<td><i>0,3 g<\/i><\/td>\n<\/tr>\n<tr>\n<td><i>&#8211; Vl\u00e1knina<\/i><\/td>\n<td><i>13 g<\/i><\/td>\n<\/tr>\n<tr>\n<td><i>&#8211; Bielkoviny<\/i><\/td>\n<td><i>60 g<\/i><\/td>\n<\/tr>\n<tr>\n<td><i>&#8211; So\u013e<\/i><\/td>\n<td><i>0,07 g<\/i><\/td>\n<\/tr>\n<\/tbody>\n<\/table>\n<p><strong>Nieko\u013eko v\u00fdhod pestovania chlorelly heterotrofn\u00fdm sp\u00f4sobom:<\/strong><\/p>\n<ul>\n<li>V\u010faka tomu, \u017ee Chlorella je pestovan\u00e1 v pr\u00edsne kontrolovan\u00fdch, \u010dist\u00fdch syst\u00e9moch, jej \u010distota a kvalita je v\u017edy zaru\u010den\u00e1. Neobsahuje cudzie l\u00e1tky, mikroorganizmy a in\u00e9 kontaminanty, ako je to \u010dasto probl\u00e9mom pri vonkaj\u0161om pestovan\u00ed.<\/li>\n<li>Je zaru\u010den\u00fd st\u00e1ly, kon\u0161tantn\u00fd obsah v\u00fd\u017eivn\u00fdch l\u00e1tok, nez\u00e1visle od poveternostn\u00fdch podmienok, ktor\u00e9 prevl\u00e1dali v obdob\u00ed pestovania (teplota, slne\u010dn\u00e9 \u017eiarenie at\u010f.), ako k tomu m\u00f4\u017ee by\u0165 pri vonkaj\u0161om pestovan\u00ed.<\/li>\n<li>Vysok\u00e1 str\u00e1vitelnos\u0165 (okolo 80%), ke\u010f\u017ee bunkov\u00e9 steny s\u00fa tenk\u00e9 a prirodzene sa naru\u0161ia (\u201epukaj\u00fa\u201c) u\u017e v procese su\u0161enia (spray-drier), bez ak\u00e9hoko\u013evek po\u0161kodenia \u017eiv\u00edn. Je to mo\u017en\u00e9 v\u010faka tomu, \u017ee na\u0161a chlorella nem\u00e1 tak\u00e9 pevn\u00e9 bunkov\u00e9 steny, ke\u010f\u017ee nemus\u00ed odol\u00e1va\u0165 drsn\u00fdm vonkaj\u0161\u00edm podmienkam.<\/li>\n<li>O kvalite Chlorelly pestovanej tak\u00fdmto sp\u00f4sobom sved\u010d\u00ed aj fakt, \u017ee hlavn\u00fdm import\u00e9rom t\u00fdchto tabliet je Japonsko.<\/li>\n<li>Pr\u00edjemn\u00e1 chu\u0165, prijate\u013enej\u0161ia v porovnan\u00ed s \u201evonkaj\u0161ou\u201c Chlorellou.<\/li>\n<li>N\u00edzky obsah \u0165a\u017ek\u00fdch kovov, vypl\u00fdvaj\u00faci aj zo sp\u00f4sobu pestovania. Kr\u00e1sny \u017eiariv\u00e1 zelen\u00e1 farba, ke\u010f\u017ee obsahuje podobn\u00e9 mno\u017estvo chlorofylu, ako pri vonkaj\u0161om pestovan\u00ed.<\/li>\n<\/ul>\n<p>&nbsp;<\/p>\n<p>St\u00e1le viac odborn\u00edkov je toho n\u00e1zoru, \u017ee suplement\u00e1cia vitam\u00ednov, miner\u00e1lnych l\u00e1tok, enz\u00fdmov a \u010fal\u0161\u00edch l\u00e1tok esenci\u00e1lnych pre spr\u00e1vne fungovanie \u013eudsk\u00e9ho organizmu\u00a0<strong>zabezpe\u010den\u00e1 z pr\u00edrodn\u00fdch zdrojov m\u00f4\u017ee by\u0165 len \u0165a\u017eko nahradite\u013en\u00e1 zo syntetitck\u00fdch pr\u00edpravkov.<\/strong>\u00a0V\u010faka svojmu komplexn\u00e9mu zlo\u017eeniu a vhodnej \u201epredpr\u00edprave\u201c, \u010d\u00edm sa zabezpe\u010d\u00ed vysok\u00e1 str\u00e1vitelnos\u0165, m\u00e1me mo\u017enos\u0165 n\u00e1\u0161mu organizmu doda\u0165 v\u00fd\u017eivn\u00e9 l\u00e1tky vo vyv\u00e1\u017eenom pomere a v ich prirodzenej forme v akej ich pr\u00edroda vytvorila. Chlorella sa \u010dasto ozna\u010duje aj ako tzv. superpotravina a je ve\u013emi ob\u013e\u00faben\u00e1 hlavne v Japonsku a USA.<\/p>\n<p>\u00da\u010dinky riasy Chlorella s\u00fa intenz\u00edvne sk\u00faman\u00e9 vedcami po celom svete, tie\u017e s\u00fa dobre zn\u00e1me aj zo sk\u00fasenost\u00ed \u013eud\u00ed, ktor\u00ed ju pravidelne konzumuj\u00fa.<\/p>\n<p>Chlorella priaznivo p\u00f4sob\u00ed:<\/p>\n<p>&nbsp;<\/p>\n<ul>\n<li>pri detoxik\u00e1cii t\u00fdm, \u017ee dok\u00e1\u017ee na seba viaza\u0165 \u0165a\u017ek\u00e9 kovy, insektic\u00eddy&#8230;<\/li>\n<li>pri posilnen\u00ed imunitn\u00e9ho syst\u00e9mu, t\u00fdm\u00a0\u017ee stimuluje telo a m\u00f4\u017ee tak napom\u00f4c\u0165 efekt\u00edvne bojova\u0165 proti r\u00f4znym bakt\u00e9ri\u00e1m, v\u00edrusom<\/li>\n<li>p\u00f4sob\u00ed na udr\u017eiavanie zdravej \u010drevnej fl\u00f3ry, podporuje lep\u0161ie tr\u00e1venie, obsahuje ve\u013ek\u00e9 mno\u017estvo vl\u00e1kniny, zvy\u0161uje \u00farove\u0148 prospe\u0161nej mikrofl\u00f3ry v tr\u00e1viacom trakte<\/li>\n<li>pri regenerovan\u00ed a stimulovan\u00ed organizmu a tie\u017e pri obnove tkan\u00edv.<\/li>\n<li>pri dop\u013a\u0148an\u00ed vitam\u00ednov, miner\u00e1lnych l\u00e1tok, aminokysel\u00edn, vl\u00e1kniny a \u010fal\u0161\u00edch v\u00fd\u017eivn\u00fdch l\u00e1tok potrebn\u00fdch pre spr\u00e1vne fungovanie n\u00e1\u0161ho tela<\/li>\n<li>pom\u00e1ha predch\u00e1dza\u0165 prekysleniu organizmu.<\/li>\n<\/ul>\n<p>&nbsp;<\/p>\n<p>Chlorella\u00a0je bohat\u00e1 na hor\u010d\u00edk, ktor\u00fd je potrebn\u00fd pre ment\u00e1lne zdravie. \u017diadna bunka v tele nie je schopn\u00e1 fungova\u0165 bez hor\u010d\u00edku.<\/p>\n<p>Spracovanie:\u00a0Aby sme chlorellu \u010do najviac spr\u00edstupnili n\u00e1\u0161mu tr\u00e1viacemu traktu, pou\u017e\u00edvame met\u00f3du sprejov\u00e9ho su\u0161enia STEAM. T\u00e1 zaru\u010duje ide\u00e1lny pomer dvoch kval\u00edt \u2013 vysokej vstrebate\u013enosti nutri\u010dn\u00fdch l\u00e1tok\u00a0(minim\u00e1lne 80 %)<\/p>\n<p><strong>Odpor\u00fa\u010dan\u00e9 pou\u017eitie<\/strong><\/p>\n<div>\n<p>Odpor\u00fa\u010dan\u00e9 denn\u00e9 mno\u017estvo Chlorelly Green Ways je\u00a0<strong>pre priemern\u00e9ho dospel\u00e9ho \u010dloveka 5g (20 tabletiek),\u00a0<\/strong><strong>zapi\u0165 dostato\u010dn\u00fdm mno\u017estvom tekutiny.<\/strong>\u00a0Pri z\u00e1\u0165a\u017ei je mo\u017en\u00e9 d\u00e1vky nav\u00fd\u0161i\u0165. Pozor, treba d\u00f4sledne dodr\u017eiava\u0165 pitn\u00fd re\u017e\u00edm ! V\u010faka detoxika\u010dnej schopnosti odpor\u00fa\u010dame za\u010da\u0165 men\u0161\u00edmi d\u00e1vkami a postupne (v priebehu t\u00fd\u017ed\u0148a od zaradenia do jed\u00e1lni\u010dku) zvy\u0161ova\u0165. Pred\u00e1vkovanie v\u00a0pr\u00edpade Chlorelly Green Ways (podobne ako v\u00a0pr\u00edpade zeleniny) nehroz\u00ed.\u00a0<strong>Tabletky m\u00f4\u017eete jes\u0165 nala\u010dno aj po\u010das jedla.<\/strong>\u00a0M\u00f4\u017eete ich\u00a0<strong>cm\u00fa\u013ea\u0165 \u010di prehltn\u00fa\u0165 cel\u00e9, alebo rozk\u00fasa\u0165 a prehltn\u00fa\u0165.<\/strong><\/p>\n<p>&nbsp;<\/p>\n<\/div>\n<p><strong>V\u00fdrobca:\u00a0<\/strong>Green Ways<\/p>\n<p><strong>Balenie:<\/strong>\u00a03x 440 tablet\/ spolu 1320 tabl.\u00a0 teda 330g<\/p>\n<p>Upozornenie:\u00a0Pestr\u00e1, vyv\u00e1\u017een\u00e1 strava a zdrav\u00fd \u017eivotn\u00fd \u0161t\u00fdl s\u00fa d\u00f4le\u017eit\u00e9 faktory V\u00e1\u0161ho zdravia. Usklad\u0148ujte mimo dosahu mal\u00fdch det\u00ed. Nesmie sa pou\u017e\u00edva\u0165 ako n\u00e1hrada pestrej stravy.<\/p>\n<\/div>\n<\/div>\n<\/div>\n","protected":false},"excerpt":{"rendered":"<ul class=\"list-unstyled\">\n<li>Zna\u010dka:\u00a0<a href=\"https:\/\/www.dobrezdravie.sk\/green-ways\">Green Ways<\/a><\/li>\n<li>K\u00f3d produktu: Chlor GW tab 330g<\/li>\n<li>Dostupnos\u0165: Skladom<\/li>\n<\/ul>\n<ul class=\"list-unstyled\">\n<li>\n<h2>48,00 EUR<\/h2>\n<\/li>\n<li>Bez DPH: 40,00 EUR<\/li>\n<\/ul>\n","protected":false},"featured_media":799,"comment_status":"open","ping_status":"closed","template":"","meta":[],"product_cat":[20],"product_tag":[],"class_list":{"0":"post-798","1":"product","2":"type-product","3":"status-publish","4":"has-post-thumbnail","6":"product_cat-zdrava-vyziva","8":"first","9":"instock","10":"sale","11":"taxable","12":"shipping-taxable","13":"purchasable","14":"product-type-simple"},"_links":{"self":[{"href":"https:\/\/www.partnerland.sk\/index.php?rest_route=\/wp\/v2\/product\/798","targetHints":{"allow":["GET"]}}],"collection":[{"href":"https:\/\/www.partnerland.sk\/index.php?rest_route=\/wp\/v2\/product"}],"about":[{"href":"https:\/\/www.partnerland.sk\/index.php?rest_route=\/wp\/v2\/types\/product"}],"replies":[{"embeddable":true,"href":"https:\/\/www.partnerland.sk\/index.php?rest_route=%2Fwp%2Fv2%2Fcomments&post=798"}],"wp:featuredmedia":[{"embeddable":true,"href":"https:\/\/www.partnerland.sk\/index.php?rest_route=\/wp\/v2\/media\/799"}],"wp:attachment":[{"href":"https:\/\/www.partnerland.sk\/index.php?rest_route=%2Fwp%2Fv2%2Fmedia&parent=798"}],"wp:term":[{"taxonomy":"product_cat","embeddable":true,"href":"https:\/\/www.partnerland.sk\/index.php?rest_route=%2Fwp%2Fv2%2Fproduct_cat&post=798"},{"taxonomy":"product_tag","embeddable":true,"href":"https:\/\/www.partnerland.sk\/index.php?rest_route=%2Fwp%2Fv2%2Fproduct_tag&post=798"}],"curies":[{"name":"wp","href":"https:\/\/api.w.org\/{rel}","templated":true}]}}