{"id":1031,"date":"2022-10-28T06:50:11","date_gmt":"2022-10-28T06:50:11","guid":{"rendered":"https:\/\/www.partnerland.sk\/?post_type=product&#038;p=1031"},"modified":"2022-10-28T06:50:11","modified_gmt":"2022-10-28T06:50:11","slug":"zinok-siran-zinocnaty-v-bio-kvalite","status":"publish","type":"product","link":"https:\/\/www.partnerland.sk\/?product=zinok-siran-zinocnaty-v-bio-kvalite","title":{"rendered":"Zinok &#8211; s\u00edran zino\u010dnat\u00fd v BIO kvalite"},"content":{"rendered":"<h2 class=\"\">TEKUT\u00dd S\u00cdRAN ZINO\u010cNAT\u00dd BEZ PR\u00cdDAVN\u00ddCH L\u00c1TOK a\u00a0 BEZ ALKOHOLU<\/h2>\n<p data-css=\"tve-u-17a14faf30b\">N\u00e1\u0161 s\u00edran zino\u010dnat\u00fd pozost\u00e1va len z 3 zlo\u017eiek: \u010distenej vody, organick\u00e9ho glycer\u00ednu a s\u00edranu zino\u010dnat\u00e9ho. Vegan, bez alerg\u00e9nov a GMO.<\/p>\n<p>&nbsp;<\/p>\n<p><strong>Zinok je pova\u017eovan\u00fd za ve\u013emi d\u00f4le\u017eit\u00fa \u017eivinu, \u010do znamen\u00e1, \u017ee va\u0161e telo ho nedok\u00e1\u017ee uklada\u0165 alebo vyprodukova\u0165. Z\u00a0tohto d\u00f4vodu ho mus\u00edte neust\u00e1le z\u00edskava\u0165 zo svojej stravy.<\/strong><\/p>\n<p>Zinok je d\u00f4le\u017eit\u00fd pre mnoho procesov v na\u0161om tele, vr\u00e1tane :<\/p>\n<ul>\n<li>Hojenia r\u00e1n<\/li>\n<li>Rastu a\u00a0v\u00fdvoja<\/li>\n<li>Expresie g\u00e9nov<\/li>\n<li>Enzymatick\u00fdch reakci\u00ed<\/li>\n<li>Imunitnej funkcie<\/li>\n<li>Synt\u00e9zy bielkov\u00edn<\/li>\n<li>Synt\u00e9zy DNA<\/li>\n<\/ul>\n<p>Zinok sa\u00a0<strong>prirodzene nach\u00e1dza v \u0161irokej \u0161k\u00e1le rastl\u00edn a potrav\u00edn\u00a0<\/strong>a tie\u017e m\u00f4\u017eete u\u017e\u00edva\u0165\u00a0<strong>zinkov\u00e9 doplnk<\/strong><strong>y\u00a0<\/strong>ktor\u00e9 poskytuj\u00fa zinok.\u00a0 V\u010faka jeho \u00falohe pri imunitnej funkcii sa zinok tie\u017e prid\u00e1va do niektor\u00fdch nosov\u00fdch sprejov, tabletiek a in\u00fdch pr\u00edrodn\u00fdch lie\u010div napr\u00edklad na\u00a0 chr\u00edpku.<\/p>\n<p><strong>Zinok je d\u00f4le\u017eit\u00fd miner\u00e1l<\/strong>, ktor\u00fd va\u0161e telo neprodukuje. Pom\u00e1ha pri raste, synt\u00e9ze DNA, imunitnej funkcii a\u00a0in\u00fdch.<\/p>\n<h2><strong>\u00daloha vo va\u0161om tele<\/strong><\/h2>\n<p><strong>Zinok<\/strong>\u00a0je \u017eivotne d\u00f4le\u017eit\u00fd miner\u00e1l, ktor\u00fd va\u0161e telo vyu\u017e\u00edva nespo\u010detn\u00fdmi sp\u00f4sobmi.\u00a0<strong>V\u00a0skuto\u010dnosti je zinok druh\u00fdm najhojnej\u0161\u00edm stopov\u00fdm miner\u00e1lom vo va\u0161om tele<\/strong>\u00a0\u2013 po \u017eeleze \u2013 a\u00a0je pr\u00edtomn\u00fd v\u00a0ka\u017edej bunke.<\/p>\n<p><strong>Zinok je d\u00f4le\u017eit\u00fd pre aktivitu viac ako 300 enz\u00fdmov<\/strong>, ktor\u00e9 pom\u00e1haj\u00fa pri metabolizme, tr\u00e1ven\u00ed, nervovej funkcii a\u00a0\u010fal\u0161\u00edch in\u00fdch procesoch. Okrem toho, je stra\u0161ne d\u00f4le\u017eit\u00fd pre v\u00fdvoj a\u00a0<strong>funkciu imunitn\u00fdch buniek.<\/strong>\u00a0Tento miner\u00e1l je tie\u017e z\u00e1sadn\u00fd pre zdravie poko\u017eky, synt\u00e9zu DNA a\u00a0produkciu bielkov\u00edn.<\/p>\n<p>A dokonca aj telesn\u00fd rast a v\u00fdvoj sa spolieha na zinok, kv\u00f4li jeho \u00falohe pri bunkovom raste a delen\u00ed. Zinok je tie\u017e potrebn\u00fd pri chuti a \u010duchu. Preto\u017ee jeden z enz\u00fdmov d\u00f4le\u017eit\u00fdch pre d\u00f4kladn\u00fa chu\u0165 a \u010duch je z\u00e1visl\u00fd na tejto \u017eivine, nedostatok zinku m\u00f4\u017ee zn\u00ed\u017ei\u0165 schopnos\u0165 chuti a \u010duchu.<\/p>\n<p><strong>Zinok je d\u00f4le\u017eit\u00fd pre bunkov\u00fd rast a\u00a0ich delenie, imunitn\u00fa funkciu, enzymatick\u00e9 reakcie, DNA synt\u00e9zu a\u00a0produkciu bielkov\u00edn.<\/strong><\/p>\n<h2><strong>Zdravotn\u00e9 v\u00fdhody zinku<\/strong><\/h2>\n<p>&nbsp;<\/p>\n<h3><strong>POSIL\u0147UJE V\u00c1\u0160 IMUNITN\u00dd SYST\u00c9M<\/strong><\/h3>\n<p>Zinok pom\u00e1ha udr\u017eiava\u0165 v\u00e1\u0161 imunitn\u00fd syst\u00e9m siln\u00fd. Ke\u010f\u017ee je potrebn\u00fd pre funkciu imunitn\u00fdch buniek a\u00a0signaliz\u00e1ciu buniek, jeho nedostatok m\u00f4\u017ee vies\u0165 k\u00a0oslabenej imunitnej reakcii.<\/p>\n<p><strong>Zinkov\u00e9 doplnky<\/strong>\u00a0stimuluj\u00fa ur\u010dit\u00e9 imunitn\u00e9 bunky a\u00a0redukuj\u00fa oxidat\u00edvny stres. Napr\u00edklad, posudok siedmich \u0161t\u00fadi\u00ed\u00a0<strong>preuk\u00e1zal, \u017ee 80-92 mg zinku denne m\u00f4\u017ee zredukova\u0165 d\u013a\u017eku be\u017enej chr\u00edpky a\u017e o\u00a033%<\/strong>. Doplnkov\u00fd zinok okrem toho v\u00fdrazne zni\u017euje riziko infekci\u00ed a\u00a0podporuje imunitn\u00fa reakciu u\u00a0star\u0161\u00edch dospel\u00fdch.<\/p>\n<h3><strong>UR\u00ddCH\u013dUJE HOJENIE R\u00c1N<\/strong><\/h3>\n<p>Zinok je\u00a0<strong>be\u017ene pou\u017e\u00edvan\u00fd\u00a0<\/strong>\u00a0ako lie\u010dba pri pop\u00e1lenin\u00e1ch, ur\u010dit\u00fdch vredoch a\u00a0in\u00fdch poraneniach poko\u017eky.<\/p>\n<p><strong>Tento miner\u00e1l zohr\u00e1va d\u00f4le\u017eit\u00fa \u00falohu pri kolag\u00e9novej synt\u00e9ze, imunitnej funkcii a z\u00e1palovej reakcii a je nevyhnutn\u00fd pre d\u00f4kladn\u00e9 hojenie.<\/strong>\u00a0V skuto\u010dnosti na\u0161a poko\u017eka udr\u017eiava relat\u00edvne vysok\u00e9 mno\u017estvo \u2013 okolo 5% \u2013 v\u00e1\u0161ho obsahu zinku v tele. Zatia\u013e \u010do nedostatok zinku dok\u00e1\u017ee spomali\u0165 hojenie r\u00e1n, doplnkov\u00e9 u\u017e\u00edvanie zinku dok\u00e1\u017ee ur\u00fdchli\u0165 regener\u00e1ciu u \u013eud\u00ed s ranami.<\/p>\n<p>Napr\u00edklad, pri 12 t\u00fd\u017ed\u0148ovej \u0161t\u00fadii u\u00a060 \u013eud\u00ed s\u00a0diabetick\u00fdmi vredmi na noh\u00e1ch, t\u00ed, ktor\u00ed boli lie\u010den\u00ed 200 mg zinku denne poc\u00edtili zna\u010dn\u00e9 zredukovanie ve\u013ekosti vredov, v\u00a0porovnan\u00ed s\u00a0placebo skupinou.<\/p>\n<h3><strong>M\u00d4\u017dE ZREDUKOVA\u0164 RIZIKO OCHOREN\u00cd, KTOR\u00c9 SA VYSKYTUJ\u00da PRI UR\u010cITOM VEKU<\/strong><\/h3>\n<p><strong>Zinok\u00a0m\u00f4\u017ee zna\u010dne zn\u00ed\u017ei\u0165 Va\u0161e riziko vzniku ochoren\u00ed spojen\u00fdch s vekom, ako je pneumonia, infekcia a svalov\u00e9 degener\u00e1cie spojen\u00e9 s vekom.<\/strong>\u00a0Zinok m\u00f4\u017ee uvo\u013eni\u0165 oxida\u010dn\u00fd stres a zlep\u0161i\u0165 imunitn\u00fa reakciu t\u00fdm, \u017ee posiln\u00ed aktivitu T-buniek a prirodzen\u00fdch zabij\u00e1ckych buniek, ktor\u00e9 pom\u00e1haj\u00fa ochra\u0148ova\u0165 va\u0161e telo pred infekciou. Star\u0161\u00ed dospel\u00ed, ktor\u00ed u\u017e\u00edvaj\u00fa doplnkov\u00fd zinok poci\u0165uj\u00fa zlep\u0161en\u00fa reakciu pri chr\u00edpkov\u00fdch vakc\u00ednach, zn\u00ed\u017een\u00e9 riziko pneumonie a posilnen\u00fd ment\u00e1lny v\u00fdkon.<\/p>\n<p>V skuto\u010dnosti, jedna \u0161t\u00fadia potvrdila, \u017ee 45 mg zinku denne m\u00f4\u017ee zn\u00ed\u017ei\u0165 r\u00fdchlos\u0165 infekcie u star\u0161\u00edch dospel\u00fdch o takmer 66% . Dodato\u010dne, vo ve\u013ekej \u0161t\u00fadii s viac ako 4 200 \u013eu\u010fmi, u\u017e\u00edvanie antioxida\u010dn\u00fdch doplnkov denne \u2013 vitam\u00edn E, vitam\u00edn C a betakarot\u00e9n \u2013 plus 80 mg zinku, zn\u00ed\u017eilo stratu videnia a v\u00fdrazne zredukovalo riziko pokro\u010dilej AMD.<\/p>\n<h3><strong>M\u00d4\u017dE NAPOM\u00d4C\u0164 LIE\u010cI\u0164 AKN\u00c9<\/strong><\/h3>\n<p>Akn\u00e9 je be\u017en\u00e1 ko\u017en\u00e1 choroba, ktor\u00e1 pod\u013ea odhadov postihuje a\u017e 9,4% popul\u00e1cie. Akn\u00e9 je poh\u00e1\u0148an\u00e9 ob\u0161trukciou mazov\u00fdch \u017eliaz, bakt\u00e9ri\u00ed a\u00a0z\u00e1palov.<\/p>\n<p>\u0160t\u00fadie nazna\u010duj\u00fa, \u017ee\u00a0<strong>lok\u00e1lne aj or\u00e1lne lie\u010denie zinkom dok\u00e1\u017ee efekt\u00edvne lie\u010di\u0165 akn\u00e9 t\u00fdm, \u017ee zredukuje z\u00e1pal, blokuje a\u00a0spomal\u00ed rast bakt\u00e9rie P. Acnes a\u00a0potla\u010d\u00ed aktivitu mazov\u00fdch \u017eliaz<\/strong>.<\/p>\n<p><strong>\u013dudia s\u00a0akn\u00e9 maj\u00fa tendenciu ma\u0165 ni\u017e\u0161ie hladiny zinku<\/strong>. T\u00fdm p\u00e1dom,\u00a0<strong>doplnkov\u00fd zinok<\/strong><strong>\u00a0m\u00f4\u017ee pom\u00f4c\u0165 zredukova\u0165 sympt\u00f3my<\/strong>.<\/p>\n<h3><strong>ZNI\u017dUJE Z\u00c1PALY<\/strong><\/h3>\n<p><strong>Zinok zni\u017euje oxida\u010dn\u00fd stres a\u00a0redukuje hladiny ur\u010dit\u00fdch z\u00e1palov\u00fdch bielkov\u00edn v\u00a0na\u0161om tele<\/strong>. Oxida\u010dn\u00fd stres vedie k\u00a0chronick\u00e9mu z\u00e1palu, \u010do je prospievaj\u00faci faktor v\u00a0\u0161irokej \u0161k\u00e1le chronick\u00fdch ochoren\u00ed, ako srdcov\u00e9 ochorenia, rakovina a\u00a0ment\u00e1lne ochorenia.<\/p>\n<p>&nbsp;<\/p>\n<h2><strong>Sympt\u00f3my pri nedostatku zinku<\/strong><\/h2>\n<p>Aj ke\u010f je z\u00e1va\u017en\u00fd nedostatok zinku zriedkav\u00fd, m\u00f4\u017ee sa vyskytn\u00fa\u0165 u\u00a0\u013eud\u00ed so zriedkav\u00fdmi genetick\u00fdmi mut\u00e1ciami, doj\u010den\u00fdch novorodencov, ktor\u00fdch matky nemaj\u00fa dostatok zinku, u\u00a0\u013eud\u00ed so z\u00e1vislos\u0165ou od alkoholu a\u00a0u\u00a0kohoko\u013evek, kto u\u017e\u00edva ur\u010dit\u00e9 lieky potla\u010duj\u00face imunitu.<\/p>\n<p><strong>Medzi pr\u00edznaky z\u00e1va\u017en\u00e9ho nedostatku zinku patr\u00ed naru\u0161enie rastu a\u00a0v\u00fdvoja, oneskoren\u00e1 sexu\u00e1lna zrelos\u0165, ko\u017en\u00e9 vyr\u00e1\u017eky, chronick\u00e1 hna\u010dka, zhor\u0161en\u00e9 hojenie r\u00e1n a\u00a0poruchy spr\u00e1vania.<\/strong><\/p>\n<p>Miernej\u0161ie formy nedostatku zinku s\u00fa be\u017enej\u0161ie, hlavne u\u00a0deti v\u00a0rozvojov\u00fdch krajin\u00e1ch, kde ich strava \u010dasto neobsahuje dostatok d\u00f4le\u017eit\u00fdch\u00a0 \u017eiv\u00edn.\u00a0<strong>Je odhadovan\u00e9, \u017ee pribli\u017ene 2 miliardy \u013eud\u00ed na celom svete trpia nedostatkom zinku, v\u010faka nedostato\u010dn\u00e9ho pr\u00edjmu zinku zo stravy.<\/strong><\/p>\n<p><strong>Ke\u010f\u017ee nedostatok zinku oslabuje v\u00e1\u0161 imunitn\u00fd syst\u00e9m \u2013 zvy\u0161uje sa tak \u0161anca r\u00f4znych infekci\u00ed \u2013 nedostatok zinku vraj ka\u017ed\u00fd rok sp\u00f4sobuje cez 450\u00a0000 \u00famrt\u00ed det\u00ed do 5 rokov.<\/strong><\/p>\n<p><strong>T\u00ed s\u00a0rizikom nedostatku zinku zah\u0155\u0148aj\u00fa:<\/strong><\/p>\n<ul>\n<li>\u013dudia s\u00a0gastrointestin\u00e1lnymi ochoreniami ako je Crohnova choroba<\/li>\n<li>Vegetari\u00e1ni a\u00a0veg\u00e1ni<\/li>\n<li>Tehotn\u00e9 a\u00a0doj\u010diace \u017eeny<\/li>\n<li>Star\u0161ie doj\u010dat\u00e1, ktor\u00e9 s\u00fa exkluz\u00edvne doj\u010den\u00e9<\/li>\n<li>\u013dudia s\u00a0kos\u00e1\u010dikovitou an\u00e9miou<\/li>\n<li>\u013dudia, ktor\u00ed s\u00fa podv\u00fd\u017eiven\u00ed, vr\u00e1tane t\u00fdch s\u00a0anorexiou alebo bul\u00edmiou<\/li>\n<li>\u013dudia s\u00a0chronick\u00fdm ochoren\u00edm obli\u010diek<\/li>\n<li>\u013dudia so z\u00e1vislos\u0165ou na alkohole<\/li>\n<\/ul>\n<p><strong>Sympt\u00f3my mierneho nedostatku zinku zah\u0155\u0148aj\u00fa hna\u010dku, zn\u00ed\u017een\u00fa imunitu, vypad\u00e1vanie vlasov, zn\u00ed\u017een\u00fd apet\u00edt, zmeny n\u00e1lad, such\u00e1 poko\u017eka, probl\u00e9my s\u00a0plodnos\u0165ou a\u00a0zhor\u0161en\u00e9 hojenie r\u00e1n.<\/strong><\/p>\n<p>Nedostatok zinku je \u0165a\u017ek\u00e9 zisti\u0165 pomocou laborat\u00f3rnych testov, preto\u017ee na\u0161e telo m\u00e1 pr\u00edsnu kontrolu nad hladinami zinku. Preto m\u00f4\u017eete ma\u0165 nedostatok, aj ke\u010f testy nazna\u010duj\u00fa norm\u00e1lnu hladinu. Lek\u00e1ri pri ur\u010dovan\u00ed toho, \u010di potrebujete doplnky, zva\u017euj\u00fa popri v\u00fdsledkoch krvi aj \u010fal\u0161ie rizikov\u00e9 faktory \u2013 napr\u00edklad zl\u00fd pr\u00edjem potravy a\u00a0genetiku.<\/p>\n<p><b>Konzum\u00e1cia ve\u013ek\u00e9ho mno\u017estva zinku m\u00f4\u017ee tie\u017e sp\u00f4sobi\u0165 nedostatky in\u00fdch \u017eiv\u00edn. Napr\u00edklad, chronicky vysok\u00e1 konzum\u00e1cia zinku m\u00f4\u017ee zasahova\u0165 do vstreb\u00e1vania medi a\u00a0\u017eeleza v\u00a0tele. Zn\u00ed\u017eenie hlad\u00edn medi bolo dokonca nahl\u00e1sen\u00e9\u00a0u\u00a0\u013eud\u00ed konzumuj\u00facich len mierne vysok\u00e9 d\u00e1vky zinku \u2013 60 mg denne \u2013 po dobu 10 t\u00fd\u017ed\u0148ov.<\/b><\/p>\n<h2><strong>Odpor\u00fa\u010dan\u00e9 d\u00e1vkovanie<\/strong><\/h2>\n<p>Za \u00fa\u010delom vyhnutia sa nadmernej konzum\u00e1cie zinku, dr\u017ete sa \u010falej od doplnkov s\u00a0vysok\u00fdm obsahom zinku, jedine ak v\u00e1m tak bolo doporu\u010den\u00e9 lek\u00e1rom.<\/p>\n<p><strong>Odpor\u00fa\u010dan\u00fd denn\u00fd pr\u00edjem (ODD) je 11 mg pre dospel\u00fdch mu\u017eov a\u00a08 mg pre dospel\u00e9 \u017eeny. Tehotn\u00e9 a\u00a0doj\u010diace \u017eeny by mali konzumova\u0165 11 a\u00a012 mg denne, v\u00a0tomto porad\u00ed<\/strong>.<\/p>\n<p>Pokia\u013e zdravotn\u00fd stav nebr\u00e1ni vstreb\u00e1vaniu, mali by ste \u013eahko dosiahnu\u0165 ODD pre zinok len prostredn\u00edctvom stravy.\u00a0<strong>Pr\u00edpustn\u00e1 horn\u00e1 hranica pre zinok je 40 mg denne. Av\u0161ak, to sa nevz\u0165ahuje na \u013eud\u00ed s\u00a0nedostatkom zinku, ktor\u00ed m\u00f4\u017eu potrebova\u0165 doplnky s\u00a0vysok\u00fdm obsahom zinku.<\/strong><\/p>\n<p>&nbsp;<\/p>\n<p>Zinok je d\u00f4le\u017eit\u00fd pre\u00a0<strong>produkciu testoster\u00f3nu<\/strong>. Odhaduje sa, \u017ee a\u017e 45 %\u00a0dospel\u00fdch trp\u00ed nedostatkom zinku.\u00a0Najlep\u0161\u00edm zdrojom zinku v strave je: m\u00e4so, ryby, para orechy, syr, fazu\u013ea a jogurt alebo kef\u00edr vyroben\u00fd zo surov\u00e9ho mlieka.<\/p>\n<p>Ak sa rozhodnete\u00a0doplni\u0165 zinok\u00a0v\u00fd\u017eivov\u00fdmi prepar\u00e1tmi odpor\u00fa\u010dam dr\u017ea\u0165 d\u00e1vky pod\u00a0<strong>40 mg denne<\/strong>, preto\u017ee to je horn\u00e1 hranica odpor\u00fa\u010danej pre dospel\u00fdch. U\u017e\u00edvanie pr\u00edli\u0161 ve\u013ea zinku m\u00f4\u017ee naru\u0161i\u0165 schopnos\u0165 v\u00e1\u0161ho tela absorbova\u0165 \u010fal\u0161ie miner\u00e1ly.<\/p>\n","protected":false},"excerpt":{"rendered":"<p>ZINOK \u2013 s\u00edran zino\u010dnat\u00fd v BIO kvalite.<\/p>\n<p><strong>Zinok\u00a0<\/strong>je \u017eivina, ktor\u00e1 zohr\u00e1va mnoho d\u00f4le\u017eit\u00fdch \u00faloh vo va\u0161om tele. Ke\u010f\u017ee\u00a0<strong>na\u0161e telo prirodzene neprodukuje zinok, mus\u00edme ho z\u00edskava\u0165 prostredn\u00edctvom potravy alebo doplnkov.<\/strong><\/p>\n<p><strong>Zinok<\/strong>\u00a0je \u017eivotne d\u00f4le\u017eit\u00fd miner\u00e1l, ktor\u00fd va\u0161e telo vyu\u017e\u00edva nespo\u010detn\u00fdmi sp\u00f4sobmi.\u00a0<strong>V\u00a0skuto\u010dnosti je zinok druh\u00fdm najhojnej\u0161\u00edm stopov\u00fdm miner\u00e1lom vo va\u0161om tele<\/strong>\u00a0\u2013 po \u017eeleze \u2013 a\u00a0je pr\u00edtomn\u00fd v\u00a0ka\u017edej bunke.<\/p>\n<p><strong>Zinok je d\u00f4le\u017eit\u00fd pre aktivitu viac ako 300 enz\u00fdmov<\/strong>, ktor\u00e9 pom\u00e1haj\u00fa pri metabolizme, tr\u00e1ven\u00ed, nervovej funkcii a\u00a0\u010fal\u0161\u00edch in\u00fdch procesoch. Okrem toho, je stra\u0161ne d\u00f4le\u017eit\u00fd pre v\u00fdvoj a\u00a0<strong>funkciu imunitn\u00fdch buniek.<\/strong>\u00a0Tento miner\u00e1l je tie\u017e z\u00e1sadn\u00fd pre zdravie poko\u017eky, synt\u00e9zu DNA a\u00a0produkciu bielkov\u00edn.<\/p>\n<p><em><strong>DVOJN\u00c1SOBN\u00dd OBJEM OPROTI BE\u017dNE PON\u00daKAN\u00ddM PRODUKTOM, ALE NEPOROVNATE\u013dNEJ BIO KVALITY.<\/strong><\/em><\/p>\n<p>Objem:\u00a0<strong>100 ml<\/strong><\/p>\n","protected":false},"featured_media":1032,"comment_status":"open","ping_status":"closed","template":"","meta":[],"product_cat":[44],"product_tag":[],"class_list":{"0":"post-1031","1":"product","2":"type-product","3":"status-publish","4":"has-post-thumbnail","6":"product_cat-nervova-sustava","8":"first","9":"instock","10":"taxable","11":"shipping-taxable","12":"purchasable","13":"product-type-simple"},"_links":{"self":[{"href":"https:\/\/www.partnerland.sk\/index.php?rest_route=\/wp\/v2\/product\/1031","targetHints":{"allow":["GET"]}}],"collection":[{"href":"https:\/\/www.partnerland.sk\/index.php?rest_route=\/wp\/v2\/product"}],"about":[{"href":"https:\/\/www.partnerland.sk\/index.php?rest_route=\/wp\/v2\/types\/product"}],"replies":[{"embeddable":true,"href":"https:\/\/www.partnerland.sk\/index.php?rest_route=%2Fwp%2Fv2%2Fcomments&post=1031"}],"wp:featuredmedia":[{"embeddable":true,"href":"https:\/\/www.partnerland.sk\/index.php?rest_route=\/wp\/v2\/media\/1032"}],"wp:attachment":[{"href":"https:\/\/www.partnerland.sk\/index.php?rest_route=%2Fwp%2Fv2%2Fmedia&parent=1031"}],"wp:term":[{"taxonomy":"product_cat","embeddable":true,"href":"https:\/\/www.partnerland.sk\/index.php?rest_route=%2Fwp%2Fv2%2Fproduct_cat&post=1031"},{"taxonomy":"product_tag","embeddable":true,"href":"https:\/\/www.partnerland.sk\/index.php?rest_route=%2Fwp%2Fv2%2Fproduct_tag&post=1031"}],"curies":[{"name":"wp","href":"https:\/\/api.w.org\/{rel}","templated":true}]}}