{"id":1027,"date":"2022-10-28T06:44:18","date_gmt":"2022-10-28T06:44:18","guid":{"rendered":"https:\/\/www.partnerland.sk\/?post_type=product&#038;p=1027"},"modified":"2022-10-28T06:44:18","modified_gmt":"2022-10-28T06:44:18","slug":"vitamineral-green-prasok","status":"publish","type":"product","link":"https:\/\/www.partnerland.sk\/?product=vitamineral-green-prasok","title":{"rendered":"Vitamineral Green pr\u00e1\u0161ok"},"content":{"rendered":"<p>Balenie: 500g<\/p>\n<p><strong>Vitamineral Green\u2122 pr\u00e1\u0161ok<\/strong>\u00a0je zelen\u00e1 potravina, obsahuj\u00faca ve\u013emi \u00fa\u010dinn\u00e9, vstrebate\u013en\u00e9 a komplexn\u00e9 l\u00e1tky \u00faplne pr\u00edrodn\u00e9ho p\u00f4vodu.\u00a0Obsahuje iba pr\u00edrodn\u00e9 l\u00e1tky.\u00a0Pri pestovan\u00ed zelen\u00fdch rastl\u00edn, obsiahnut\u00fdch v tomto produkte, neboli pou\u017eit\u00e9 \u017eiadne pestic\u00eddy ani in\u00e9 agrochemik\u00e1lie.<\/p>\n<p>Ka\u017ed\u00e1 pr\u00edsada, vr\u00e1tane sp\u00f4sobu jej pestovania a spracovania, je terapeutick\u00e1.\u00a0Ide o mimoriadne \u00fa\u010dinn\u00fa a komplexn\u00fd rad najv\u00fd\u017eivnej\u0161ie a pre\u010dis\u0165uj\u00face pr\u00edrodn\u00e9 super-stravy (superfood), ktor\u00e1 sa pestuje a spracov\u00e1va tak\u00fdm sp\u00f4sobom, aby \u00fa\u017eitok, ktor\u00fd poskytuje, bol maxim\u00e1lny.<\/p>\n<p><strong>ZLO\u017dENIE<\/strong><\/p>\n<p><strong>Z krajiny:<\/strong><\/p>\n<ul>\n<li><strong>\u017eih\u013eava<\/strong>\u00a0(list): prospe\u0161n\u00e1 zdravie vylu\u010dovacej s\u00fastavy a prostaty, m\u00e1 antioxida\u010dn\u00e9 \u00fa\u010dinky, prispieva k zlep\u0161eniu imunity a krvi, mikrobiotick\u00fd efekt, prispieva k zdrav\u00fdm k\u013abov<\/li>\n<li><strong>prasli\u010dka:<\/strong>\u00a0zlep\u0161uje \u010dinnos\u0165 obli\u010diek a uchov\u00e1va ich optim\u00e1lne fungovanie a zdravie, napom\u00e1ha zdravie vlasov, nechtov i pleti, pom\u00e1ha k remineraliz\u00e1cii organizmu, zni\u017euje mo\u017enos\u0165 \u013eadvinov\u00fdch kame\u0148ov<\/li>\n<li><strong>z\u00e1zvor:<\/strong>\u00a0podporuje tr\u00e1venie, prispieva k norm\u00e1lnej funkcii \u010drevn\u00e9ho traktu, prispieva k norm\u00e1lnej \u010dinnosti \u017eal\u00fadka v prvom trimestri tehotenstva, prispieva k zlep\u0161eniu cestovnej nevo\u013enosti, napom\u00e1ha k odolnosti vo\u010di zdraviu ohrozuj\u00facich mikroorganizmov<\/li>\n<li><strong>p\u00fapava:<\/strong>\u00a0podporuje zdravie tr\u00e1viaceho a vylu\u010dovacieho traktu, prispieva k zdraviu pe\u010dene, pom\u00e1ha pri metabolizme tukov, pom\u00e1ha zv\u00fd\u0161i\u0165 objem zdrav\u00e9 prsn\u00e9ho tkaniva<\/li>\n<li><strong>ja\u010dme\u0148, ovsen\u00e1 stebl\u00e1, p\u0161eni\u010dn\u00e9 kl\u00ed\u010dky:<\/strong>\u00a0pomoc pri udr\u017eiavan\u00ed zdrav\u00e9ho kardiovaskul\u00e1rneho syst\u00e9mu, \u0161irok\u00e9 spektrum vitam\u00ednov a miner\u00e1lov<\/li>\n<li>bazalka, moringa, Yacon, nopal kaktus, hviezdica, lucerna, brokolica, \u0161pen\u00e1tov\u00e1 \u0161\u0165ava, petr\u017elen, rohovn\u00edk<\/li>\n<\/ul>\n<p><strong>Z vody:<\/strong><\/p>\n<ul>\n<li><strong>spirulina:<\/strong>\u00a0vysok\u00fd podiel bielkov\u00edn, obsahuje aminokyseliny, je obsiahnut\u00e9 \u0161irok\u00e9 spektrum vitam\u00ednu B, obsahuje \u0161irok\u00e9 spektrum vitam\u00ednov, m\u00e1 antioxida\u010dn\u00e9 a protiz\u00e1palov\u00e9 \u00fa\u010dinky, obsahuje chlorofyl, vysok\u00fd obsah v\u00e1pnika a \u017eeleza<\/li>\n<li><strong>chlorella:<\/strong>\u00a0pom\u00e1ha zv\u00fd\u0161i\u0165 vitalitu tela a energiu organizmu, podporuje prospe\u0161n\u00fa \u010drevn\u00fa mikrofl\u00f3ru a upokojuje sliznice tr\u00e1viaceho traktu, priazniv\u00e9 \u00fa\u010dinky pri chronick\u00fdch z\u00e1pchach, \u010distenie organizmu a napom\u00e1ha k odstr\u00e1neniu \u0161kodliv\u00fdch l\u00e1tok a \u0165a\u017ek\u00fdch kovov z tela, pom\u00e1ha posil\u0148ova\u0165 imunitn\u00fd syst\u00e9m, stimuluje optim\u00e1lnu hladinu cholesterolu<\/li>\n<\/ul>\n<p><strong>Z mora:<\/strong><\/p>\n<ul>\n<li><strong>islandskej riasy:<\/strong>\u00a0podporuje tr\u00e1venie, prispieva k norm\u00e1lnej funkcii tr\u00e1viaceho traktu<\/li>\n<li>riasa nori, ALARIO, bladderwrack<\/li>\n<\/ul>\n<p><strong>Enz\u00fdmy:<\/strong><\/p>\n<ul>\n<li><strong>prote\u00e1za, amyl\u00e1za, lip\u00e1za, celul\u00f3za, alfa-glykosid\u00e1za:<\/strong>\u00a0podporuj\u00fa zdrav\u00e9 tr\u00e1venie, pom\u00e1haj\u00fa absorbova\u0165 telu potrebn\u00e9 miner\u00e1ly, d\u00f4le\u017eit\u00e9 pre jedincov pravidelne konzumuj\u00faci potravu bohat\u00fa na tuky a cukry<\/li>\n<li><strong>bromelain:<\/strong>\u00a0prispieva k norm\u00e1lnej funkcii imunitn\u00e9ho syst\u00e9mu, podporuje zdravie ciev<\/li>\n<li><strong>papa\u00edn:<\/strong>\u00a0podporuje norm\u00e1lnu funkciu imunity a obranyschopnos\u0165<\/li>\n<\/ul>\n<p>Ukladajte mimo dosahu det\u00ed. Skladujte na tmavom a suchom mieste. Neprekra\u010dujte odpor\u00fa\u010dan\u00fa denn\u00fa d\u00e1vku. Nie je n\u00e1hradou pestrej stravy. Nie je vhodn\u00e9 pre deti do 3 rokov, tehotn\u00e9 a doj\u010diace \u017eeny.<\/p>\n","protected":false},"excerpt":{"rendered":"<p>Zelen\u00e1 potravina, obsahuj\u00faca ve\u013emi \u00fa\u010dinn\u00e9, vstrebate\u013en\u00e9 a komplexn\u00e9 l\u00e1tky \u00faplne pr\u00edrodn\u00e9ho p\u00f4vodu. Obsahuje iba pr\u00edrodn\u00e9 l\u00e1tky, pri ktor\u00fdch pestovan\u00ed neboli pou\u017eit\u00e9 \u017eiadne pestic\u00eddy ani in\u00e9 agrochemik\u00e1lie.<\/p>\n","protected":false},"featured_media":1028,"comment_status":"open","ping_status":"closed","template":"","meta":[],"product_cat":[20],"product_tag":[],"class_list":{"0":"post-1027","1":"product","2":"type-product","3":"status-publish","4":"has-post-thumbnail","6":"product_cat-zdrava-vyziva","8":"first","9":"instock","10":"taxable","11":"shipping-taxable","12":"purchasable","13":"product-type-simple"},"_links":{"self":[{"href":"https:\/\/www.partnerland.sk\/index.php?rest_route=\/wp\/v2\/product\/1027","targetHints":{"allow":["GET"]}}],"collection":[{"href":"https:\/\/www.partnerland.sk\/index.php?rest_route=\/wp\/v2\/product"}],"about":[{"href":"https:\/\/www.partnerland.sk\/index.php?rest_route=\/wp\/v2\/types\/product"}],"replies":[{"embeddable":true,"href":"https:\/\/www.partnerland.sk\/index.php?rest_route=%2Fwp%2Fv2%2Fcomments&post=1027"}],"wp:featuredmedia":[{"embeddable":true,"href":"https:\/\/www.partnerland.sk\/index.php?rest_route=\/wp\/v2\/media\/1028"}],"wp:attachment":[{"href":"https:\/\/www.partnerland.sk\/index.php?rest_route=%2Fwp%2Fv2%2Fmedia&parent=1027"}],"wp:term":[{"taxonomy":"product_cat","embeddable":true,"href":"https:\/\/www.partnerland.sk\/index.php?rest_route=%2Fwp%2Fv2%2Fproduct_cat&post=1027"},{"taxonomy":"product_tag","embeddable":true,"href":"https:\/\/www.partnerland.sk\/index.php?rest_route=%2Fwp%2Fv2%2Fproduct_tag&post=1027"}],"curies":[{"name":"wp","href":"https:\/\/api.w.org\/{rel}","templated":true}]}}