{"id":1025,"date":"2022-10-28T06:42:05","date_gmt":"2022-10-28T06:42:05","guid":{"rendered":"https:\/\/www.partnerland.sk\/?post_type=product&#038;p=1025"},"modified":"2022-10-28T06:42:05","modified_gmt":"2022-10-28T06:42:05","slug":"vitamin-mineral-rush","status":"publish","type":"product","link":"https:\/\/www.partnerland.sk\/?product=vitamin-mineral-rush","title":{"rendered":"Vitam\u00edn Mineral Rush"},"content":{"rendered":"<p>Balenie: 236,5 ml<\/p>\n<p><strong>Vitam\u00edn Mineral Rush<\/strong>\u00a0s\u00fa vitam\u00edny a miner\u00e1ly vo forme koloidn\u00e9ho roztoku.\u00a0Je vyroben\u00fd z pr\u00edrodn\u00fdch rastlinn\u00fdch zdrojov a neobsahuje \u017eiadne umel\u00e9 l\u00e1tky.\u00a0Tieto pr\u00edrodn\u00e9 zlo\u017eky prich\u00e1dzaj\u00fa vo forme plnej rastlinn\u00fdch \u017eiv\u00edn, ako je kyselina fulvinov\u00e1, ktor\u00e1 napom\u00e1ha miner\u00e1lnemu komplexu r\u00fdchlemu vstrebaniu a transportu do buniek, kde je to potrebn\u00e9.\u00a0Preto je naz\u00fdvan\u00fd \u201erush\u201c \u2013 r\u00fdchly pr\u00edval.<\/p>\n<p>Je tvoren\u00fd pr\u00edrodn\u00fdmi bio pestovan\u00fdmi alebo divo rast\u00facimi rastlinami.\u00a0Tieto pr\u00edrodn\u00e9 zdroje sa zmie\u0161aj\u00fa, aby vytvorili ide\u00e1lne \u010disto pr\u00edrodn\u00fd \u010derstv\u00fd super potravinov\u00fd doplnok.\u00a0Mocn\u00fd komplex vitam\u00ednu B dop\u013a\u0148a cel\u00e9 spektrum miner\u00e1lov a \u010fal\u0161\u00edch nevyhnutn\u00fdch vitam\u00ednov pre lep\u0161\u00ed \u017eivot.<\/p>\n<p><strong>Hlavn\u00e9 prospe\u0161n\u00e9 l\u00e1tky:<\/strong><\/p>\n<ul>\n<li><strong>vitam\u00edn A:<\/strong>\u00a0je nevyhnutn\u00fd pre spr\u00e1vny rast kost\u00ed a zubov a spr\u00e1vnu funkciu imunitn\u00e9ho syst\u00e9mu, je d\u00f4le\u017eit\u00fd pre dobr\u00fd zrak, antioxida\u010dn\u00e9 \u00fa\u010dinky<\/li>\n<li><strong>spektrum vitam\u00ednu B:<\/strong>\u00a0napom\u00e1haj\u00fa k spr\u00e1vnej \u010dinnosti nervovej s\u00fastavy, d\u00f4le\u017eit\u00e9 pre metabolick\u00e9 procesy v tele<\/li>\n<li><strong>vitam\u00edn C:<\/strong>\u00a0antioxida\u010dn\u00e9 \u00fa\u010dinky ochra\u0148uj\u00faci bunky v tele, priaznivo prispieva k zdraviu kardiovaskul\u00e1rneho syst\u00e9mu, pom\u00e1ha k spr\u00e1vnej pr\u00e1ci nervov\u00e9ho syst\u00e9mu, napom\u00e1ha pri rekonvalescencii, podporuje imunitn\u00fd syst\u00e9m a stavbu a udr\u017eiavanie zdrav\u00fdch kost\u00ed, zubov, chrupaviek, \u010fasien a ko\u017ee, je nevyhnutn\u00fd pre energetick\u00fd metabolizmus a transform\u00e1ciu potravy v energiu, prispieva k absorpcii \u017eeleza z potravy<\/li>\n<li><strong>vitam\u00edn D:<\/strong>\u00a0je nevyhnutn\u00fd pre \u0161trukt\u00faru kost\u00ed a ich zdravie, napom\u00e1ha ukladanie v\u00e1pnika v kostiach, je d\u00f4le\u017eit\u00fd pre spr\u00e1vne funguj\u00faci imunitn\u00fd syst\u00e9m, pom\u00e1ha budova\u0165 a udr\u017eovaz siln\u00e9 svaly, podporuje svalov\u00fa funkciu pri starnut\u00ed<\/li>\n<li><strong>vitam\u00edn E:<\/strong>\u00a0prispieva k spr\u00e1vnej funkcii imunitn\u00e9ho syst\u00e9mu a zvy\u0161uje obranyschopnos\u0165, aktivuje energetick\u00fd metabolizmus, pom\u00e1ha pri spr\u00e1ve hmotnosti, zvy\u0161uje \u00fa\u010dinnos\u0165 vitam\u00ednu C, antioxida\u010dn\u00e9 \u00fa\u010dinky<\/li>\n<\/ul>\n<p><strong>Zlo\u017eenie:<\/strong>\u00a0obsahuje miner\u00e1ly a prvky v stopov\u00fdch mno\u017estv\u00e1ch vr\u00e1tane: b\u00e1ria, bizmutu, b\u00f3ru, bromidu, v\u00e1pnika, uhl\u00edka, c\u00e9zia, chr\u00f3mu, kobaltu, medi, eur\u00f3pia, gadol\u00ednia, g\u00e1lia, germ\u00e1nia, l\u00edtia, luthenia, hor\u010d\u00edka, molybd\u00e9nu, neod\u00fdmia, niklu , niobia, dus\u00edka, kysl\u00edka, pal\u00e1dia, fosforu, platiny, drasl\u00edka, praseodymia, r\u00e9nia, rub\u00eddia, samania, skandia, sel\u00e9nu, krem\u00edka, striebra, sod\u00edka, stroncia, s\u00edry, tantalu, tel\u00faru, terbia, Tulia, c\u00ednu, titania, volfr\u00e1mu , van\u00e1dia, ytria, zinku a zirk\u00f3nia.<\/p>\n<p><strong>\u010eal\u0161ie pr\u00edsady:<\/strong>\u00a0\u010disten\u00e1 voda, sladidlo steviol-glykozid z rastliny st\u00e9via<\/p>\n<p><strong>Pou\u017eitie:<\/strong>\u00a0chu\u0165 je sp\u00e1jan\u00e1 so sladen\u00fdm \u010dajom.\u00a0Je skvel\u00fd s vodou alebo s ak\u00fdmko\u013evek sladk\u00fdm n\u00e1pojom.\u00a0Sk\u00faste prida\u0165 trochu citr\u00f3nu alebo limetky pre v\u00fdrobu \u013eahk\u00e9ho, osvie\u017euj\u00faceho, citrusov\u00e9ho n\u00e1poja, bohat\u00e9ho na vitam\u00edny a miner\u00e1ly.<\/p>\n<p><strong>Po\u010det d\u00e1vok v balen\u00ed:<\/strong>\u00a024 (236,5 ml)<\/p>\n<p>Bez chemik\u00e1li\u00ed, v\u00fdpln\u00ed, s\u00f3je, lepku alebo umel\u00fdch l\u00e1tok.<\/p>\n<p>Ukladajte mimo dosahu det\u00ed.\u00a0Skladujte na chladnom, temnom a suchom mieste.\u00a0Neprekra\u010dujte denn\u00fa doporu\u010den\u00fa d\u00e1vku.\u00a0Nie je n\u00e1hradou pestrej stravy.\u00a0Nie je ur\u010den\u00e9 de\u0165om do 3 rokov, tehotn\u00fdm a doj\u010diacim \u017een\u00e1m.<\/p>\n","protected":false},"excerpt":{"rendered":"<p>Je tvoren\u00fd pr\u00edrodn\u00fdmi bio pestovan\u00fdmi alebo divo rast\u00facimi rastlinami. Tieto pr\u00edrodn\u00e9 zdroje sa zmie\u0161aj\u00fa, aby vytvorili ide\u00e1lne \u010disto pr\u00edrodn\u00fd \u010derstv\u00fd super potravinov\u00fd doplnok.<\/p>\n","protected":false},"featured_media":1026,"comment_status":"open","ping_status":"closed","template":"","meta":[],"product_cat":[34],"product_tag":[],"class_list":{"0":"post-1025","1":"product","2":"type-product","3":"status-publish","4":"has-post-thumbnail","6":"product_cat-vitaminy","8":"first","9":"instock","10":"taxable","11":"shipping-taxable","12":"purchasable","13":"product-type-simple"},"_links":{"self":[{"href":"https:\/\/www.partnerland.sk\/index.php?rest_route=\/wp\/v2\/product\/1025","targetHints":{"allow":["GET"]}}],"collection":[{"href":"https:\/\/www.partnerland.sk\/index.php?rest_route=\/wp\/v2\/product"}],"about":[{"href":"https:\/\/www.partnerland.sk\/index.php?rest_route=\/wp\/v2\/types\/product"}],"replies":[{"embeddable":true,"href":"https:\/\/www.partnerland.sk\/index.php?rest_route=%2Fwp%2Fv2%2Fcomments&post=1025"}],"wp:featuredmedia":[{"embeddable":true,"href":"https:\/\/www.partnerland.sk\/index.php?rest_route=\/wp\/v2\/media\/1026"}],"wp:attachment":[{"href":"https:\/\/www.partnerland.sk\/index.php?rest_route=%2Fwp%2Fv2%2Fmedia&parent=1025"}],"wp:term":[{"taxonomy":"product_cat","embeddable":true,"href":"https:\/\/www.partnerland.sk\/index.php?rest_route=%2Fwp%2Fv2%2Fproduct_cat&post=1025"},{"taxonomy":"product_tag","embeddable":true,"href":"https:\/\/www.partnerland.sk\/index.php?rest_route=%2Fwp%2Fv2%2Fproduct_tag&post=1025"}],"curies":[{"name":"wp","href":"https:\/\/api.w.org\/{rel}","templated":true}]}}