{"id":1019,"date":"2022-10-28T06:35:13","date_gmt":"2022-10-28T06:35:13","guid":{"rendered":"https:\/\/www.partnerland.sk\/?post_type=product&#038;p=1019"},"modified":"2022-10-28T06:35:13","modified_gmt":"2022-10-28T06:35:13","slug":"vitamin-b-komplex","status":"publish","type":"product","link":"https:\/\/www.partnerland.sk\/?product=vitamin-b-komplex","title":{"rendered":"Vitam\u00edn B-komplex"},"content":{"rendered":"<p>Balenie: 58 ml<\/p>\n<p><strong>Vitam\u00edn B-komplex<\/strong>\u00a0je prirodzen\u00fdm zdrojom vitam\u00ednov skupiny B, a to v\u010faka medzin\u00e1rodne patentovanej technol\u00f3gii tzv. Probiotick\u00e9 ferment\u00e1cii.\u00a0To znamen\u00e1, \u017ee je \u0161etrn\u00e1 pre telo a plne zachov\u00e1va \u00fa\u010dinnos\u0165 vitam\u00ednov v bio kvalite.<\/p>\n<p>Vitam\u00edny skupiny B, tzv. B-komplex aj napriek svojej \u0161trukt\u00farnu r\u00f4znorodos\u0165 prospievaj\u00fa podobn\u00fdm funkci\u00e1m v tele a vo svojich \u00fa\u010dinkoch sa dokonca skvele dop\u013a\u0148aj\u00fa \u2013 proste pracuj\u00fa ako jeden t\u00edm.<\/p>\n<p>V \u013eudskom tele s\u00fa nevyhnutn\u00e9 hlavne pre zdravie:<\/p>\n<ul>\n<li><strong>nervov\u00e9ho syst\u00e9mu,<\/strong><\/li>\n<li><strong>vlasov, ko\u017ee a nechtov,<\/strong><\/li>\n<li><strong>imunitn\u00e9ho syst\u00e9mu,<\/strong><\/li>\n<li><strong>krvn\u00e9ho syst\u00e9mu a krvotvorbu,<\/strong><\/li>\n<li><strong>psychiky ad.<\/strong><\/li>\n<\/ul>\n<p>Bez preh\u00e1\u0148ania m\u00f4\u017eeme poveda\u0165, \u017ee B-komplex udr\u017eiava cel\u00fd \u013eudsk\u00fd orgaizmus v rovnov\u00e1he.<\/p>\n<p>Samozrejme ka\u017ed\u00fd z vitam\u00ednov p\u00f4sob\u00ed trochu inak.\u00a0A okrem t\u00fdch spolo\u010dn\u00fdch m\u00e1 navy\u0161e tie\u017e svoje \u0161pecifick\u00e9 \u00fa\u010dinky, mimojin\u00e9:<\/p>\n<ul>\n<li>vitam\u00edn B1 (tiam\u00edn) je d\u00f4le\u017eit\u00fd pre srdcov\u00fa \u010dinnos\u0165,<\/li>\n<li>vitam\u00edn B2 (riboflav\u00edn) je d\u00f4le\u017eit\u00fd pre zdrav\u00e9 \u010derven\u00e9 krvinky,<\/li>\n<li>vitam\u00edn B3 (niac\u00edn) ja d\u00f4le\u017eit\u00fd pre zdrav\u00fa psychiku,<\/li>\n<li>vitam\u00edn B5 (kyselina panothenov\u00e1) prispieva k zdravej tvorbe horm\u00f3nov a vitam\u00ednu D,<\/li>\n<li>vitam\u00edn B6 (pyridox\u00edn) je d\u00f4le\u017eit\u00fd pre regul\u00e1ciu homocyste\u00ednu,<\/li>\n<li>vitam\u00edn B7 (biot\u00edn) je d\u00f4le\u017eit\u00fd pre zdrav\u00fd metabolizmus \u017eiv\u00edn a pre zdrav\u00fa ple\u0165,<\/li>\n<li>vitam\u00edn B9 (kyselina listov\u00e1) je d\u00f4le\u017eit\u00e1 pre zdrav\u00fd v\u00fdvoj plodu v tehotenstve a pre zdrav\u00fa krvotvorbu,<\/li>\n<li>vitam\u00edn B12 (kyanokolbalamin) je d\u00f4le\u017eit\u00fd pre regul\u00e1ciu hladiny homocyste\u00ednu a pre zdrav\u00fa krvotvorbu.<\/li>\n<\/ul>\n<p><strong>A ako vlastne spozn\u00e1me, \u017ee by bolo vhodn\u00e9 vitam\u00edny B doplni\u0165?<\/strong>\u00a0Ich nedostatok sa \u010dasto prejavuje<\/p>\n<ul>\n<li><strong>nadmernou \u00fanavou,<\/strong><\/li>\n<li><strong>suchos\u0165ou ko\u017ee a slizn\u00edc,<\/strong><\/li>\n<li><strong>\u010dast\u00fdmi rag\u00e1dami (k\u00fatiky), opary alebo afty<\/strong>\u00a0ad.<\/li>\n<\/ul>\n<p>O dopl\u0148ovanie vitam\u00ednov skupiny B je tie\u017e vhodn\u00e9 uva\u017eova\u0165<\/p>\n<ul>\n<li><strong>pri probl\u00e9moch s krvotvorbou<\/strong>\u00a0(najm\u00e4 u \u017eien, ktor\u00e9 ka\u017ed\u00fd mesiac \u010das\u0165 krvi str\u00e1caj\u00fa),<\/li>\n<li><strong>pri stavoch nevyv\u00e1\u017een\u00e9 \u010drevnej mikrofl\u00f3ry,<\/strong><\/li>\n<li><strong>pri di\u00e9tach,<\/strong><\/li>\n<li><strong>pri probl\u00e9moch s nervov\u00fdm syst\u00e9mom<\/strong>\u00a0ad.<\/li>\n<\/ul>\n<p>Tie\u017e\u00a0<strong>veg\u00e1ni a veg\u00e1nky<\/strong>\u00a0by si mali zv\u00e1\u017ei\u0165 pravideln\u00e9 dop\u013a\u0148anie vitam\u00ednov skupiny B. Pri naozaj n\u00edzkych hodnot\u00e1ch vitam\u00ednu B12 v krvi, je vhodn\u00e9 dop\u013a\u0148a\u0165 ho navy\u0161e priamo z \u010dist\u00e9ho pr\u00edpravku\u00a0vitam\u00edn B12\u00a0.\u00a0Ak s\u00fa va\u0161e krvn\u00e9 hodnoty v norme, je pre dlhodob\u00e9 u\u017e\u00edvanie vhodnej\u0161ie cel\u00fd B-komplex (v\u0161etky vitam\u00edny sa tak lep\u0161ie vstreb\u00e1vaj\u00fa).<\/p>\n<p>Pr\u00edpravok nie je zdrojom energie, sacharidov, bielkov\u00edn, ani tukov.<\/p>\n<p>Zlo\u017eenie: prote\u00edn z hnedej ry\u017ee, 5\u2032-ribonukleotid, beta\u00edn bezvodn\u00fd, N-acetyl L-cyste\u00edn, s\u00edran hore\u010dnat\u00fd, s\u00edran manganat\u00fd; fermentuje v probiotick\u00e9 kult\u00fare.<\/p>\n<p>\u010eal\u0161ie zlo\u017eky: \u010disten\u00e1 voda, organick\u00fd alkohol, organick\u00e1 melasa, koncentr\u00e1t miner\u00e1lov z mora, hyrogenfosfore\u010dnan v\u00e1penat\u00fd<\/p>\n<p>* Referen\u010dn\u00fd pr\u00edjem<\/p>\n<p>Ukladajte mimo dosahu det\u00ed. skladujte na chladnom, temnom a suchom mieste. Neprekra\u010dujte denn\u00fa d\u00e1vku. Nie je n\u00e1hradou pestrej stravy. Nie je ur\u010den\u00e9 de\u0165om do 3 rokov, tehotn\u00fdm a doj\u010diacim \u017een\u00e1m.<\/p>\n<p>Minim\u00e1lna trvanlivos\u0165 2 roky od d\u00e1tumu v\u00fdroby: d\u00e1tum v\u00fdroby je uveden\u00e9 na f\u013ea\u0161ti\u010dke vo form\u00e1te napr: Lot # 160322 (16 = rok, 03 = mesiac, 22 = de\u0148) \u2013 trvanlivos\u0165 je teda do 22.3.2018.<\/p>\n","protected":false},"excerpt":{"rendered":"<div class=\"elementor-element elementor-element-2233f09 elementor-widget elementor-widget-woocommerce-product-short-description\" data-id=\"2233f09\" data-element_type=\"widget\" data-widget_type=\"woocommerce-product-short-description.default\">\n<div class=\"elementor-widget-container\">\n<div class=\"woocommerce-product-details__short-description\">\n<p>Vitam\u00edn B je v \u013eudskom tele nevyhnutn\u00fd najm\u00e4 pre zdravie nervov\u00e9ho syst\u00e9mu, vlasov, ko\u017ee, nechtov, imunitn\u00e9ho syst\u00e9mu, krvn\u00e9ho syst\u00e9mu, psychiky,..<\/p>\n<\/div>\n<\/div>\n<\/div>\n<div class=\"elementor-element elementor-element-c865f88 elementor-widget elementor-widget-woocommerce-product-price\" data-id=\"c865f88\" data-element_type=\"widget\" data-widget_type=\"woocommerce-product-price.default\">\n<div class=\"elementor-widget-container\"><\/div>\n<\/div>\n","protected":false},"featured_media":1020,"comment_status":"open","ping_status":"closed","template":"","meta":[],"product_cat":[43],"product_tag":[],"class_list":{"0":"post-1019","1":"product","2":"type-product","3":"status-publish","4":"has-post-thumbnail","6":"product_cat-vlasy","8":"first","9":"instock","10":"taxable","11":"shipping-taxable","12":"purchasable","13":"product-type-simple"},"_links":{"self":[{"href":"https:\/\/www.partnerland.sk\/index.php?rest_route=\/wp\/v2\/product\/1019","targetHints":{"allow":["GET"]}}],"collection":[{"href":"https:\/\/www.partnerland.sk\/index.php?rest_route=\/wp\/v2\/product"}],"about":[{"href":"https:\/\/www.partnerland.sk\/index.php?rest_route=\/wp\/v2\/types\/product"}],"replies":[{"embeddable":true,"href":"https:\/\/www.partnerland.sk\/index.php?rest_route=%2Fwp%2Fv2%2Fcomments&post=1019"}],"wp:featuredmedia":[{"embeddable":true,"href":"https:\/\/www.partnerland.sk\/index.php?rest_route=\/wp\/v2\/media\/1020"}],"wp:attachment":[{"href":"https:\/\/www.partnerland.sk\/index.php?rest_route=%2Fwp%2Fv2%2Fmedia&parent=1019"}],"wp:term":[{"taxonomy":"product_cat","embeddable":true,"href":"https:\/\/www.partnerland.sk\/index.php?rest_route=%2Fwp%2Fv2%2Fproduct_cat&post=1019"},{"taxonomy":"product_tag","embeddable":true,"href":"https:\/\/www.partnerland.sk\/index.php?rest_route=%2Fwp%2Fv2%2Fproduct_tag&post=1019"}],"curies":[{"name":"wp","href":"https:\/\/api.w.org\/{rel}","templated":true}]}}