{"id":1017,"date":"2022-10-28T06:32:44","date_gmt":"2022-10-28T06:32:44","guid":{"rendered":"https:\/\/www.partnerland.sk\/?post_type=product&#038;p=1017"},"modified":"2022-11-24T09:58:56","modified_gmt":"2022-11-24T09:58:56","slug":"stelkor-zakladna-sada","status":"publish","type":"product","link":"https:\/\/www.partnerland.sk\/?product=stelkor-zakladna-sada","title":{"rendered":"STELKOR \u2013 Z\u00e1kladn\u00e1 sada"},"content":{"rendered":"<p>Probiotik\u00e1 Stelkor a Deprekan s\u00fa absol\u00fatne ne\u0161kodn\u00e9 a m\u00f4\u017eu ich u\u017e\u00edva\u0165 \u013eudia v\u0161etk\u00fdch vekov\u00fdch kateg\u00f3ri\u00ed.<\/p>\n","protected":false},"excerpt":{"rendered":"<div class=\"product-detail-short-descr\">Z\u00e1kladn\u00e1 udr\u017eiavacia sada \u21d2\u00a02x\u00a0<strong>Stelkor (60 tabliet)<\/strong>, 1x\u00a0<strong>Deprekan (80 tabliet)<\/strong><strong>.<\/strong><\/div>\n<div id=\"short-description\" class=\"product-detail-short-descr\">T\u00fato sadu doporu\u010dujeme pre udr\u017eanie efektu z\u00edskan\u00e9ho po\u00a0Intenz\u00edvnej\u00a0alebo\u00a0Komplexnej\u00a0sade.<br \/>\nPom\u00f4\u017eete t\u00fdm svojmu telu by\u0165 v\u017edy v dobrej kond\u00edcii.<\/div>\n<div class=\"product-detail-short-descr\">Odpor\u00fa\u010dame t\u00fato sadu opakova\u0165 2-3 kr\u00e1t ro\u010dne<\/div>\n","protected":false},"featured_media":1018,"comment_status":"open","ping_status":"closed","template":"","meta":[],"product_cat":[46,24,25],"product_tag":[],"class_list":{"0":"post-1017","1":"product","2":"type-product","3":"status-publish","4":"has-post-thumbnail","6":"product_cat-mocove-cesty","7":"product_cat-unava","8":"product_cat-vycerpanie","10":"first","11":"instock","12":"taxable","13":"shipping-taxable","14":"purchasable","15":"product-type-simple"},"_links":{"self":[{"href":"https:\/\/www.partnerland.sk\/index.php?rest_route=\/wp\/v2\/product\/1017","targetHints":{"allow":["GET"]}}],"collection":[{"href":"https:\/\/www.partnerland.sk\/index.php?rest_route=\/wp\/v2\/product"}],"about":[{"href":"https:\/\/www.partnerland.sk\/index.php?rest_route=\/wp\/v2\/types\/product"}],"replies":[{"embeddable":true,"href":"https:\/\/www.partnerland.sk\/index.php?rest_route=%2Fwp%2Fv2%2Fcomments&post=1017"}],"wp:featuredmedia":[{"embeddable":true,"href":"https:\/\/www.partnerland.sk\/index.php?rest_route=\/wp\/v2\/media\/1018"}],"wp:attachment":[{"href":"https:\/\/www.partnerland.sk\/index.php?rest_route=%2Fwp%2Fv2%2Fmedia&parent=1017"}],"wp:term":[{"taxonomy":"product_cat","embeddable":true,"href":"https:\/\/www.partnerland.sk\/index.php?rest_route=%2Fwp%2Fv2%2Fproduct_cat&post=1017"},{"taxonomy":"product_tag","embeddable":true,"href":"https:\/\/www.partnerland.sk\/index.php?rest_route=%2Fwp%2Fv2%2Fproduct_tag&post=1017"}],"curies":[{"name":"wp","href":"https:\/\/api.w.org\/{rel}","templated":true}]}}