{"id":1015,"date":"2022-10-28T06:30:42","date_gmt":"2022-10-28T06:30:42","guid":{"rendered":"https:\/\/www.partnerland.sk\/?post_type=product&#038;p=1015"},"modified":"2022-11-24T10:01:04","modified_gmt":"2022-11-24T10:01:04","slug":"stelkor-komplexna-sada","status":"publish","type":"product","link":"https:\/\/www.partnerland.sk\/?product=stelkor-komplexna-sada","title":{"rendered":"STELKOR \u2013 Komplexn\u00e1 sada"},"content":{"rendered":"<p>V\u010faka gluk\u00f3ze v\u00a0\u00a0<strong>Stelkore<\/strong><strong>\u00a0<\/strong>\u00a0sa bakt\u00e9rie za\u010d\u00ednaj\u00fa akt\u00edvne mno\u017ei\u0165 u\u017e v \u00fastach.\u00a0V\u00a0<strong>Deprekane\u00a0<\/strong>sa lakt\u00f3za za\u010d\u00edna rozp\u00fa\u0161\u0165a\u0165 v tenkom \u010dreve a tam sa tie\u017e aktivuj\u00fa bakt\u00e9rie.<strong>\u00a0<\/strong><\/p>\n<p>Bakt\u00e9rie\u00a0Bacillus\u00a0subtilis a licheniformis\u00a0uvo\u013e\u0148uj\u00fa ve\u013ek\u00e9 mno\u017estvo tr\u00e1viacich enz\u00fdmov, ktor\u00e9 podporuj\u00fa tr\u00e1venie potravy v tele.<\/p>\n<p><em><strong>Pod\u013ea s\u00fa\u010dasnej legislat\u00edvy u byliniek a bylinn\u00fdch produktov nesmieme uv\u00e1dza\u0165 podrobnej\u0161ie inform\u00e1cie, ktor\u00e9 by mohli vzbudi\u0165 dojem zdravotn\u00e9ho \u00fa\u010dinku.<\/strong><\/em><\/p>\n","protected":false},"excerpt":{"rendered":"<p>Ve\u013emi ob\u013e\u00faben\u00e1 sada medzi z\u00e1kazn\u00edkmi \u21d2\u00a02x\u00a0<strong>Stelkor pr\u00e1\u0161ok 100g<\/strong>\u00a0, 2x\u00a0<strong>Deprekan (80 tabliet)<\/strong><\/p>\n<p>Pom\u00e1ha rie\u0161i\u0165 r\u00f4zne\u00a0<strong>chronick\u00e9 z\u00e1paly<\/strong>\u00a0vo svaloch, k\u013aboch, mo\u010dov\u00fdch cest\u00e1ch a \u010drev\u00e1ch.<br \/>\nPom\u00f4\u017ee V\u00e1m s \u013eahkos\u0165ou zvl\u00e1dnu\u0165 obdobie chr\u00edpok a prechladnut\u00ed.<br \/>\nM\u00e1 pozit\u00edvny vplyv na obnovu poko\u017eky pri probl\u00e9m ako akn\u00e9, ekz\u00e9my, pop\u00e1leniny, at\u010f.<br \/>\nR\u00fdchlo a bezpe\u010dne pom\u00e1ha organizmu vylu\u010dova\u0165 toxick\u00e9 l\u00e1tky po otrave.<strong>Spolo\u010dn\u00e9 u\u017e\u00edvanie Stelkoru a Deprekanu prin\u00e1\u0161a najlep\u0161\u00ed efekt.<\/strong><\/p>\n","protected":false},"featured_media":1016,"comment_status":"open","ping_status":"closed","template":"","meta":[],"product_cat":[46,24,25],"product_tag":[],"class_list":{"0":"post-1015","1":"product","2":"type-product","3":"status-publish","4":"has-post-thumbnail","6":"product_cat-mocove-cesty","7":"product_cat-unava","8":"product_cat-vycerpanie","10":"first","11":"instock","12":"taxable","13":"shipping-taxable","14":"purchasable","15":"product-type-simple"},"_links":{"self":[{"href":"https:\/\/www.partnerland.sk\/index.php?rest_route=\/wp\/v2\/product\/1015","targetHints":{"allow":["GET"]}}],"collection":[{"href":"https:\/\/www.partnerland.sk\/index.php?rest_route=\/wp\/v2\/product"}],"about":[{"href":"https:\/\/www.partnerland.sk\/index.php?rest_route=\/wp\/v2\/types\/product"}],"replies":[{"embeddable":true,"href":"https:\/\/www.partnerland.sk\/index.php?rest_route=%2Fwp%2Fv2%2Fcomments&post=1015"}],"wp:featuredmedia":[{"embeddable":true,"href":"https:\/\/www.partnerland.sk\/index.php?rest_route=\/wp\/v2\/media\/1016"}],"wp:attachment":[{"href":"https:\/\/www.partnerland.sk\/index.php?rest_route=%2Fwp%2Fv2%2Fmedia&parent=1015"}],"wp:term":[{"taxonomy":"product_cat","embeddable":true,"href":"https:\/\/www.partnerland.sk\/index.php?rest_route=%2Fwp%2Fv2%2Fproduct_cat&post=1015"},{"taxonomy":"product_tag","embeddable":true,"href":"https:\/\/www.partnerland.sk\/index.php?rest_route=%2Fwp%2Fv2%2Fproduct_tag&post=1015"}],"curies":[{"name":"wp","href":"https:\/\/api.w.org\/{rel}","templated":true}]}}