{"id":1010,"date":"2022-10-28T06:26:13","date_gmt":"2022-10-28T06:26:13","guid":{"rendered":"https:\/\/www.partnerland.sk\/?post_type=product&#038;p=1010"},"modified":"2022-10-28T06:26:13","modified_gmt":"2022-10-28T06:26:13","slug":"spirulina-platensis","status":"publish","type":"product","link":"https:\/\/www.partnerland.sk\/?product=spirulina-platensis","title":{"rendered":"Spirulina Platensis"},"content":{"rendered":"<p>Balenie: 200g<\/p>\n<p><strong>SPIRULINA PLATENSIS<\/strong><\/p>\n<p>Najob\u013e\u00fabenej\u0161ia odroda Spiruliny, ktor\u00e1 je pre svoje zdraviu prospe\u0161n\u00e9 vlastnosti zn\u00e1ma u\u017e viac ako 40 rokov po celom svete.<\/p>\n<p>\u201eNa\u0161a Spirulina platensis je silne alkalick\u00e1 a starostlivo sme ju vyberali asi jeden a pol roka, k\u00fdm sme na trhu na\u0161li kvalitu, ktor\u00e1 by zodpovedala vysokej kvalite a \u010distote. To sa n\u00e1m naozaj podarilo. O jej \u00fa\u010dinkoch sa m\u00f4\u017ete osobne presved\u010di\u0165\u201c.<\/p>\n<p>Spirulina je zdrojom v\u0161etk\u00fdch \u00f4smich esenci\u00e1lnych aminokysel\u00edn. Tie s\u00fa, spolu so zodpovedaj\u00facim mno\u017estvom dus\u00edka, nevyhnutn\u00e9 pre spr\u00e1vny proces synt\u00e9zy zvy\u0161n\u00fdch prote\u00ednov aminokysel\u00edn. Prote\u00edn nach\u00e1dzaj\u00faci sa v Spiruline je absorbovan\u00fd \u013eudsk\u00fdm telom na 85-95 %, \u010do ju zara\u010fuje k najbohat\u0161\u00edm a najkomplexnej\u0161\u00edm zdrojom pr\u00edrodnej v\u00fd\u017eivy. Bune\u010dn\u00e1 stena Spiruliny neobsahuje celul\u00f3zu, preto je \u013eahko str\u00e1vite\u013en\u00e1 a v nej obsiahnut\u00e9 aminokyseliny s\u00fa absorbovan\u00e9 organizmom takmer okam\u017eite.<\/p>\n<p><strong>100 % \u010dist\u00e1 Spirulina platensis:<\/strong><\/p>\n<ul>\n<li>a\u017e o 10 kr\u00e1t viac chlorofylu ako obsahuje zelen\u00e1 zelenina, dokonale \u010dist\u00ed krv a napom\u00e1ha produkova\u0165 \u010derven\u00e9 krvinky,<\/li>\n<li>pom\u00e1ha pri transporte kysl\u00edka do v\u0161etk\u00fdch buniek a tkan\u00edv organizmu,<\/li>\n<li>zabezpe\u010duje znate\u013en\u00fd n\u00e1rast energie a je impulzom pre telo, aby produkovalo svoju vlastn\u00fa energiu a z\u00e1rove\u0148 prispieva k zlep\u0161eniu sily a vytrvalosti,<\/li>\n<li>podporuje imunitn\u00fd syst\u00e9m a za\u017e\u00edvacie \u00fastrojenstvo,<\/li>\n<li>je obrovskou podporou pre na\u0161e srdce, pe\u010de\u0148 a obli\u010dky,<\/li>\n<li>prirodzene \u010dist\u00ed telo od toxick\u00fdch l\u00e1tok a in\u00fdch zne\u010dis\u0165uj\u00facich l\u00e1tok, ktor\u00e9 m\u00f4\u017eu by\u0165 pr\u00ed\u010dinou mnoh\u00fdch chor\u00f4b,<\/li>\n<li>pravideln\u00e1 konzum\u00e1cia Spiruliny potl\u00e1\u010da chu\u0165 do jedla v\u010faka fenylalan\u00ednu, tak\u017ee sa dokonale hod\u00ed do ka\u017edej di\u00e9ty na chudnutie,<\/li>\n<\/ul>\n<p>Spirulina Platensis sa pestuje v chr\u00e1nenom biologickom priestore, bez pou\u017eitia herbic\u00eddov a pestic\u00eddov, neobsahuje geneticky modifikovan\u00e9 organizmy (GMO). Poskytuje n\u00e1m obrovsk\u00fa \u0161k\u00e1lu zdravotn\u00fdch v\u00fdhod, takmer okam\u017eite po jedle, av\u0161ak je potrebn\u00e9 nieko\u013eko dn\u00ed pravideln\u00e9ho pr\u00edjmu, aby sme naplno poc\u00edtili jej \u00fa\u010dinky.<\/p>\n<p><strong>100% Spirulina platensis ekologick\u00e9ho po\u013enohospod\u00e1rstva vo forme stla\u010den\u00fdch 255 mg tablety.<\/strong><\/p>\n<p>Spirulina je jedna z najstar\u0161\u00edch foriem \u017eivota na Zemi. Je prirodzen\u00e1, modro-zelen\u00e1 riasa, ktor\u00e1 rastie prirodzene, bez nutnosti pou\u017eitia organick\u00fdch hnoj\u00edv poch\u00e1dzaj\u00facich z in\u00fdch rastl\u00edn alebo \u017eivo\u010d\u00edchov. Odborn\u00edci hovoria, \u017ee Spirulina hr\u00e1 ve\u013ek\u00fa \u00falohu pri v\u00fdrobe kysl\u00edka v atmosf\u00e9re.<\/p>\n<p>Spirulina obsahuje a\u017e 60-70% prote\u00ednu (podstatne viac ako hov\u00e4dzie m\u00e4so, kuracie m\u00e4so, s\u00f3jov\u00e9 b\u00f4by), 8 exog\u00e9nne a endog\u00e9nne desa\u0165 aminokysel\u00edn, vysokej hladiny kyseliny gama-linol\u00e9novej (GLA), beta-karot\u00e9n, kyselina linolov\u00e1, arachidonov\u00e1 kyselina, vitam\u00edn B12, \u017eeleza, v\u00e1pnika, fosforu, a nukleov\u00e9 kyseliny, DNA a RNA. Je ve\u013emi bohat\u00e1 na chlorofyl a phycocyaninu, a tie\u017e obsahuje \u0161peci\u00e1lny prote\u00ednov\u00fd komplex prote\u00edn, ktor\u00fd sa vyskytuje iba v \u0161trukt\u00farach sin\u00edc.<\/p>\n<p>Spirulina n\u00e1m poskytuje obrovsk\u00e9 mno\u017estvo zdravotn\u00fdch v\u00fdhod takmer okam\u017eite po jeho po\u017eit\u00ed. Potrebuje nieko\u013eko dn\u00ed pravideln\u00e9ho pr\u00edjmu, aby naplno prejavila svoje \u00fa\u010dinky.<\/p>\n<p><strong>Spirulina je pr\u00edrodn\u00fdm zdrojom vyv\u00e1\u017eenej bielkov\u00edn<br \/>\n<\/strong>Prote\u00edny s\u00fa z\u00e1kladn\u00e9 stavebn\u00e9 kamene \u017eivota ako hlavn\u00e9 zlo\u017eky v Spiruline a s\u00fa k\u013e\u00fa\u010dom k podpore vynikaj\u00faceho zdravia a pohody organizmu. Prote\u00edny s\u00fa tvoren\u00e9 z aminokysel\u00edn spojen\u00fdch peptidov\u00fdmi v\u00e4zbami, s\u00fa nevyhnutn\u00e9 pre spr\u00e1vnu tvorbu kostnej hmoty a prev\u00e1dzku svalov. Bielkoviny s\u00fa tie\u017e zodpovedn\u00e9 za udr\u017eiavanie primeranej \u00farovne inzul\u00ednu v krvi, s\u00fa zapojen\u00e9 do transportu miner\u00e1lov a \u010fal\u0161\u00edch \u017eiv\u00edn z\u00e1sadn\u00e9 pre n\u00e1s. Z 22 aminokysel\u00edn tvoriacich prote\u00edny, osem z nich naz\u00fdvan\u00e9 \u201eexog\u00e9nny\u201c \u2013 plnia ve\u013emi d\u00f4le\u017eit\u00fa funkciu v na\u0161om tele. Tieto aminokyseliny musia by\u0165 dod\u00e1van\u00e9 s potravinami do \u013eudsk\u00e9ho tela, preto\u017ee zviera nem\u00e1 schopnos\u0165 syntetizova\u0165 tieto zl\u00fa\u010deniny od in\u00fdch zlo\u017eiek, alebo sa syntetizuje v mno\u017estve nedostato\u010dnom pre na\u0161e potreby. Spirulina je zdrojom v\u0161etk\u00fdch \u00f4smich esenci\u00e1lnych aminokysel\u00edn. Prote\u00edn n\u00e1jden\u00fd v Spiruline je absorbovan\u00fd \u013eudsk\u00fdm telom v 85-95%, \u010do je jeden z najbohat\u0161\u00edch a najkomplexnej\u0161\u00edch pr\u00edrodn\u00fdch zdrojov potrav\u00edn. Bunkov\u00e1 stena Spiruliny neobsahuje celul\u00f3zu, je \u013eahko str\u00e1vite\u013en\u00e1 a aminokyseliny v nej obsiahnut\u00e9 s\u00fa absorbovan\u00e9 v tele takmer okam\u017eite.<\/p>\n<p><strong>Spirulina dokonale \u010dist\u00ed krv<\/strong><br \/>\nSpirulina je ve\u013emi bohat\u00e1 na chlorofyl, obsahuje 10 kr\u00e1t viac ne\u017e v\u0161etky zeleniny, a to v\u010faka dokonale vy\u010disten\u00fd \u013eudskej krvi. Chlorofyl obsiahnut\u00e9 v tomto mno\u017estve podporuje tvorbu \u010derven\u00fdch krviniek, \u010dist\u00ed telo od ne\u017eiaducich produktov metabolizmu, upravuje \u010dreva a je tie\u017e zdrojom \u013eahko vstrebate\u013enej forme hor\u010d\u00edka. T\u00e1to kombin\u00e1cia sa ukazuje ako ve\u013emi u\u017eito\u010dn\u00e1 pri transporte kysl\u00edka do v\u0161etk\u00fdch buniek a tkan\u00edv tela. Tieto pr\u00edrodn\u00e9 l\u00e1tky sp\u00f4sobuj\u00fa zv\u00fd\u0161enie po\u010dtu bielych krvn\u00fdch buniek. Na rozdiel od toho polysacharidy pr\u00edtomn\u00e9 v Spiruline maj\u00fa vynikaj\u00faci \u00fa\u010dinok na zlep\u0161enie funk\u010dnosti kostnej drene (stimuluj\u00fa produkciu kme\u0148ov\u00fdch buniek v kostnej dreni), t\u00fdmusu a sleziny.<\/p>\n<p><strong>Spirulina V\u00e1m d\u00e1va pocit n\u00e1valu energie<\/strong><br \/>\nTo d\u00e1va podnet telu k vlastnej v\u00fdrobe energie a z\u00e1rove\u0148 prispieva k zlep\u0161eniu sily a vytrvalosti tela, rovnako ako zn\u00ed\u017eenie \u00fanavy.<\/p>\n<p><strong>Spirulina je podpora imunitn\u00e9ho syst\u00e9mu<\/strong><br \/>\nSpirulina podporuje imunitn\u00fd syst\u00e9m, je obrovsk\u00e1 podpora pre n\u00e1\u0161ho srdca, pe\u010dene a obli\u010diek.<\/p>\n<p><strong>Spirulina \u010dist\u00ed telo<\/strong><br \/>\nPrirodzene \u010dist\u00ed telo od toxick\u00fdch l\u00e1tok a in\u00fdch zne\u010dis\u0165uj\u00facich l\u00e1tok, ktor\u00e9 m\u00f4\u017eu sp\u00f4sobi\u0165 ve\u013ea chor\u00f4b, kyslos\u0165 a zr\u00fdchli\u0165 krvn\u00fd obeh.<\/p>\n<p><strong>Spirulina podporuje tr\u00e1viaci syst\u00e9m<\/strong><br \/>\nPravideln\u00e1 konzum\u00e1cia Spiruliny potl\u00e1\u010da chu\u0165 do jedla v d\u00f4sledku pr\u00edtomnosti fenylalan\u00ednu. Pom\u00e1ha tie\u017e zlep\u0161i\u0165 fungovanie tr\u00e1viaceho syst\u00e9mu.<\/p>\n<p><strong>Spirulina chr\u00e1ni pred vo\u013en\u00fdmi radik\u00e1lmi<\/strong><br \/>\nSpirulina m\u00e1 ve\u013emi siln\u00e9 antioxida\u010dn\u00e9 \u00fa\u010dinky, navracia telo do pr\u00edslu\u0161n\u00e9ho pH, \u010do m\u00e1 za n\u00e1sledok prirodzenou cestou a bez pou\u017eitia chemick\u00fdch l\u00e1tok, zn\u00ed\u017ei\u0165 z\u00e1pal vyskytuj\u00face organizmus.<\/p>\n<p><strong>Spirulina je super jedlo<\/strong><br \/>\nSpirulina m\u00e1 ove\u013ea vy\u0161\u0161\u00ed obsah hlavn\u00fdch \u017eiv\u00edn ako in\u00e9 produkty tohto typu. Pestuje sa v ochrannom biologickej oblasti, bez pou\u017eitia herbic\u00eddov a pestic\u00eddov, neobsahuje \u017eiadne geneticky modifikovan\u00e9 (GMO), ktor\u00fd je tie\u017e ide\u00e1lnym miestom pre veg\u00e1nov.<\/p>\n","protected":false},"excerpt":{"rendered":"<p>Na\u0161a Spirulina je vysokej kvality a SILNE alkalick\u00e1. Spirulina n\u00e1m poskytuje obrovsk\u00e9 mno\u017estvo zdravotn\u00fdch v\u00fdhod takmer okam\u017eite po jej po\u017eit\u00ed.<\/p>\n","protected":false},"featured_media":1011,"comment_status":"open","ping_status":"closed","template":"","meta":[],"product_cat":[31],"product_tag":[],"class_list":{"0":"post-1010","1":"product","2":"type-product","3":"status-publish","4":"has-post-thumbnail","6":"product_cat-proti-starnutiu","8":"first","9":"instock","10":"taxable","11":"shipping-taxable","12":"purchasable","13":"product-type-simple"},"_links":{"self":[{"href":"https:\/\/www.partnerland.sk\/index.php?rest_route=\/wp\/v2\/product\/1010","targetHints":{"allow":["GET"]}}],"collection":[{"href":"https:\/\/www.partnerland.sk\/index.php?rest_route=\/wp\/v2\/product"}],"about":[{"href":"https:\/\/www.partnerland.sk\/index.php?rest_route=\/wp\/v2\/types\/product"}],"replies":[{"embeddable":true,"href":"https:\/\/www.partnerland.sk\/index.php?rest_route=%2Fwp%2Fv2%2Fcomments&post=1010"}],"wp:featuredmedia":[{"embeddable":true,"href":"https:\/\/www.partnerland.sk\/index.php?rest_route=\/wp\/v2\/media\/1011"}],"wp:attachment":[{"href":"https:\/\/www.partnerland.sk\/index.php?rest_route=%2Fwp%2Fv2%2Fmedia&parent=1010"}],"wp:term":[{"taxonomy":"product_cat","embeddable":true,"href":"https:\/\/www.partnerland.sk\/index.php?rest_route=%2Fwp%2Fv2%2Fproduct_cat&post=1010"},{"taxonomy":"product_tag","embeddable":true,"href":"https:\/\/www.partnerland.sk\/index.php?rest_route=%2Fwp%2Fv2%2Fproduct_tag&post=1010"}],"curies":[{"name":"wp","href":"https:\/\/api.w.org\/{rel}","templated":true}]}}