{"id":1008,"date":"2022-10-26T09:07:46","date_gmt":"2022-10-26T09:07:46","guid":{"rendered":"https:\/\/www.partnerland.sk\/?post_type=product&#038;p=1008"},"modified":"2022-10-26T09:07:46","modified_gmt":"2022-10-26T09:07:46","slug":"sibirsky-zensen","status":"publish","type":"product","link":"https:\/\/www.partnerland.sk\/?product=sibirsky-zensen","title":{"rendered":"Sib\u00edrsky \u017een\u0161en"},"content":{"rendered":"<p>Balenie: 60 kaps\u00fal \/ \u00e1 500mg<\/p>\n<p>Sib\u00edrsky \u017een\u0161en posil\u0148uje energetick\u00e9 rezervy tela, \u010do mu umo\u017e\u0148uje\u00a0 lep\u0161ie sa vyrovna\u0165 s\u00a0 psychickou a fyzickou z\u00e1\u0165a\u017eou.<\/p>\n<p>Sib\u00edrsky \u017een\u0161en obsahuje glukozidy zn\u00e1me ako eleuterosidy, polysacharidy glykanov\u00e9ho typu a gluk\u00f3zu, malt\u00f3zu a sachar\u00f3zu, ktor\u00e9 v\u00fdrazne dop\u013a\u0148aj\u00fa energetick\u00fa z\u00e1sobu tela. Zni\u017euje pocit \u00fanavy a preto sa \u010dasto pou\u017e\u00edva pre atl\u00e9tov, ktor\u00fdm pom\u00e1ha sa ve\u013emi r\u00fdchlo zotavi\u0165 po obdobiach intenz\u00edvneho tr\u00e9ningu. M\u00f4\u017ee sa u\u017e\u00edva\u0165 dlhodobo, bez toho, aby sp\u00f4sobil zv\u00fd\u0161enie tvorby estrog\u00e9nu a testoster\u00f3nu.<\/p>\n<p>Hlavnou zlo\u017ekou 100% pr\u00edrodn\u00e9ho produktu Sib\u00edrsky \u017een\u0161en je v\u00fd\u0165a\u017eok z kore\u0148a sib\u00edrskeho \u017een\u0161ena, ktor\u00fd sa pou\u017e\u00edva v \u00e1zijskej medic\u00edne viac ako 5000 rokov. Sib\u00edrsky \u017een\u0161en je tie\u017e zn\u00e1my pod n\u00e1zvom eleuterokok.\u00a0<strong>Existuje viacero druhov \u017een\u0161enu, no sib\u00edrsky sa pova\u017euje za naj\u00fa\u010dinnej\u0161\u00ed.<\/strong><\/p>\n<p>Pri po\u010detn\u00fdch pokusoch sa zistilo, \u017ee imunomodula\u010dn\u00e9 \u00fa\u010dinky sib\u00edrskeho \u017een\u0161enu s\u00fa d\u00f4sledkom obsahu polysacharidov s vysokou molekulovou hmotnos\u0165ou. Bolo potvrden\u00e9, \u017ee tieto polysacharidy zni\u017euj\u00fa toxick\u00e9 \u00fa\u010dinky r\u00f6ntgenov\u00e9ho \u017eiarenia na telo a maj\u00fa tie\u017e protin\u00e1dorov\u00e9 \u00fa\u010dinky.<\/p>\n<p>Sib\u00edrsky \u017een\u0161en pom\u00e1ha\u00a0<strong>zmierni\u0165 ved\u013eaj\u0161ie \u00fa\u010dinky cestovania lietadlom<\/strong>\u00a0na dlh\u00e9 vzdialenosti (p\u00e1smov\u00e1 choroba) a zmien z nadmorskej v\u00fd\u0161ky a aj prekon\u00e1va\u0165 probl\u00e9my s vysokou nadmorskou v\u00fd\u0161kou. Vy\u017eivuje \u010dchi, podporuje energiu, p\u00f4sob\u00ed ako \u201e<strong>Stimulancium<\/strong>\u201c, zvy\u0161uje vytrvalos\u0165, predl\u017euje \u017eivot, p\u00f4sob\u00ed relaxa\u010dne na nervov\u00fd syst\u00e9m, zlep\u0161uje du\u0161evn\u00fa bdelos\u0165, podporuje n\u00e1le\u017eit\u00e9 hormon\u00e1lne funkcie, zlep\u0161uje hladiny lipidov, zni\u017euje cholesterol, zlep\u0161uje rast nervov a zvy\u0161uje odolnos\u0165 vo\u010di chorob\u00e1m. Uv\u00e1dza sa, \u017ee p\u00f4sob\u00ed ako antioxidant, stimuluje imunitu, m\u00e1 psychotropn\u00e9 a protin\u00e1dorov\u00e9 \u00fa\u010dinky. Silu \u017een\u0161enu vyu\u017eije ka\u017ed\u00fd org\u00e1n v \u013eudskom tele, ak sa nach\u00e1dza v deficite. Na \u00farovni sleziny je to nechutenstvo, \u00fanava, mal\u00e1tnos\u0165 a bledos\u0165. U p\u013e\u00fac zase d\u00fdchavi\u010dnos\u0165, potenie, sm\u00e4d. Srdcu napom\u00e1ha v upokojen\u00ed sa, v\u00a0nespavosti \u00a0a zhor\u0161uj\u00facej sa dlhodobej pam\u00e4te. Do oblasti obli\u010diek spad\u00e1 \u013eakavos\u0165, strach, slab\u00e1 v\u00f4\u013ea a intelekt, impotencia a neplodnos\u0165. Naozaj skvel\u00fd to pomocn\u00edk v zdrav\u00ed i chorobe.<\/p>\n<p>Sib\u00edrsky \u017een\u0161en obsahuje \u00fa\u010dinn\u00e9 l\u00e1tky ginsenoidy,\u00a0vi\u00adtam\u00edny, silice, aminokyseliny, peptidy, glykopeptidy a polysacharidy.<\/p>\n<p>&nbsp;<\/p>\n<p><strong>Indik\u00e1cie:<\/strong><\/p>\n<p>Celkov\u00e1 slabos\u0165, nedostatok energie; niekedy sa tie\u017e uv\u00e1dza, \u017ee je u\u017eito\u010dn\u00fd pri lie\u010dbe diabetu, an\u00e9mie, n\u00e1dorov\u00fdch ochoren\u00ed, depresie, nespavosti, stresu, \u00fanavy, vysok\u00e9ho krvn\u00e9ho tlaku, n\u00e1sledkov o\u017eiarenia, vplyvov prostredia, fyzick\u00e9ho a du\u0161evn\u00e9ho stresu a chronick\u00fdch chor\u00f4b, impotencia, \u010dast\u00e9 mo\u010denie, \u00fabytok s\u00edl a sm\u00e4d, maternicov\u00e9 krv\u00e1canie mimo men\u0161tru\u00e1ciu, \u010dast\u00e9 k\u0155\u010de u det\u00ed a \u010fal\u0161ie sympt\u00f3my sp\u00f4soben\u00e9 nedostatkom \u010dchi, krvi a telesn\u00fdch tekut\u00edn.<\/p>\n<p><strong>Pou\u017eitie:<\/strong><\/p>\n<ul>\n<li><strong>k udr\u017eaniu zdrav\u00fdch kost\u00ed, vlasov, nechtov, poko\u017eky<\/strong>\u00a0a k ochrane buniek pred oxida\u010dn\u00fdm stresom,<\/li>\n<li>stimula\u010dn\u00e9 p\u00f4sobenie na centr\u00e1lny nervov\u00fd syst\u00e9m, zlep\u0161enie pozornosti, prisp\u00f4sobivosti (zn\u00ed\u017eenie vplyvu stresov\u00fdch faktorov), du\u0161evnej v\u00fdkonnosti a pam\u00e4ti,<\/li>\n<li>potla\u010denie\u00a0<strong>chronickej \u00fanavy<\/strong>, strachu, depresie a hormon\u00e1lnych por\u00fach,<\/li>\n<li>podpora srdcovej \u010dinnosti a peristatiky \u010driev,<\/li>\n<li>zni\u017eovanie\u00a0<strong>obsahu tuku<\/strong>\u00a0a\u00a0<strong>cukru<\/strong>\u00a0v\u00a0krvi,<\/li>\n<li>podpora celkovej odolnosti a ochrana pred vo\u013en\u00fdmi radik\u00e1lmi, toxick\u00fdmi l\u00e1tkami a \u0165a\u017ek\u00fdmi kovmi,<\/li>\n<li>dokonalej\u0161ie vyu\u017eitie vitam\u00ednov a miner\u00e1lnych l\u00e1tok z\u00a0potravy a\u00a0<strong>spomalenie starnutia tkan\u00edv<\/strong>,<\/li>\n<li>zlep\u0161enie\u00a0<strong>v\u00fdkonu p\u013e\u00fac<\/strong>\u00a0intenz\u00edvnej\u0161\u00edm prenosom kysl\u00edka, zv\u00fd\u0161enie fyzickej v\u00fdkonnosti a vytrvalosti (m\u00f4\u017eu ho vyu\u017e\u00edva\u0165 aj profesion\u00e1lni \u0161portovci, preto\u017ee sa pova\u017euje za rastlinu posil\u0148uj\u00facu zdravie a nie za drogu),<\/li>\n<li>zlep\u0161enie funkcie pohlavn\u00fdch org\u00e1nov a lie\u010dba impotencie,<\/li>\n<li>revitaliz\u00e1cia imunitn\u00e9ho syst\u00e9mu po\u0161koden\u00e9ho o\u017eiaren\u00edm alebo chemoterapiou pri lie\u010dbe rakoviny,<\/li>\n<li>\u010dast\u00e9 mo\u010denie, \u00fabytok s\u00edl a sm\u00e4d, maternicov\u00e9 krv\u00e1canie mimo men\u0161tru\u00e1ciu, \u010dast\u00e9 k\u0155\u010de a \u010fal\u0161ie sympt\u00f3my sp\u00f4soben\u00e9 nedostatkom \u010dchi, krvi a telesn\u00fdch tekut\u00edn.<\/li>\n<\/ul>\n<p><strong>Pre koho nie je \u017een\u0161en vhodn\u00fd?<\/strong><\/p>\n<p>Ak by ste chceli k\u00fapi\u0165 \u017den\u0161en aj svojej polovi\u010dke v\u00a0t\u00fdchto dvoch pr\u00edpadoch rad\u0161ej po\u010dkajte. Podobne pozor na\u00a0<strong>kombin\u00e1ciu \u017een\u0161enu a\u00a0niektor\u00fdch liekov<\/strong>, najm\u00e4 tak\u00fdch, ktor\u00e9 beriete dlhodobo a\u00a0na neurologick\u00e9 \u010di kardiovaskul\u00e1rne probl\u00e9my \u2013 tu sa pora\u010fte rad\u0161ej s\u00a0lek\u00e1rom. Negat\u00edvne \u00fa\u010dinky sa m\u00f4\u017eu dostavi\u0165 aj v\u00a0pr\u00edpade, \u017ee \u017een\u0161en skombinujete s\u00a0n\u00e1pojmi, ktor\u00e9\u00a0<strong>obsahuj\u00fa kofe\u00edn<\/strong>, napr\u00edklad s\u00a0k\u00e1vou, \u010dajom alebo guaranou.<\/p>\n<p>Nevhodn\u00e9 pre deti. Tehotn\u00e9 a doj\u010diace \u017eeny by sa mali o u\u017e\u00edvan\u00ed pr\u00edpravku poradi\u0165 s lek\u00e1rom. Osob\u00e1m s hypertenziou a s ak\u00fatnou infekciou sa neodpor\u00fa\u010da u\u017e\u00edvanie doplnku. Uchov\u00e1vajte pri teplote 15 \u00b0C \u2013 25 \u00b0C, mimo dosah mal\u00fdch det\u00ed. Ustanoven\u00e1 odpor\u00fa\u010dan\u00e1 denn\u00e1 d\u00e1vka sa nesmie presiahnu\u0165. V\u00fd\u017eivov\u00fd doplnok sa nesmie pou\u017e\u00edva\u0165 ako n\u00e1hrada rozmanitej stravy.<\/p>\n","protected":false},"excerpt":{"rendered":"<p>Sib\u00edrsky \u017een\u0161en je pr\u00edrodn\u00fd rastlinn\u00fd extrakt. Pou\u017e\u00edva sa u\u017e po st\u00e1ro\u010dia na zachovanie telesnej a du\u0161evnej rovnov\u00e1hy v organizme, pom\u00e1ha zvy\u0161ova\u0165 vitalitu, posil\u0148uje v\u00fddr\u017e a celkov\u00fa fyzick\u00fa kond\u00edciu, posil\u0148uje imunitu, priaznivo ovplyv\u0148uje stres a potl\u00e1\u010da \u00fanavu.<\/p>\n","protected":false},"featured_media":1009,"comment_status":"open","ping_status":"closed","template":"","meta":[],"product_cat":[32],"product_tag":[],"class_list":{"0":"post-1008","1":"product","2":"type-product","3":"status-publish","4":"has-post-thumbnail","6":"product_cat-imunita","8":"first","9":"instock","10":"taxable","11":"shipping-taxable","12":"purchasable","13":"product-type-simple"},"_links":{"self":[{"href":"https:\/\/www.partnerland.sk\/index.php?rest_route=\/wp\/v2\/product\/1008","targetHints":{"allow":["GET"]}}],"collection":[{"href":"https:\/\/www.partnerland.sk\/index.php?rest_route=\/wp\/v2\/product"}],"about":[{"href":"https:\/\/www.partnerland.sk\/index.php?rest_route=\/wp\/v2\/types\/product"}],"replies":[{"embeddable":true,"href":"https:\/\/www.partnerland.sk\/index.php?rest_route=%2Fwp%2Fv2%2Fcomments&post=1008"}],"wp:featuredmedia":[{"embeddable":true,"href":"https:\/\/www.partnerland.sk\/index.php?rest_route=\/wp\/v2\/media\/1009"}],"wp:attachment":[{"href":"https:\/\/www.partnerland.sk\/index.php?rest_route=%2Fwp%2Fv2%2Fmedia&parent=1008"}],"wp:term":[{"taxonomy":"product_cat","embeddable":true,"href":"https:\/\/www.partnerland.sk\/index.php?rest_route=%2Fwp%2Fv2%2Fproduct_cat&post=1008"},{"taxonomy":"product_tag","embeddable":true,"href":"https:\/\/www.partnerland.sk\/index.php?rest_route=%2Fwp%2Fv2%2Fproduct_tag&post=1008"}],"curies":[{"name":"wp","href":"https:\/\/api.w.org\/{rel}","templated":true}]}}